{"id":121526,"date":"2024-04-04T03:19:07","date_gmt":"2024-04-04T00:19:07","guid":{"rendered":"https:\/\/exlibris.ee\/toode\/tea-rahvasonaraamat-inglise-vene-%d0%b0%d0%bd%d0%b3%d0%bb%d0%be-%d1%80%d1%83%d1%81%d1%81%d0%ba%d0%b8%d0%b9\/"},"modified":"2026-04-12T15:29:30","modified_gmt":"2026-04-12T12:29:30","slug":"tea-rahvasonaraamat-inglise-vene-%d0%b0%d0%bd%d0%b3%d0%bb%d0%be-%d1%80%d1%83%d1%81%d1%81%d0%ba%d0%b8%d0%b9","status":"publish","type":"product","link":"https:\/\/exlibris.ee\/en\/product\/tea-rahvasonaraamat-inglise-vene-%d0%b0%d0%bd%d0%b3%d0%bb%d0%be-%d1%80%d1%83%d1%81%d1%81%d0%ba%d0%b8%d0%b9\/","title":{"rendered":"TEA rahvas\u00f5naraamat. Inglise-vene \/ \u0410\u043d\u0433\u043b\u043e\u2013\u0440\u0443\u0441\u0441\u043a\u0438\u0439"},"content":{"rendered":"<p>TEA inglise-vene rahvas\u00f5nasraamat on unikaalne nii sisult kui ka vormilt. S\u00f5na t\u00e4hendust aitavad kiiresti m\u00f5ista ning meelde j\u00e4tta hoolikalt valitud v\u00e4ljendid ja n\u00e4itelaused.<\/p>\n","protected":false},"excerpt":{"rendered":"<p>TEA inglise-vene rahvas\u00f5nasraamat on unikaalne nii sisult kui ka vormilt. S\u00f5na t\u00e4hendust aitavad kiiresti m\u00f5ista ning meelde j\u00e4tta hoolikalt valitud v\u00e4ljendid ja n\u00e4itelaused.<\/p>\n","protected":false},"featured_media":121508,"template":"","meta":{"_acf_changed":false,"inline_featured_image":false},"product_brand":[],"product_cat":[58],"product_tag":[],"series":[{"id":2290,"name":"TEA rahvas\u00f5naraamat","slug":"tea-rahvasonaraamat"}],"publisher":[{"id":692,"name":"TEA","slug":"tea"}],"class_list":{"0":"post-121526","1":"product","2":"type-product","3":"status-publish","4":"has-post-thumbnail","6":"product_cat-dictionaries-and-references","7":"series-tea-rahvasonaraamat","8":"publisher-tea","10":"first","11":"instock","12":"taxable","13":"shipping-taxable","14":"purchasable","15":"product-type-simple"},"acf":[],"_links":{"self":[{"href":"https:\/\/exlibris.ee\/en\/wp-json\/wp\/v2\/product\/121526","targetHints":{"allow":["GET"]}}],"collection":[{"href":"https:\/\/exlibris.ee\/en\/wp-json\/wp\/v2\/product"}],"about":[{"href":"https:\/\/exlibris.ee\/en\/wp-json\/wp\/v2\/types\/product"}],"wp:featuredmedia":[{"embeddable":true,"href":"https:\/\/exlibris.ee\/en\/wp-json\/wp\/v2\/media\/121508"}],"wp:attachment":[{"href":"https:\/\/exlibris.ee\/en\/wp-json\/wp\/v2\/media?parent=121526"}],"wp:term":[{"taxonomy":"product_brand","embeddable":true,"href":"https:\/\/exlibris.ee\/en\/wp-json\/wp\/v2\/product_brand?post=121526"},{"taxonomy":"product_cat","embeddable":true,"href":"https:\/\/exlibris.ee\/en\/wp-json\/wp\/v2\/product_cat?post=121526"},{"taxonomy":"product_tag","embeddable":true,"href":"https:\/\/exlibris.ee\/en\/wp-json\/wp\/v2\/product_tag?post=121526"},{"taxonomy":"series","embeddable":true,"href":"https:\/\/exlibris.ee\/en\/wp-json\/wp\/v2\/series?post=121526"},{"taxonomy":"publisher","embeddable":true,"href":"https:\/\/exlibris.ee\/en\/wp-json\/wp\/v2\/publisher?post=121526"}],"curies":[{"name":"wp","href":"https:\/\/api.w.org\/{rel}","templated":true}]}}