{"id":121527,"date":"2024-04-04T03:19:07","date_gmt":"2024-04-04T00:19:07","guid":{"rendered":"https:\/\/exlibris.ee\/toode\/luhendiraamat\/"},"modified":"2026-04-24T05:45:37","modified_gmt":"2026-04-24T02:45:37","slug":"luhendiraamat","status":"publish","type":"product","link":"https:\/\/exlibris.ee\/en\/product\/luhendiraamat\/","title":{"rendered":"L\u00fchendiraamat"},"content":{"rendered":"<p>\u00dcle 11 000 l\u00fchendit ja t\u00e4hise. Kasulik k\u00e4siraamat igale t\u00f5lkijale, ajakirjanikule, toimetajale, \u00f5petajale ja \u00f5ppurile.<br \/>\nL\u00fchendiraamatust leiate:<br \/>\n\u2013 \u00fcldkasutatavaid eesti, inglise, ladina, prantsuse, saksa ja soome l\u00fchendeid;<br \/>\n\u2013 organisatsioonide ja asutuste, sealhulgas Euroopa Liidu, \u00dcRO ja NATOga seonduvaid l\u00fchendeid;<br \/>\n\u2013 ilmakaarte, keelte, riikide, seaduste, keemiliste elementide, matemaatiliste m\u00f5istete ja m\u00f5\u00f5t\u00fchikute t\u00e4hiseid.<\/p>\n<p>Martin Ollisaar on l\u00f5petanud 1958. aastal Tartu \u00fclikooli soome-ugri keelte erialal. T\u00f6\u00f6tanud \u00f5petajana, t\u00f5lkijana ja keeletoimetajana (toimetanud mitmeid \u00f5pikuid, \u201eEesti ents\u00fcklopeediat\u201d jt teatmeteoseid). Avaldanud \u201eV\u00e4ikese l\u00fchendiraamatu\u201d (1980).<\/p>\n","protected":false},"excerpt":{"rendered":"<p>\u00dcle 11 000 l\u00fchendit ja t\u00e4hise. Kasulik k\u00e4siraamat igale t\u00f5lkijale, ajakirjanikule, toimetajale, \u00f5petajale ja \u00f5ppurile. L\u00fchendiraamatust leiate: \u2013 \u00fcldkasutatavaid eesti, inglise, ladina, prantsuse, saksa ja soome l\u00fchendeid; \u2013 organisatsioonide ja asutuste, sealhulgas Euroopa Liidu, \u00dcRO ja NATOga seonduvaid l\u00fchendeid; \u2013&#8230;<\/p>\n","protected":false},"featured_media":121481,"template":"","meta":{"_acf_changed":false,"inline_featured_image":false},"product_brand":[],"product_cat":[686],"product_tag":[],"series":[],"publisher":[{"id":2174,"name":"Valgus","slug":"valgus"}],"class_list":{"0":"post-121527","1":"product","2":"type-product","3":"status-publish","4":"has-post-thumbnail","6":"product_cat-sonastikud-ja-vestmikud","7":"publisher-valgus","9":"first","10":"instock","11":"taxable","12":"shipping-taxable","13":"purchasable","14":"product-type-simple"},"acf":[],"_links":{"self":[{"href":"https:\/\/exlibris.ee\/en\/wp-json\/wp\/v2\/product\/121527","targetHints":{"allow":["GET"]}}],"collection":[{"href":"https:\/\/exlibris.ee\/en\/wp-json\/wp\/v2\/product"}],"about":[{"href":"https:\/\/exlibris.ee\/en\/wp-json\/wp\/v2\/types\/product"}],"wp:featuredmedia":[{"embeddable":true,"href":"https:\/\/exlibris.ee\/en\/wp-json\/wp\/v2\/media\/121481"}],"wp:attachment":[{"href":"https:\/\/exlibris.ee\/en\/wp-json\/wp\/v2\/media?parent=121527"}],"wp:term":[{"taxonomy":"product_brand","embeddable":true,"href":"https:\/\/exlibris.ee\/en\/wp-json\/wp\/v2\/product_brand?post=121527"},{"taxonomy":"product_cat","embeddable":true,"href":"https:\/\/exlibris.ee\/en\/wp-json\/wp\/v2\/product_cat?post=121527"},{"taxonomy":"product_tag","embeddable":true,"href":"https:\/\/exlibris.ee\/en\/wp-json\/wp\/v2\/product_tag?post=121527"},{"taxonomy":"series","embeddable":true,"href":"https:\/\/exlibris.ee\/en\/wp-json\/wp\/v2\/series?post=121527"},{"taxonomy":"publisher","embeddable":true,"href":"https:\/\/exlibris.ee\/en\/wp-json\/wp\/v2\/publisher?post=121527"}],"curies":[{"name":"wp","href":"https:\/\/api.w.org\/{rel}","templated":true}]}}