{"id":128036,"date":"2024-04-20T03:33:47","date_gmt":"2024-04-20T00:33:47","guid":{"rendered":"https:\/\/exlibris.ee\/toode\/lenni-y-tallin\/"},"modified":"2026-04-22T15:46:41","modified_gmt":"2026-04-22T12:46:41","slug":"lenni-y-tallin","status":"publish","type":"product","link":"https:\/\/exlibris.ee\/en\/product\/lenni-y-tallin\/","title":{"rendered":"Lenni y Tallin"},"content":{"rendered":"<p>Lenni y Tallin.<br \/>\nEl gorri\u00f3n Lenni narra sus historias sobre los lugares m\u012fs famosos de Tallin. Comienza con la fundaci\u00f3n de la fortaleza de Toompea y termina con el Monumento a la Victoria. En el libro hay un poco de historia y leyendas un poco de actualidad y de humor.<br \/>\nOska Kirjastus<\/p>\n","protected":false},"excerpt":{"rendered":"<p>Lenni y Tallin. El gorri\u00f3n Lenni narra sus historias sobre los lugares m\u012fs famosos de Tallin. Comienza con la fundaci\u00f3n de la fortaleza de Toompea y termina con el Monumento a la Victoria. En el libro hay un poco de&#8230;<\/p>\n","protected":false},"featured_media":126934,"template":"","meta":{"_acf_changed":false,"inline_featured_image":false},"product_brand":[],"product_cat":[2413],"product_tag":[],"series":[],"publisher":[],"class_list":{"0":"post-128036","1":"product","2":"type-product","3":"status-publish","4":"has-post-thumbnail","6":"product_cat-rlas-muud","8":"first","9":"instock","10":"taxable","11":"shipping-taxable","12":"purchasable","13":"product-type-simple"},"acf":[],"_links":{"self":[{"href":"https:\/\/exlibris.ee\/en\/wp-json\/wp\/v2\/product\/128036","targetHints":{"allow":["GET"]}}],"collection":[{"href":"https:\/\/exlibris.ee\/en\/wp-json\/wp\/v2\/product"}],"about":[{"href":"https:\/\/exlibris.ee\/en\/wp-json\/wp\/v2\/types\/product"}],"wp:featuredmedia":[{"embeddable":true,"href":"https:\/\/exlibris.ee\/en\/wp-json\/wp\/v2\/media\/126934"}],"wp:attachment":[{"href":"https:\/\/exlibris.ee\/en\/wp-json\/wp\/v2\/media?parent=128036"}],"wp:term":[{"taxonomy":"product_brand","embeddable":true,"href":"https:\/\/exlibris.ee\/en\/wp-json\/wp\/v2\/product_brand?post=128036"},{"taxonomy":"product_cat","embeddable":true,"href":"https:\/\/exlibris.ee\/en\/wp-json\/wp\/v2\/product_cat?post=128036"},{"taxonomy":"product_tag","embeddable":true,"href":"https:\/\/exlibris.ee\/en\/wp-json\/wp\/v2\/product_tag?post=128036"},{"taxonomy":"series","embeddable":true,"href":"https:\/\/exlibris.ee\/en\/wp-json\/wp\/v2\/series?post=128036"},{"taxonomy":"publisher","embeddable":true,"href":"https:\/\/exlibris.ee\/en\/wp-json\/wp\/v2\/publisher?post=128036"}],"curies":[{"name":"wp","href":"https:\/\/api.w.org\/{rel}","templated":true}]}}