{"id":130304,"date":"2024-05-02T01:09:09","date_gmt":"2024-05-01T22:09:09","guid":{"rendered":"https:\/\/exlibris.ee\/toode\/der-grosse-duden-worterbuch-und-leitfaden-der-deutchen-rechtschreibung\/"},"modified":"2026-04-12T17:26:03","modified_gmt":"2026-04-12T14:26:03","slug":"der-grosse-duden-worterbuch-und-leitfaden-der-deutchen-rechtschreibung","status":"publish","type":"product","link":"https:\/\/exlibris.ee\/en\/product\/der-grosse-duden-worterbuch-und-leitfaden-der-deutchen-rechtschreibung\/","title":{"rendered":"Der Grosse Duden. W\u00f6rterbuch und Leitfaden der deutchen Rechtschreibung"},"content":{"rendered":"<p>Mit einem Anhang: Vorschriften f\u00fcr den Schriftsatz, Korrekturvorschriften, Hinweise f\u00fcr das Maschinenschreiben<\/p>\n","protected":false},"excerpt":{"rendered":"<p>Mit einem Anhang: Vorschriften f\u00fcr den Schriftsatz, Korrekturvorschriften, Hinweise f\u00fcr das Maschinenschreiben<\/p>\n","protected":false},"featured_media":125431,"template":"","meta":{"_acf_changed":false,"inline_featured_image":false},"product_brand":[],"product_cat":[2393],"product_tag":[],"series":[],"publisher":[{"id":2730,"name":"VEB Bibliographisches Institut Leipzig","slug":"veb-bibliographisches-institut-leipzig"}],"class_list":{"0":"post-130304","1":"product","2":"type-product","3":"status-publish","4":"has-post-thumbnail","6":"product_cat-tk-muud","7":"publisher-veb-bibliographisches-institut-leipzig","9":"first","10":"instock","11":"taxable","12":"shipping-taxable","13":"purchasable","14":"product-type-simple"},"acf":[],"_links":{"self":[{"href":"https:\/\/exlibris.ee\/en\/wp-json\/wp\/v2\/product\/130304","targetHints":{"allow":["GET"]}}],"collection":[{"href":"https:\/\/exlibris.ee\/en\/wp-json\/wp\/v2\/product"}],"about":[{"href":"https:\/\/exlibris.ee\/en\/wp-json\/wp\/v2\/types\/product"}],"wp:featuredmedia":[{"embeddable":true,"href":"https:\/\/exlibris.ee\/en\/wp-json\/wp\/v2\/media\/125431"}],"wp:attachment":[{"href":"https:\/\/exlibris.ee\/en\/wp-json\/wp\/v2\/media?parent=130304"}],"wp:term":[{"taxonomy":"product_brand","embeddable":true,"href":"https:\/\/exlibris.ee\/en\/wp-json\/wp\/v2\/product_brand?post=130304"},{"taxonomy":"product_cat","embeddable":true,"href":"https:\/\/exlibris.ee\/en\/wp-json\/wp\/v2\/product_cat?post=130304"},{"taxonomy":"product_tag","embeddable":true,"href":"https:\/\/exlibris.ee\/en\/wp-json\/wp\/v2\/product_tag?post=130304"},{"taxonomy":"series","embeddable":true,"href":"https:\/\/exlibris.ee\/en\/wp-json\/wp\/v2\/series?post=130304"},{"taxonomy":"publisher","embeddable":true,"href":"https:\/\/exlibris.ee\/en\/wp-json\/wp\/v2\/publisher?post=130304"}],"curies":[{"name":"wp","href":"https:\/\/api.w.org\/{rel}","templated":true}]}}