{"id":130345,"date":"2024-05-02T05:23:40","date_gmt":"2024-05-02T02:23:40","guid":{"rendered":"https:\/\/exlibris.ee\/toode\/korrektne-tooleping\/"},"modified":"2026-04-17T19:48:11","modified_gmt":"2026-04-17T16:48:11","slug":"korrektne-tooleping","status":"publish","type":"product","link":"https:\/\/exlibris.ee\/en\/product\/korrektne-tooleping\/","title":{"rendered":"Korrektne t\u00f6\u00f6leping"},"content":{"rendered":"<p>Puudub CD-ROM! Kommentaarid, n\u00e4idised. Muudatused t\u00f6\u00f6lepingu seaduses liitumisel Euroopa Liiduga<\/p>\n","protected":false},"excerpt":{"rendered":"<p>Puudub CD-ROM! Kommentaarid, n\u00e4idised. Muudatused t\u00f6\u00f6lepingu seaduses liitumisel Euroopa Liiduga<\/p>\n","protected":false},"featured_media":125479,"template":"","meta":{"_acf_changed":false,"inline_featured_image":false},"product_brand":[],"product_cat":[2349],"product_tag":[],"series":[],"publisher":[],"class_list":{"0":"post-130345","1":"product","2":"type-product","3":"status-publish","4":"has-post-thumbnail","6":"product_cat-tr-eesti","8":"first","9":"instock","10":"taxable","11":"shipping-taxable","12":"purchasable","13":"product-type-simple"},"acf":[],"_links":{"self":[{"href":"https:\/\/exlibris.ee\/en\/wp-json\/wp\/v2\/product\/130345","targetHints":{"allow":["GET"]}}],"collection":[{"href":"https:\/\/exlibris.ee\/en\/wp-json\/wp\/v2\/product"}],"about":[{"href":"https:\/\/exlibris.ee\/en\/wp-json\/wp\/v2\/types\/product"}],"wp:featuredmedia":[{"embeddable":true,"href":"https:\/\/exlibris.ee\/en\/wp-json\/wp\/v2\/media\/125479"}],"wp:attachment":[{"href":"https:\/\/exlibris.ee\/en\/wp-json\/wp\/v2\/media?parent=130345"}],"wp:term":[{"taxonomy":"product_brand","embeddable":true,"href":"https:\/\/exlibris.ee\/en\/wp-json\/wp\/v2\/product_brand?post=130345"},{"taxonomy":"product_cat","embeddable":true,"href":"https:\/\/exlibris.ee\/en\/wp-json\/wp\/v2\/product_cat?post=130345"},{"taxonomy":"product_tag","embeddable":true,"href":"https:\/\/exlibris.ee\/en\/wp-json\/wp\/v2\/product_tag?post=130345"},{"taxonomy":"series","embeddable":true,"href":"https:\/\/exlibris.ee\/en\/wp-json\/wp\/v2\/series?post=130345"},{"taxonomy":"publisher","embeddable":true,"href":"https:\/\/exlibris.ee\/en\/wp-json\/wp\/v2\/publisher?post=130345"}],"curies":[{"name":"wp","href":"https:\/\/api.w.org\/{rel}","templated":true}]}}