{"id":130346,"date":"2024-05-02T05:23:40","date_gmt":"2024-05-02T02:23:40","guid":{"rendered":"https:\/\/exlibris.ee\/toode\/oigus-uhiskonnas-artiklite-kogumik\/"},"modified":"2026-04-22T15:43:45","modified_gmt":"2026-04-22T12:43:45","slug":"oigus-uhiskonnas-artiklite-kogumik","status":"publish","type":"product","link":"https:\/\/exlibris.ee\/en\/product\/oigus-uhiskonnas-artiklite-kogumik\/","title":{"rendered":"\u00d5igus \u00fchiskonnas. Artiklite kogumik"},"content":{"rendered":"<p>Abistav materjal \u00f5iguse sotsioloogia omandamisel.<\/p>\n","protected":false},"excerpt":{"rendered":"<p>Abistav materjal \u00f5iguse sotsioloogia omandamisel.<\/p>\n","protected":false},"featured_media":126216,"template":"","meta":{"_acf_changed":false,"inline_featured_image":false},"product_brand":[],"product_cat":[2450],"product_tag":[],"series":[],"publisher":[{"id":2742,"name":"Avatar O\u00dc","slug":"avatar-ou"}],"class_list":{"0":"post-130346","1":"product","2":"type-product","3":"status-publish","4":"has-post-thumbnail","6":"product_cat-ruhi-eesti","7":"publisher-avatar-ou","9":"first","10":"instock","11":"taxable","12":"shipping-taxable","13":"purchasable","14":"product-type-simple"},"acf":[],"_links":{"self":[{"href":"https:\/\/exlibris.ee\/en\/wp-json\/wp\/v2\/product\/130346","targetHints":{"allow":["GET"]}}],"collection":[{"href":"https:\/\/exlibris.ee\/en\/wp-json\/wp\/v2\/product"}],"about":[{"href":"https:\/\/exlibris.ee\/en\/wp-json\/wp\/v2\/types\/product"}],"wp:featuredmedia":[{"embeddable":true,"href":"https:\/\/exlibris.ee\/en\/wp-json\/wp\/v2\/media\/126216"}],"wp:attachment":[{"href":"https:\/\/exlibris.ee\/en\/wp-json\/wp\/v2\/media?parent=130346"}],"wp:term":[{"taxonomy":"product_brand","embeddable":true,"href":"https:\/\/exlibris.ee\/en\/wp-json\/wp\/v2\/product_brand?post=130346"},{"taxonomy":"product_cat","embeddable":true,"href":"https:\/\/exlibris.ee\/en\/wp-json\/wp\/v2\/product_cat?post=130346"},{"taxonomy":"product_tag","embeddable":true,"href":"https:\/\/exlibris.ee\/en\/wp-json\/wp\/v2\/product_tag?post=130346"},{"taxonomy":"series","embeddable":true,"href":"https:\/\/exlibris.ee\/en\/wp-json\/wp\/v2\/series?post=130346"},{"taxonomy":"publisher","embeddable":true,"href":"https:\/\/exlibris.ee\/en\/wp-json\/wp\/v2\/publisher?post=130346"}],"curies":[{"name":"wp","href":"https:\/\/api.w.org\/{rel}","templated":true}]}}