{"id":130347,"date":"2024-05-02T05:23:40","date_gmt":"2024-05-02T02:23:40","guid":{"rendered":"https:\/\/exlibris.ee\/toode\/supilinn-minu-elus\/"},"modified":"2026-04-23T11:44:10","modified_gmt":"2026-04-23T08:44:10","slug":"supilinn-minu-elus","status":"publish","type":"product","link":"https:\/\/exlibris.ee\/en\/product\/supilinn-minu-elus\/","title":{"rendered":"Supilinn minu elus"},"content":{"rendered":"<p>&#8220;Supilinn minu elus&#8221; rajaneb samanimelise kirjat\u00f6\u00f6dev\u00f5istluse kaast\u00f6\u00f6del. Kogumikus on 25 erinevat lugu inimestelt, kelle elu \u00fchel v\u00f5i teisel viisil seotud Supilinnaga. Noorim autor on seitsmeaastane, vanimad pensionieas. Tihti v\u00e4ga avameelsed ning l\u00e4bi isikliku vaatenurga kirjutatud lood annavad l\u00e4bil\u00f5ike elust Supilinnas alates 1930. aastate l\u00f5pust kuni kaasajani. M\u00e4rks\u00f5nadeks on lapse- ja tudengip\u00f5lv, inimesed, olustik ja aegade muutumine, eesk\u00e4tt aga lihtne argielu. Raamatu eesm\u00e4rgiks on anda koondpilt Supilinnast sellisena nagu ta on \u2013 ilustamata, k\u00f5igi oma piltide, l\u00f5hnade ja v\u00e4rvidega. Praegusele ja endisele supilinlasele pakub ta \u00e4ratundmisr\u00f5\u00f5mu, teistele annab aimu sellest, miks Supilinna inimesed armastavad Supilinna. \u00dcks pikk kirjat\u00f6\u00f6 on ka Tartu teisest vanast agulist &#8211; kunagi samalaadsest, ent n\u00fc\u00fcdseks tundmatuseni muutunud eeslinnast \u2013 Veerikust. Tegemist on ilusa, kaasaegselt ja m\u00f5neti innovatiivselt kujundatud raamatuga, mis on illustreeritud rohkete fotodega autorite erakogudest ja Supilinna-teemaliste vinjettjoonistega.<\/p>\n","protected":false},"excerpt":{"rendered":"<p>&#8220;Supilinn minu elus&#8221; rajaneb samanimelise kirjat\u00f6\u00f6dev\u00f5istluse kaast\u00f6\u00f6del. Kogumikus on 25 erinevat lugu inimestelt, kelle elu \u00fchel v\u00f5i teisel viisil seotud Supilinnaga. Noorim autor on seitsmeaastane, vanimad pensionieas. Tihti v\u00e4ga avameelsed ning l\u00e4bi isikliku vaatenurga kirjutatud lood annavad l\u00e4bil\u00f5ike elust Supilinnas&#8230;<\/p>\n","protected":false},"featured_media":126219,"template":"","meta":{"_acf_changed":false,"inline_featured_image":false},"product_brand":[],"product_cat":[2429],"product_tag":[],"series":[],"publisher":[{"id":1761,"name":"Eesti Kirjandusmuuseum","slug":"eesti-kirjandusmuuseum"}],"class_list":{"0":"post-130347","1":"product","2":"type-product","3":"status-publish","4":"has-post-thumbnail","6":"product_cat-rpro-eesti","7":"publisher-eesti-kirjandusmuuseum","9":"first","10":"instock","11":"taxable","12":"shipping-taxable","13":"purchasable","14":"product-type-simple"},"acf":[],"_links":{"self":[{"href":"https:\/\/exlibris.ee\/en\/wp-json\/wp\/v2\/product\/130347","targetHints":{"allow":["GET"]}}],"collection":[{"href":"https:\/\/exlibris.ee\/en\/wp-json\/wp\/v2\/product"}],"about":[{"href":"https:\/\/exlibris.ee\/en\/wp-json\/wp\/v2\/types\/product"}],"wp:featuredmedia":[{"embeddable":true,"href":"https:\/\/exlibris.ee\/en\/wp-json\/wp\/v2\/media\/126219"}],"wp:attachment":[{"href":"https:\/\/exlibris.ee\/en\/wp-json\/wp\/v2\/media?parent=130347"}],"wp:term":[{"taxonomy":"product_brand","embeddable":true,"href":"https:\/\/exlibris.ee\/en\/wp-json\/wp\/v2\/product_brand?post=130347"},{"taxonomy":"product_cat","embeddable":true,"href":"https:\/\/exlibris.ee\/en\/wp-json\/wp\/v2\/product_cat?post=130347"},{"taxonomy":"product_tag","embeddable":true,"href":"https:\/\/exlibris.ee\/en\/wp-json\/wp\/v2\/product_tag?post=130347"},{"taxonomy":"series","embeddable":true,"href":"https:\/\/exlibris.ee\/en\/wp-json\/wp\/v2\/series?post=130347"},{"taxonomy":"publisher","embeddable":true,"href":"https:\/\/exlibris.ee\/en\/wp-json\/wp\/v2\/publisher?post=130347"}],"curies":[{"name":"wp","href":"https:\/\/api.w.org\/{rel}","templated":true}]}}