{"id":130348,"date":"2024-05-02T05:23:41","date_gmt":"2024-05-02T02:23:41","guid":{"rendered":"https:\/\/exlibris.ee\/toode\/organisatsioon-ja-uksikisik\/"},"modified":"2026-04-22T15:43:45","modified_gmt":"2026-04-22T12:43:45","slug":"organisatsioon-ja-uksikisik","status":"publish","type":"product","link":"https:\/\/exlibris.ee\/en\/product\/organisatsioon-ja-uksikisik\/","title":{"rendered":"Organisatsioon ja \u00fcksikisik"},"content":{"rendered":"<p>Organisatsioon ja \u00fcksikisik\u00a0on \u00fchise sihip\u00e4rase tegevuse kaks poolt, kelle elu kulgeb mitmepalgelises m\u00f5ju- ja seostemustris. \u00dcks vajab teist, toetub teisele, et saavutada oma eesm\u00e4rgid p\u00f5hitegevuses v\u00f5i enesearengus. Kummalgi on teise poole suhtes omad ootused ning n\u00f5uded. Huvid p\u00f5imuvad kord sujuvalt ja tulemusrikkalt, kord t\u00f5rgete ja tagasil\u00f6\u00f6kidega. Kuidas organisatsioon ja \u00fcksikisikud t\u00f5husalt eraldi ja koos tegutsema panna? Kuidas leida tasakaal isiklike ja \u00fchishuvide vahel? Kuidas sulatada organisatsioon ja \u00fcksikisikud otstarbekalt toimivaks tervikj\u00f5uks? Autori t\u00e4helepanu keskmes on neli maailma \u2013 organisatsioonide, toimepanijate, toimingute ja eluigade maailm. Nende eduteede ja komistuskivide ulatusliku k\u00e4sitluse kaudu avab ta organisatsiooni ja \u00fcksikisiku keerulised seosed.<\/p>\n","protected":false},"excerpt":{"rendered":"<p>Organisatsioon ja \u00fcksikisik\u00a0on \u00fchise sihip\u00e4rase tegevuse kaks poolt, kelle elu kulgeb mitmepalgelises m\u00f5ju- ja seostemustris. \u00dcks vajab teist, toetub teisele, et saavutada oma eesm\u00e4rgid p\u00f5hitegevuses v\u00f5i enesearengus. Kummalgi on teise poole suhtes omad ootused ning n\u00f5uded. Huvid p\u00f5imuvad kord sujuvalt&#8230;<\/p>\n","protected":false},"featured_media":126222,"template":"","meta":{"_acf_changed":false,"inline_featured_image":false},"product_brand":[],"product_cat":[2421],"product_tag":[],"series":[],"publisher":[{"id":692,"name":"TEA","slug":"tea"}],"class_list":{"0":"post-130348","1":"product","2":"type-product","3":"status-publish","4":"has-post-thumbnail","6":"product_cat-rmaj-eesti","7":"publisher-tea","9":"first","10":"instock","11":"taxable","12":"shipping-taxable","13":"purchasable","14":"product-type-simple"},"acf":[],"_links":{"self":[{"href":"https:\/\/exlibris.ee\/en\/wp-json\/wp\/v2\/product\/130348","targetHints":{"allow":["GET"]}}],"collection":[{"href":"https:\/\/exlibris.ee\/en\/wp-json\/wp\/v2\/product"}],"about":[{"href":"https:\/\/exlibris.ee\/en\/wp-json\/wp\/v2\/types\/product"}],"wp:featuredmedia":[{"embeddable":true,"href":"https:\/\/exlibris.ee\/en\/wp-json\/wp\/v2\/media\/126222"}],"wp:attachment":[{"href":"https:\/\/exlibris.ee\/en\/wp-json\/wp\/v2\/media?parent=130348"}],"wp:term":[{"taxonomy":"product_brand","embeddable":true,"href":"https:\/\/exlibris.ee\/en\/wp-json\/wp\/v2\/product_brand?post=130348"},{"taxonomy":"product_cat","embeddable":true,"href":"https:\/\/exlibris.ee\/en\/wp-json\/wp\/v2\/product_cat?post=130348"},{"taxonomy":"product_tag","embeddable":true,"href":"https:\/\/exlibris.ee\/en\/wp-json\/wp\/v2\/product_tag?post=130348"},{"taxonomy":"series","embeddable":true,"href":"https:\/\/exlibris.ee\/en\/wp-json\/wp\/v2\/series?post=130348"},{"taxonomy":"publisher","embeddable":true,"href":"https:\/\/exlibris.ee\/en\/wp-json\/wp\/v2\/publisher?post=130348"}],"curies":[{"name":"wp","href":"https:\/\/api.w.org\/{rel}","templated":true}]}}