{"id":130350,"date":"2024-05-02T05:23:41","date_gmt":"2024-05-02T02:23:41","guid":{"rendered":"https:\/\/exlibris.ee\/toode\/mis-on-juhtimine-kuidas-see-tootab-ja-miks-on-see-igauhe-asi\/"},"modified":"2026-04-03T13:24:03","modified_gmt":"2026-04-03T10:24:03","slug":"mis-on-juhtimine-kuidas-see-tootab-ja-miks-on-see-igauhe-asi","status":"publish","type":"product","link":"https:\/\/exlibris.ee\/en\/product\/mis-on-juhtimine-kuidas-see-tootab-ja-miks-on-see-igauhe-asi\/","title":{"rendered":"Mis on juhtimine? Kuidas see t\u00f6\u00f6tab ja miks on see iga\u00fche asi"},"content":{"rendered":"<p>JOAN MAGRETTA ja NAN STONE, Harvard Business Review legendaarsed toimetajad ja juhtimisvaldkonna parimad eksperdid, on teinud t\u00f5elise kingituse nii juhtimist \u00f5ppivatele \u00fcli\u00f5pilastele kui ka praktikutele. Nad on kirjutanud raamatu, mis r\u00e4\u00e4gib hea juhtimise t\u00e4htsusest. K\u00e4esolev raamat sobib nii neile, kes on antud valdkonnas alles algajad, pakkudes ahvatleva, erialakeelest vaba sissejuhatuse algteadmistesse kui ka nendele lugejatele, kellel on rohkem kogemusi ja kes leiavad siit kokkuv\u00f5tliku \u00fclevaate olulistest ideedest ja praktikatest, nagu v\u00e4\u00e4rtuse loomine, konkurentsistrateegia, 80-20-reegel jne. See on raamat v\u00f5imsatest ideedest, kuid need antakse edasi konkreetselt, lugude kaudu inimestest ja organisatsioonidest. \u00abMis on juhtimine?\u00bb annab tervikpildi olulistest, kuid tihti kirjutamata reeglitest. Ajakirjad Economist ja Business Week valisid selle raamatu 2002. aasta parimate juhtimis- ja \u00e4riraamatute hulka. Enamik juhtimisraamatutest r\u00e4\u00e4gib vahenditest. See naudinguga loetav raamat r\u00e4\u00e4gib juhtimise eesm\u00e4rkidest. Tipptasemel sissejuhatus algajatele, kus on \u00e4ra toodud k\u00f5ik olulised juhtimise p\u00f5him\u00f5tted, samas suurep\u00e4rane kokkuv\u00f5tlik meeldetuletus-kursus ka edasij\u00f5udnutele.<\/p>\n","protected":false},"excerpt":{"rendered":"<p>JOAN MAGRETTA ja NAN STONE, Harvard Business Review legendaarsed toimetajad ja juhtimisvaldkonna parimad eksperdid, on teinud t\u00f5elise kingituse nii juhtimist \u00f5ppivatele \u00fcli\u00f5pilastele kui ka praktikutele. Nad on kirjutanud raamatu, mis r\u00e4\u00e4gib hea juhtimise t\u00e4htsusest. K\u00e4esolev raamat sobib nii neile, kes&#8230;<\/p>\n","protected":false},"featured_media":126225,"template":"","meta":{"_acf_changed":false,"inline_featured_image":false},"product_brand":[],"product_cat":[2421],"product_tag":[],"series":[],"publisher":[{"id":2743,"name":"Pegasus","slug":"pegasus"}],"class_list":{"0":"post-130350","1":"product","2":"type-product","3":"status-publish","4":"has-post-thumbnail","6":"product_cat-rmaj-eesti","7":"publisher-pegasus","9":"first","10":"instock","11":"taxable","12":"shipping-taxable","13":"purchasable","14":"product-type-simple"},"acf":[],"_links":{"self":[{"href":"https:\/\/exlibris.ee\/en\/wp-json\/wp\/v2\/product\/130350","targetHints":{"allow":["GET"]}}],"collection":[{"href":"https:\/\/exlibris.ee\/en\/wp-json\/wp\/v2\/product"}],"about":[{"href":"https:\/\/exlibris.ee\/en\/wp-json\/wp\/v2\/types\/product"}],"wp:featuredmedia":[{"embeddable":true,"href":"https:\/\/exlibris.ee\/en\/wp-json\/wp\/v2\/media\/126225"}],"wp:attachment":[{"href":"https:\/\/exlibris.ee\/en\/wp-json\/wp\/v2\/media?parent=130350"}],"wp:term":[{"taxonomy":"product_brand","embeddable":true,"href":"https:\/\/exlibris.ee\/en\/wp-json\/wp\/v2\/product_brand?post=130350"},{"taxonomy":"product_cat","embeddable":true,"href":"https:\/\/exlibris.ee\/en\/wp-json\/wp\/v2\/product_cat?post=130350"},{"taxonomy":"product_tag","embeddable":true,"href":"https:\/\/exlibris.ee\/en\/wp-json\/wp\/v2\/product_tag?post=130350"},{"taxonomy":"series","embeddable":true,"href":"https:\/\/exlibris.ee\/en\/wp-json\/wp\/v2\/series?post=130350"},{"taxonomy":"publisher","embeddable":true,"href":"https:\/\/exlibris.ee\/en\/wp-json\/wp\/v2\/publisher?post=130350"}],"curies":[{"name":"wp","href":"https:\/\/api.w.org\/{rel}","templated":true}]}}