{"id":130351,"date":"2024-05-02T05:23:41","date_gmt":"2024-05-02T02:23:41","guid":{"rendered":"https:\/\/exlibris.ee\/toode\/koige-tahtsam-kusimus\/"},"modified":"2026-04-17T19:50:59","modified_gmt":"2026-04-17T16:50:59","slug":"koige-tahtsam-kusimus","status":"publish","type":"product","link":"https:\/\/exlibris.ee\/en\/product\/koige-tahtsam-kusimus\/","title":{"rendered":"K\u00f5ige t\u00e4htsam k\u00fcsimus"},"content":{"rendered":"<p>T\u00e4nap\u00e4eval on lihtne iseennast kaotada ning oma k\u00f5ige t\u00e4htsamaid soove k\u00f5iksugu kiireloomulistele n\u00f5udmistele ohvriks tuua. Tagaj\u00e4rjeks on tasakaalutu elu ning j\u00e4rjest s\u00fcvenev rahulolematus. Peep Vain tutvustab oma raamatus lihtsat ning lineaarset protsessi oma tegelike tahtmiste \u00fcles leidmiseks ning ellu viimiseks. &#8220;K\u00f5ige t\u00e4htsam k\u00fcsimus&#8221; n\u00e4itab, kuidas leida endast julget m\u00f5tlemist ja pealehakkamist ning teha \u00e4ra asju, mis k\u00f5ige enam r\u00f5\u00f5mu ja rahuldust pakuvad. See on raamat, mis aitab Sul ennast paremini tundma \u00f5ppida.<\/p>\n","protected":false},"excerpt":{"rendered":"<p>T\u00e4nap\u00e4eval on lihtne iseennast kaotada ning oma k\u00f5ige t\u00e4htsamaid soove k\u00f5iksugu kiireloomulistele n\u00f5udmistele ohvriks tuua. Tagaj\u00e4rjeks on tasakaalutu elu ning j\u00e4rjest s\u00fcvenev rahulolematus. Peep Vain tutvustab oma raamatus lihtsat ning lineaarset protsessi oma tegelike tahtmiste \u00fcles leidmiseks ning ellu viimiseks&#8230;.<\/p>\n","protected":false},"featured_media":126228,"template":"","meta":{"_acf_changed":false,"inline_featured_image":false},"product_brand":[],"product_cat":[2433],"product_tag":[],"series":[],"publisher":[{"id":2744,"name":"Eesti P\u00e4evaleht","slug":"eesti-paevaleht"}],"class_list":{"0":"post-130351","1":"product","2":"type-product","3":"status-publish","4":"has-post-thumbnail","6":"product_cat-rpsu-eesti","7":"publisher-eesti-paevaleht","9":"first","10":"instock","11":"taxable","12":"shipping-taxable","13":"purchasable","14":"product-type-simple"},"acf":[],"_links":{"self":[{"href":"https:\/\/exlibris.ee\/en\/wp-json\/wp\/v2\/product\/130351","targetHints":{"allow":["GET"]}}],"collection":[{"href":"https:\/\/exlibris.ee\/en\/wp-json\/wp\/v2\/product"}],"about":[{"href":"https:\/\/exlibris.ee\/en\/wp-json\/wp\/v2\/types\/product"}],"wp:featuredmedia":[{"embeddable":true,"href":"https:\/\/exlibris.ee\/en\/wp-json\/wp\/v2\/media\/126228"}],"wp:attachment":[{"href":"https:\/\/exlibris.ee\/en\/wp-json\/wp\/v2\/media?parent=130351"}],"wp:term":[{"taxonomy":"product_brand","embeddable":true,"href":"https:\/\/exlibris.ee\/en\/wp-json\/wp\/v2\/product_brand?post=130351"},{"taxonomy":"product_cat","embeddable":true,"href":"https:\/\/exlibris.ee\/en\/wp-json\/wp\/v2\/product_cat?post=130351"},{"taxonomy":"product_tag","embeddable":true,"href":"https:\/\/exlibris.ee\/en\/wp-json\/wp\/v2\/product_tag?post=130351"},{"taxonomy":"series","embeddable":true,"href":"https:\/\/exlibris.ee\/en\/wp-json\/wp\/v2\/series?post=130351"},{"taxonomy":"publisher","embeddable":true,"href":"https:\/\/exlibris.ee\/en\/wp-json\/wp\/v2\/publisher?post=130351"}],"curies":[{"name":"wp","href":"https:\/\/api.w.org\/{rel}","templated":true}]}}