{"id":130354,"date":"2024-05-02T05:23:42","date_gmt":"2024-05-02T02:23:42","guid":{"rendered":"https:\/\/exlibris.ee\/toode\/voorsonastik\/"},"modified":"2026-04-05T19:38:49","modified_gmt":"2026-04-05T16:38:49","slug":"voorsonastik","status":"publish","type":"product","link":"https:\/\/exlibris.ee\/en\/product\/voorsonastik\/","title":{"rendered":"V\u00f5\u00f5rs\u00f5nastik"},"content":{"rendered":"<p>\u00fcle 30 000 m\u00e4rks\u00f5na; vastab t\u00e4nap\u00e4evasele keelekasutusele; seletused on asjalikud ja l\u00fchikesed; esindab infotehnoloogia ja majanduse uusimat s\u00f5navara; sisaldab ka k\u00f5nekeelseid s\u00f5nu ja v\u00e4ljendeid; s\u00f5nastiku \u00fclesehitus on kasutajas\u00f5bralik; ulatuslik ents\u00fcklopeediline lisaosa; asendamatu teatmeteos laiale kasutajaskonnale<\/p>\n","protected":false},"excerpt":{"rendered":"<p>\u00fcle 30 000 m\u00e4rks\u00f5na; vastab t\u00e4nap\u00e4evasele keelekasutusele; seletused on asjalikud ja l\u00fchikesed; esindab infotehnoloogia ja majanduse uusimat s\u00f5navara; sisaldab ka k\u00f5nekeelseid s\u00f5nu ja v\u00e4ljendeid; s\u00f5nastiku \u00fclesehitus on kasutajas\u00f5bralik; ulatuslik ents\u00fcklopeediline lisaosa; asendamatu teatmeteos laiale kasutajaskonnale<\/p>\n","protected":false},"featured_media":126234,"template":"","meta":{"_acf_changed":false,"inline_featured_image":false},"product_brand":[],"product_cat":[686],"product_tag":[],"series":[],"publisher":[{"id":692,"name":"TEA","slug":"tea"}],"class_list":{"0":"post-130354","1":"product","2":"type-product","3":"status-publish","4":"has-post-thumbnail","6":"product_cat-sonastikud-ja-vestmikud","7":"publisher-tea","9":"first","10":"instock","11":"taxable","12":"shipping-taxable","13":"purchasable","14":"product-type-simple"},"acf":[],"_links":{"self":[{"href":"https:\/\/exlibris.ee\/en\/wp-json\/wp\/v2\/product\/130354","targetHints":{"allow":["GET"]}}],"collection":[{"href":"https:\/\/exlibris.ee\/en\/wp-json\/wp\/v2\/product"}],"about":[{"href":"https:\/\/exlibris.ee\/en\/wp-json\/wp\/v2\/types\/product"}],"wp:featuredmedia":[{"embeddable":true,"href":"https:\/\/exlibris.ee\/en\/wp-json\/wp\/v2\/media\/126234"}],"wp:attachment":[{"href":"https:\/\/exlibris.ee\/en\/wp-json\/wp\/v2\/media?parent=130354"}],"wp:term":[{"taxonomy":"product_brand","embeddable":true,"href":"https:\/\/exlibris.ee\/en\/wp-json\/wp\/v2\/product_brand?post=130354"},{"taxonomy":"product_cat","embeddable":true,"href":"https:\/\/exlibris.ee\/en\/wp-json\/wp\/v2\/product_cat?post=130354"},{"taxonomy":"product_tag","embeddable":true,"href":"https:\/\/exlibris.ee\/en\/wp-json\/wp\/v2\/product_tag?post=130354"},{"taxonomy":"series","embeddable":true,"href":"https:\/\/exlibris.ee\/en\/wp-json\/wp\/v2\/series?post=130354"},{"taxonomy":"publisher","embeddable":true,"href":"https:\/\/exlibris.ee\/en\/wp-json\/wp\/v2\/publisher?post=130354"}],"curies":[{"name":"wp","href":"https:\/\/api.w.org\/{rel}","templated":true}]}}