{"id":130397,"date":"2024-05-02T05:26:47","date_gmt":"2024-05-02T02:26:47","guid":{"rendered":"https:\/\/exlibris.ee\/toode\/suuline-tolge\/"},"modified":"2026-04-16T21:41:22","modified_gmt":"2026-04-16T18:41:22","slug":"suuline-tolge","status":"publish","type":"product","link":"https:\/\/exlibris.ee\/en\/product\/suuline-tolge\/","title":{"rendered":"Suuline t\u00f5lge"},"content":{"rendered":"<p>\u00d5pik on esimene eestikeelne suulist t\u00f5lget puudutav p\u00f5hjalikum k\u00e4sitlus. Raamat\u00a0\u201eSuuline t\u00f5lge\u201d\u00a0sobib k\u00f5igile huvilistele, kes soovivad leida t\u00f5lgit\u00f6\u00f6ks vajalikke n\u00e4pun\u00e4iteid v\u00f5i saada paremat ettekujutust t\u00f5lgi elukutsest. Suures osas on tegemist praktilise k\u00e4sitlusega, mida on illustreeritud rohkete n\u00e4idetega, kuid see sisaldab \u00fclevaadet ka suulise t\u00f5lke ajaloost ja mitmetest suulise t\u00f5lke teooriaga seotud teemadest. Raamat\u00a0\u201eSuuline t\u00f5lge\u201d\u00a0on \u00fcles ehitatud teemapeat\u00fckkidena, millest enamik on loetavad ka teistest eraldi ja lugejale meelep\u00e4rases j\u00e4rjestuses.<\/p>\n","protected":false},"excerpt":{"rendered":"<p>\u00d5pik on esimene eestikeelne suulist t\u00f5lget puudutav p\u00f5hjalikum k\u00e4sitlus. Raamat\u00a0\u201eSuuline t\u00f5lge\u201d\u00a0sobib k\u00f5igile huvilistele, kes soovivad leida t\u00f5lgit\u00f6\u00f6ks vajalikke n\u00e4pun\u00e4iteid v\u00f5i saada paremat ettekujutust t\u00f5lgi elukutsest. Suures osas on tegemist praktilise k\u00e4sitlusega, mida on illustreeritud rohkete n\u00e4idetega, kuid see sisaldab \u00fclevaadet&#8230;<\/p>\n","protected":false},"featured_media":126246,"template":"","meta":{"_acf_changed":false,"inline_featured_image":false},"product_brand":[],"product_cat":[2450],"product_tag":[],"series":[],"publisher":[{"id":2748,"name":"Eesti Keele Sihtasutus","slug":"eesti-keele-sihtasutus"}],"class_list":{"0":"post-130397","1":"product","2":"type-product","3":"status-publish","4":"has-post-thumbnail","6":"product_cat-ruhi-eesti","7":"publisher-eesti-keele-sihtasutus","9":"first","10":"instock","11":"taxable","12":"shipping-taxable","13":"purchasable","14":"product-type-simple"},"acf":[],"_links":{"self":[{"href":"https:\/\/exlibris.ee\/en\/wp-json\/wp\/v2\/product\/130397","targetHints":{"allow":["GET"]}}],"collection":[{"href":"https:\/\/exlibris.ee\/en\/wp-json\/wp\/v2\/product"}],"about":[{"href":"https:\/\/exlibris.ee\/en\/wp-json\/wp\/v2\/types\/product"}],"wp:featuredmedia":[{"embeddable":true,"href":"https:\/\/exlibris.ee\/en\/wp-json\/wp\/v2\/media\/126246"}],"wp:attachment":[{"href":"https:\/\/exlibris.ee\/en\/wp-json\/wp\/v2\/media?parent=130397"}],"wp:term":[{"taxonomy":"product_brand","embeddable":true,"href":"https:\/\/exlibris.ee\/en\/wp-json\/wp\/v2\/product_brand?post=130397"},{"taxonomy":"product_cat","embeddable":true,"href":"https:\/\/exlibris.ee\/en\/wp-json\/wp\/v2\/product_cat?post=130397"},{"taxonomy":"product_tag","embeddable":true,"href":"https:\/\/exlibris.ee\/en\/wp-json\/wp\/v2\/product_tag?post=130397"},{"taxonomy":"series","embeddable":true,"href":"https:\/\/exlibris.ee\/en\/wp-json\/wp\/v2\/series?post=130397"},{"taxonomy":"publisher","embeddable":true,"href":"https:\/\/exlibris.ee\/en\/wp-json\/wp\/v2\/publisher?post=130397"}],"curies":[{"name":"wp","href":"https:\/\/api.w.org\/{rel}","templated":true}]}}