{"id":130398,"date":"2024-05-02T05:26:47","date_gmt":"2024-05-02T02:26:47","guid":{"rendered":"https:\/\/exlibris.ee\/toode\/deutsch-im-geschaftsleben-handelskontakte\/"},"modified":"2026-04-12T15:30:51","modified_gmt":"2026-04-12T12:30:51","slug":"deutsch-im-geschaftsleben-handelskontakte","status":"publish","type":"product","link":"https:\/\/exlibris.ee\/en\/product\/deutsch-im-geschaftsleben-handelskontakte\/","title":{"rendered":"Deutsch im Gesch\u00e4ftsleben \u2013 Handelskontakte"},"content":{"rendered":"<p>Lehrbuch der deutschen Gesch\u00e4ftssprache f\u00fcr Esten. Saksa \u00e4rikeele \u00f5pik. &#8220;Handelskontakte&#8221; on praktiline saksa keele \u00f5pik. Sobib firmajuhtidele, sekret\u00e4ridele ja k\u00f5igile neile, kes oma igap\u00e4evat\u00f6\u00f6s saksa keelega kokku puutuvad. Eeldab kasutajalt saksa keele grammatika ja \u00fclds\u00f5navara tundmist. \u201eHandelskontakte\u201d on asjalik raamat, mis sobib h\u00e4sti nii t\u00f6\u00f6ks \u00f5petaja juhendamisel kui ka k\u00e4siraamatuks ise\u00f5ppijale.<\/p>\n","protected":false},"excerpt":{"rendered":"<p>Lehrbuch der deutschen Gesch\u00e4ftssprache f\u00fcr Esten. Saksa \u00e4rikeele \u00f5pik. &#8220;Handelskontakte&#8221; on praktiline saksa keele \u00f5pik. Sobib firmajuhtidele, sekret\u00e4ridele ja k\u00f5igile neile, kes oma igap\u00e4evat\u00f6\u00f6s saksa keelega kokku puutuvad. Eeldab kasutajalt saksa keele grammatika ja \u00fclds\u00f5navara tundmist. \u201eHandelskontakte\u201d on asjalik raamat,&#8230;<\/p>\n","protected":false},"featured_media":126249,"template":"","meta":{"_acf_changed":false,"inline_featured_image":false},"product_brand":[],"product_cat":[885],"product_tag":[],"series":[],"publisher":[{"id":692,"name":"TEA","slug":"tea"}],"class_list":{"0":"post-130398","1":"product","2":"type-product","3":"status-publish","4":"has-post-thumbnail","6":"product_cat-berufssprache","7":"publisher-tea","9":"first","10":"instock","11":"taxable","12":"shipping-taxable","13":"purchasable","14":"product-type-simple"},"acf":[],"_links":{"self":[{"href":"https:\/\/exlibris.ee\/en\/wp-json\/wp\/v2\/product\/130398","targetHints":{"allow":["GET"]}}],"collection":[{"href":"https:\/\/exlibris.ee\/en\/wp-json\/wp\/v2\/product"}],"about":[{"href":"https:\/\/exlibris.ee\/en\/wp-json\/wp\/v2\/types\/product"}],"wp:featuredmedia":[{"embeddable":true,"href":"https:\/\/exlibris.ee\/en\/wp-json\/wp\/v2\/media\/126249"}],"wp:attachment":[{"href":"https:\/\/exlibris.ee\/en\/wp-json\/wp\/v2\/media?parent=130398"}],"wp:term":[{"taxonomy":"product_brand","embeddable":true,"href":"https:\/\/exlibris.ee\/en\/wp-json\/wp\/v2\/product_brand?post=130398"},{"taxonomy":"product_cat","embeddable":true,"href":"https:\/\/exlibris.ee\/en\/wp-json\/wp\/v2\/product_cat?post=130398"},{"taxonomy":"product_tag","embeddable":true,"href":"https:\/\/exlibris.ee\/en\/wp-json\/wp\/v2\/product_tag?post=130398"},{"taxonomy":"series","embeddable":true,"href":"https:\/\/exlibris.ee\/en\/wp-json\/wp\/v2\/series?post=130398"},{"taxonomy":"publisher","embeddable":true,"href":"https:\/\/exlibris.ee\/en\/wp-json\/wp\/v2\/publisher?post=130398"}],"curies":[{"name":"wp","href":"https:\/\/api.w.org\/{rel}","templated":true}]}}