{"id":130401,"date":"2024-05-02T05:26:47","date_gmt":"2024-05-02T02:26:47","guid":{"rendered":"https:\/\/exlibris.ee\/toode\/toolepingu-seadus\/"},"modified":"2026-04-03T13:25:55","modified_gmt":"2026-04-03T10:25:55","slug":"toolepingu-seadus","status":"publish","type":"product","link":"https:\/\/exlibris.ee\/en\/product\/toolepingu-seadus\/","title":{"rendered":"T\u00f6\u00f6lepingu seadus"},"content":{"rendered":"<p>&#8220;1. juulil 2009 hakkab kehtima uus T\u00f6\u00f6lepingu seadus. Seadus, mida on ette valmistatud \u00fcle k\u00fcmne aasta ja mille \u00fcle on debatte pidanud praktiliselt k\u00f5ik taasiseseisvunud Eesti poliitilised erakonnad ning Riigikogu koosseisud.K\u00e4esolev kogumik peab aitma ja toetama igat t\u00f6\u00f6andjat ja t\u00f6\u00f6v\u00f5tjat selles, et kohanemine uute reeglitega oleks v\u00f5imalikult sujuvam.<\/p>\n","protected":false},"excerpt":{"rendered":"<p>&#8220;1. juulil 2009 hakkab kehtima uus T\u00f6\u00f6lepingu seadus. Seadus, mida on ette valmistatud \u00fcle k\u00fcmne aasta ja mille \u00fcle on debatte pidanud praktiliselt k\u00f5ik taasiseseisvunud Eesti poliitilised erakonnad ning Riigikogu koosseisud.K\u00e4esolev kogumik peab aitma ja toetama igat t\u00f6\u00f6andjat ja t\u00f6\u00f6v\u00f5tjat&#8230;<\/p>\n","protected":false},"featured_media":126258,"template":"","meta":{"_acf_changed":false,"inline_featured_image":false},"product_brand":[],"product_cat":[2421],"product_tag":[],"series":[],"publisher":[{"id":2750,"name":"Agitaator","slug":"agitaator"}],"class_list":{"0":"post-130401","1":"product","2":"type-product","3":"status-publish","4":"has-post-thumbnail","6":"product_cat-rmaj-eesti","7":"publisher-agitaator","9":"first","10":"instock","11":"taxable","12":"shipping-taxable","13":"purchasable","14":"product-type-simple"},"acf":[],"_links":{"self":[{"href":"https:\/\/exlibris.ee\/en\/wp-json\/wp\/v2\/product\/130401","targetHints":{"allow":["GET"]}}],"collection":[{"href":"https:\/\/exlibris.ee\/en\/wp-json\/wp\/v2\/product"}],"about":[{"href":"https:\/\/exlibris.ee\/en\/wp-json\/wp\/v2\/types\/product"}],"wp:featuredmedia":[{"embeddable":true,"href":"https:\/\/exlibris.ee\/en\/wp-json\/wp\/v2\/media\/126258"}],"wp:attachment":[{"href":"https:\/\/exlibris.ee\/en\/wp-json\/wp\/v2\/media?parent=130401"}],"wp:term":[{"taxonomy":"product_brand","embeddable":true,"href":"https:\/\/exlibris.ee\/en\/wp-json\/wp\/v2\/product_brand?post=130401"},{"taxonomy":"product_cat","embeddable":true,"href":"https:\/\/exlibris.ee\/en\/wp-json\/wp\/v2\/product_cat?post=130401"},{"taxonomy":"product_tag","embeddable":true,"href":"https:\/\/exlibris.ee\/en\/wp-json\/wp\/v2\/product_tag?post=130401"},{"taxonomy":"series","embeddable":true,"href":"https:\/\/exlibris.ee\/en\/wp-json\/wp\/v2\/series?post=130401"},{"taxonomy":"publisher","embeddable":true,"href":"https:\/\/exlibris.ee\/en\/wp-json\/wp\/v2\/publisher?post=130401"}],"curies":[{"name":"wp","href":"https:\/\/api.w.org\/{rel}","templated":true}]}}