{"id":130405,"date":"2024-05-02T05:26:48","date_gmt":"2024-05-02T02:26:48","guid":{"rendered":"https:\/\/exlibris.ee\/toode\/majandustegevuse-oiguslikust-keskkonnast-eestis\/"},"modified":"2026-04-03T13:25:56","modified_gmt":"2026-04-03T10:25:56","slug":"majandustegevuse-oiguslikust-keskkonnast-eestis","status":"publish","type":"product","link":"https:\/\/exlibris.ee\/en\/product\/majandustegevuse-oiguslikust-keskkonnast-eestis\/","title":{"rendered":"Majandustegevuse \u00f5iguslikust keskkonnast Eestis"},"content":{"rendered":"<p>\u00dclevaade Eesti ettev\u00f5tluskeskkonda oluliselt kujundavatest juriidilistest ehituskividest \u2013 asja\u00f5igusest, \u00e4ri\u00f5igusest, pankroti\u00f5igusest ja v\u00e4lismajandus\u00f5iguse olulisematest aspektidest. \u00d5ppevahend on m\u00f5eldud eelk\u00f5ige majandus\u00fcli\u00f5pilastele ja teistele majandushuvilistele, kellele institutsiooni\u00f6konoomika v\u00f5iks olla uueks paradigmaks. K\u00f5igis vaadeldud \u00f5igusvaldkondades on tegemist avalike institutsioonidega, mille s\u00fcgavam olemus on abistada turgu tema toimimises, alandada riske ja transaktsioonikulusid, t\u00f5sta sellega kogu majanduse efektiivsust.<\/p>\n","protected":false},"excerpt":{"rendered":"<p>\u00dclevaade Eesti ettev\u00f5tluskeskkonda oluliselt kujundavatest juriidilistest ehituskividest \u2013 asja\u00f5igusest, \u00e4ri\u00f5igusest, pankroti\u00f5igusest ja v\u00e4lismajandus\u00f5iguse olulisematest aspektidest. \u00d5ppevahend on m\u00f5eldud eelk\u00f5ige majandus\u00fcli\u00f5pilastele ja teistele majandushuvilistele, kellele institutsiooni\u00f6konoomika v\u00f5iks olla uueks paradigmaks. K\u00f5igis vaadeldud \u00f5igusvaldkondades on tegemist avalike institutsioonidega, mille s\u00fcgavam olemus on&#8230;<\/p>\n","protected":false},"featured_media":126183,"template":"","meta":{"_acf_changed":false,"inline_featured_image":false},"product_brand":[],"product_cat":[2421],"product_tag":[],"series":[],"publisher":[{"id":1085,"name":"Tartu \u00dclikooli Kirjastus","slug":"tartu-ulikooli-kirjastus"}],"class_list":{"0":"post-130405","1":"product","2":"type-product","3":"status-publish","4":"has-post-thumbnail","6":"product_cat-rmaj-eesti","7":"publisher-tartu-ulikooli-kirjastus","9":"first","10":"instock","11":"taxable","12":"shipping-taxable","13":"purchasable","14":"product-type-simple"},"acf":[],"_links":{"self":[{"href":"https:\/\/exlibris.ee\/en\/wp-json\/wp\/v2\/product\/130405","targetHints":{"allow":["GET"]}}],"collection":[{"href":"https:\/\/exlibris.ee\/en\/wp-json\/wp\/v2\/product"}],"about":[{"href":"https:\/\/exlibris.ee\/en\/wp-json\/wp\/v2\/types\/product"}],"wp:featuredmedia":[{"embeddable":true,"href":"https:\/\/exlibris.ee\/en\/wp-json\/wp\/v2\/media\/126183"}],"wp:attachment":[{"href":"https:\/\/exlibris.ee\/en\/wp-json\/wp\/v2\/media?parent=130405"}],"wp:term":[{"taxonomy":"product_brand","embeddable":true,"href":"https:\/\/exlibris.ee\/en\/wp-json\/wp\/v2\/product_brand?post=130405"},{"taxonomy":"product_cat","embeddable":true,"href":"https:\/\/exlibris.ee\/en\/wp-json\/wp\/v2\/product_cat?post=130405"},{"taxonomy":"product_tag","embeddable":true,"href":"https:\/\/exlibris.ee\/en\/wp-json\/wp\/v2\/product_tag?post=130405"},{"taxonomy":"series","embeddable":true,"href":"https:\/\/exlibris.ee\/en\/wp-json\/wp\/v2\/series?post=130405"},{"taxonomy":"publisher","embeddable":true,"href":"https:\/\/exlibris.ee\/en\/wp-json\/wp\/v2\/publisher?post=130405"}],"curies":[{"name":"wp","href":"https:\/\/api.w.org\/{rel}","templated":true}]}}