{"id":130407,"date":"2024-05-02T05:26:48","date_gmt":"2024-05-02T02:26:48","guid":{"rendered":"https:\/\/exlibris.ee\/toode\/vene-eesti-sonaraamat-%d1%80%d1%83%d1%81%d1%81%d0%ba%d0%be-%d1%8d%d1%81%d1%82%d0%be%d0%bd%d1%81%d0%ba%d0%b8%d0%b9-%d1%81%d0%bb%d0%be%d0%b2%d0%b0%d1%80%d1%8c\/"},"modified":"2026-04-03T13:25:56","modified_gmt":"2026-04-03T10:25:56","slug":"vene-eesti-sonaraamat-%d1%80%d1%83%d1%81%d1%81%d0%ba%d0%be-%d1%8d%d1%81%d1%82%d0%be%d0%bd%d1%81%d0%ba%d0%b8%d0%b9-%d1%81%d0%bb%d0%be%d0%b2%d0%b0%d1%80%d1%8c","status":"publish","type":"product","link":"https:\/\/exlibris.ee\/en\/product\/vene-eesti-sonaraamat-%d1%80%d1%83%d1%81%d1%81%d0%ba%d0%be-%d1%8d%d1%81%d1%82%d0%be%d0%bd%d1%81%d0%ba%d0%b8%d0%b9-%d1%81%d0%bb%d0%be%d0%b2%d0%b0%d1%80%d1%8c\/","title":{"rendered":"Vene-eesti s\u00f5naraamat \/ \u0420\u0443\u0441\u0441\u043a\u043e-\u044d\u0441\u0442\u043e\u043d\u0441\u043a\u0438\u0439 \u0441\u043b\u043e\u0432\u0430\u0440\u044c"},"content":{"rendered":"<p>S\u00f5naraamat sisaldab umbes 51 000 m\u00e4rks\u00f5na t\u00e4nap\u00e4eva vene keele p\u00f5his\u00f5navarast, mis on tulnud kasutusele viimasel aastak\u00fcmnel, see h\u00f5lbustab t\u00f6\u00f6d kaasaegse vene ja eesti kirjandusega.<\/p>\n<p>\u0421\u043b\u043e\u0432\u0430\u0440\u044c \u043d\u0430\u0441\u0447\u0438\u0442\u044b\u0432\u0430\u0435\u0442 \u043e\u043a\u043e\u043b\u043e 51 000 \u0441\u043b\u043e\u0432 \u043e\u0441\u043d\u043e\u0432\u043d\u043e\u0439 \u043b\u0435\u043a\u0441\u0438\u0441\u043a\u0438 \u0441\u043e\u0432\u0440\u0435\u043c\u0435\u043d\u043d\u043e\u0433\u043e \u0440\u0443\u0441\u0441\u043a\u043e\u0433\u043e \u044f\u0437\u044b\u043a\u0430, \u0432 \u0442\u043e\u043c \u0447\u0438\u0441\u043b\u0435, \u0432\u043e\u0448\u0435\u0434\u0448\u0435\u0439 \u0432\u0438\u0441\u043f\u043e\u043b\u044c\u0437\u043e\u0432\u0430\u043d\u0438\u0435 \u0437\u0430 \u043f\u043e\u0441\u043b\u0435\u0434\u043d\u0438\u0435 10 \u043b\u0435\u0442. \u0422\u0430\u043a\u0430\u044f \u043a\u043d\u0438\u0433\u0430, \u0431\u0435\u0437 \u0441\u043e\u043c\u043d\u0435\u043d\u0438\u044f, \u0443\u043f\u0440\u043e\u0441\u0442\u0438\u0442 \u0440\u0430\u0431\u043e\u0442\u0443 \u043a\u0430\u043a \u0441 \u044d\u0441\u0442\u043e\u043d\u0441\u043a\u043e\u0439, \u0442\u0430\u043a \u0438 \u0440\u0443\u0441c\u043a\u043e\u0439 \u043b\u0438\u0442\u0435\u0440\u0430\u0442\u0443\u0440\u043e\u0439.<\/p>\n","protected":false},"excerpt":{"rendered":"<p>S\u00f5naraamat sisaldab umbes 51 000 m\u00e4rks\u00f5na t\u00e4nap\u00e4eva vene keele p\u00f5his\u00f5navarast, mis on tulnud kasutusele viimasel aastak\u00fcmnel, see h\u00f5lbustab t\u00f6\u00f6d kaasaegse vene ja eesti kirjandusega. \u0421\u043b\u043e\u0432\u0430\u0440\u044c \u043d\u0430\u0441\u0447\u0438\u0442\u044b\u0432\u0430\u0435\u0442 \u043e\u043a\u043e\u043b\u043e 51 000 \u0441\u043b\u043e\u0432 \u043e\u0441\u043d\u043e\u0432\u043d\u043e\u0439 \u043b\u0435\u043a\u0441\u0438\u0441\u043a\u0438 \u0441\u043e\u0432\u0440\u0435\u043c\u0435\u043d\u043d\u043e\u0433\u043e \u0440\u0443\u0441\u0441\u043a\u043e\u0433\u043e \u044f\u0437\u044b\u043a\u0430, \u0432 \u0442\u043e\u043c \u0447\u0438\u0441\u043b\u0435, \u0432\u043e\u0448\u0435\u0434\u0448\u0435\u0439 \u0432\u0438\u0441\u043f\u043e\u043b\u044c\u0437\u043e\u0432\u0430\u043d\u0438\u0435&#8230;<\/p>\n","protected":false},"featured_media":126186,"template":"","meta":{"_acf_changed":false,"inline_featured_image":false},"product_brand":[],"product_cat":[322],"product_tag":[],"series":[],"publisher":[{"id":2754,"name":"ART NEOON","slug":"art-neoon"}],"class_list":{"0":"post-130407","1":"product","2":"type-product","3":"status-publish","4":"has-post-thumbnail","6":"product_cat-322","7":"publisher-art-neoon","9":"first","10":"instock","11":"taxable","12":"shipping-taxable","13":"purchasable","14":"product-type-simple"},"acf":[],"_links":{"self":[{"href":"https:\/\/exlibris.ee\/en\/wp-json\/wp\/v2\/product\/130407","targetHints":{"allow":["GET"]}}],"collection":[{"href":"https:\/\/exlibris.ee\/en\/wp-json\/wp\/v2\/product"}],"about":[{"href":"https:\/\/exlibris.ee\/en\/wp-json\/wp\/v2\/types\/product"}],"wp:featuredmedia":[{"embeddable":true,"href":"https:\/\/exlibris.ee\/en\/wp-json\/wp\/v2\/media\/126186"}],"wp:attachment":[{"href":"https:\/\/exlibris.ee\/en\/wp-json\/wp\/v2\/media?parent=130407"}],"wp:term":[{"taxonomy":"product_brand","embeddable":true,"href":"https:\/\/exlibris.ee\/en\/wp-json\/wp\/v2\/product_brand?post=130407"},{"taxonomy":"product_cat","embeddable":true,"href":"https:\/\/exlibris.ee\/en\/wp-json\/wp\/v2\/product_cat?post=130407"},{"taxonomy":"product_tag","embeddable":true,"href":"https:\/\/exlibris.ee\/en\/wp-json\/wp\/v2\/product_tag?post=130407"},{"taxonomy":"series","embeddable":true,"href":"https:\/\/exlibris.ee\/en\/wp-json\/wp\/v2\/series?post=130407"},{"taxonomy":"publisher","embeddable":true,"href":"https:\/\/exlibris.ee\/en\/wp-json\/wp\/v2\/publisher?post=130407"}],"curies":[{"name":"wp","href":"https:\/\/api.w.org\/{rel}","templated":true}]}}