{"id":130410,"date":"2024-05-02T05:26:49","date_gmt":"2024-05-02T02:26:49","guid":{"rendered":"https:\/\/exlibris.ee\/toode\/telefonimuuk-kuidas-edukalt-muua-telefoni-teel\/"},"modified":"2026-04-18T19:37:30","modified_gmt":"2026-04-18T16:37:30","slug":"telefonimuuk-kuidas-edukalt-muua-telefoni-teel","status":"publish","type":"product","link":"https:\/\/exlibris.ee\/en\/product\/telefonimuuk-kuidas-edukalt-muua-telefoni-teel\/","title":{"rendered":"Telefonim\u00fc\u00fck \u2013 kuidas edukalt m\u00fc\u00fca telefoni teel"},"content":{"rendered":"<p>Telefonim\u00fc\u00fck on k\u00e4siraamat k\u00f5igile neile, kes soovivad t\u00f5sta oma professionaalsust nii telefonim\u00fc\u00fcgi alal kui ka ametialases telefonisuhtluses laiemalt. Autor Stephan Schiffmann on koolitanud \u00fcle 250 000 m\u00fc\u00fcgiesindaja ja on mitme populaarse turundusalase raamatu autor.<\/p>\n","protected":false},"excerpt":{"rendered":"<p>Telefonim\u00fc\u00fck on k\u00e4siraamat k\u00f5igile neile, kes soovivad t\u00f5sta oma professionaalsust nii telefonim\u00fc\u00fcgi alal kui ka ametialases telefonisuhtluses laiemalt. Autor Stephan Schiffmann on koolitanud \u00fcle 250 000 m\u00fc\u00fcgiesindaja ja on mitme populaarse turundusalase raamatu autor.<\/p>\n","protected":false},"featured_media":125446,"template":"","meta":{"_acf_changed":false,"inline_featured_image":false},"product_brand":[],"product_cat":[2349],"product_tag":[],"series":[],"publisher":[{"id":692,"name":"TEA","slug":"tea"}],"class_list":{"0":"post-130410","1":"product","2":"type-product","3":"status-publish","4":"has-post-thumbnail","6":"product_cat-tr-eesti","7":"publisher-tea","9":"first","10":"instock","11":"taxable","12":"shipping-taxable","13":"purchasable","14":"product-type-simple"},"acf":[],"_links":{"self":[{"href":"https:\/\/exlibris.ee\/en\/wp-json\/wp\/v2\/product\/130410","targetHints":{"allow":["GET"]}}],"collection":[{"href":"https:\/\/exlibris.ee\/en\/wp-json\/wp\/v2\/product"}],"about":[{"href":"https:\/\/exlibris.ee\/en\/wp-json\/wp\/v2\/types\/product"}],"wp:featuredmedia":[{"embeddable":true,"href":"https:\/\/exlibris.ee\/en\/wp-json\/wp\/v2\/media\/125446"}],"wp:attachment":[{"href":"https:\/\/exlibris.ee\/en\/wp-json\/wp\/v2\/media?parent=130410"}],"wp:term":[{"taxonomy":"product_brand","embeddable":true,"href":"https:\/\/exlibris.ee\/en\/wp-json\/wp\/v2\/product_brand?post=130410"},{"taxonomy":"product_cat","embeddable":true,"href":"https:\/\/exlibris.ee\/en\/wp-json\/wp\/v2\/product_cat?post=130410"},{"taxonomy":"product_tag","embeddable":true,"href":"https:\/\/exlibris.ee\/en\/wp-json\/wp\/v2\/product_tag?post=130410"},{"taxonomy":"series","embeddable":true,"href":"https:\/\/exlibris.ee\/en\/wp-json\/wp\/v2\/series?post=130410"},{"taxonomy":"publisher","embeddable":true,"href":"https:\/\/exlibris.ee\/en\/wp-json\/wp\/v2\/publisher?post=130410"}],"curies":[{"name":"wp","href":"https:\/\/api.w.org\/{rel}","templated":true}]}}