{"id":130411,"date":"2024-05-02T05:26:49","date_gmt":"2024-05-02T02:26:49","guid":{"rendered":"https:\/\/exlibris.ee\/toode\/juhi-koostoo-sekretariga\/"},"modified":"2026-04-17T19:53:18","modified_gmt":"2026-04-17T16:53:18","slug":"juhi-koostoo-sekretariga","status":"publish","type":"product","link":"https:\/\/exlibris.ee\/en\/product\/juhi-koostoo-sekretariga\/","title":{"rendered":"Juhi koost\u00f6\u00f6 sekret\u00e4riga"},"content":{"rendered":"<p>Juhi ja sekret\u00e4ri koost\u00f6\u00f6 on kui tuulelohe kaks poolt. Kuidas need aga tasakaalustada nii, et koost\u00f6\u00f6 kujuneks sujuvaks, kulgeks t\u00f5husalt ja h\u00e4ireteta? \u00abJuhi koost\u00f6\u00f6 sekret\u00e4riga\u00bb pakub juhtn\u00f6\u00f6re nii juhi kui ka sekret\u00e4ri t\u00f6\u00f6 paremaks korraldamiseks. Raamat aitab leida vastused juhi t\u00f6\u00f6ga seotud olulistele k\u00fcsimustele: kuidas valida \u00f5ige sekret\u00e4r; kuidas muuta sekret\u00e4ri t\u00f6\u00f6 t\u00f5husamaks; milliseid \u00fclesandeid ja kuidas sekret\u00e4rile delegeerida; kuidas rakendada sekret\u00e4ri koosolekute ettevalmistamisel, l\u00e4biviimisel, protokollimisel; kuidas saab juht hoida kokku oma aega audiovahendite kasutamisel; kuidas korraldada ajutise sekret\u00e4ri t\u00f6\u00f6d.<\/p>\n","protected":false},"excerpt":{"rendered":"<p>Juhi ja sekret\u00e4ri koost\u00f6\u00f6 on kui tuulelohe kaks poolt. Kuidas need aga tasakaalustada nii, et koost\u00f6\u00f6 kujuneks sujuvaks, kulgeks t\u00f5husalt ja h\u00e4ireteta? \u00abJuhi koost\u00f6\u00f6 sekret\u00e4riga\u00bb pakub juhtn\u00f6\u00f6re nii juhi kui ka sekret\u00e4ri t\u00f6\u00f6 paremaks korraldamiseks. Raamat aitab leida vastused juhi&#8230;<\/p>\n","protected":false},"featured_media":125449,"template":"","meta":{"_acf_changed":false,"inline_featured_image":false},"product_brand":[],"product_cat":[2349],"product_tag":[],"series":[],"publisher":[{"id":692,"name":"TEA","slug":"tea"}],"class_list":{"0":"post-130411","1":"product","2":"type-product","3":"status-publish","4":"has-post-thumbnail","6":"product_cat-tr-eesti","7":"publisher-tea","9":"first","10":"instock","11":"taxable","12":"shipping-taxable","13":"purchasable","14":"product-type-simple"},"acf":[],"_links":{"self":[{"href":"https:\/\/exlibris.ee\/en\/wp-json\/wp\/v2\/product\/130411","targetHints":{"allow":["GET"]}}],"collection":[{"href":"https:\/\/exlibris.ee\/en\/wp-json\/wp\/v2\/product"}],"about":[{"href":"https:\/\/exlibris.ee\/en\/wp-json\/wp\/v2\/types\/product"}],"wp:featuredmedia":[{"embeddable":true,"href":"https:\/\/exlibris.ee\/en\/wp-json\/wp\/v2\/media\/125449"}],"wp:attachment":[{"href":"https:\/\/exlibris.ee\/en\/wp-json\/wp\/v2\/media?parent=130411"}],"wp:term":[{"taxonomy":"product_brand","embeddable":true,"href":"https:\/\/exlibris.ee\/en\/wp-json\/wp\/v2\/product_brand?post=130411"},{"taxonomy":"product_cat","embeddable":true,"href":"https:\/\/exlibris.ee\/en\/wp-json\/wp\/v2\/product_cat?post=130411"},{"taxonomy":"product_tag","embeddable":true,"href":"https:\/\/exlibris.ee\/en\/wp-json\/wp\/v2\/product_tag?post=130411"},{"taxonomy":"series","embeddable":true,"href":"https:\/\/exlibris.ee\/en\/wp-json\/wp\/v2\/series?post=130411"},{"taxonomy":"publisher","embeddable":true,"href":"https:\/\/exlibris.ee\/en\/wp-json\/wp\/v2\/publisher?post=130411"}],"curies":[{"name":"wp","href":"https:\/\/api.w.org\/{rel}","templated":true}]}}