{"id":130413,"date":"2024-05-02T05:26:49","date_gmt":"2024-05-02T02:26:49","guid":{"rendered":"https:\/\/exlibris.ee\/toode\/toovaidluste-lahendamine\/"},"modified":"2026-04-17T19:53:18","modified_gmt":"2026-04-17T16:53:18","slug":"toovaidluste-lahendamine","status":"publish","type":"product","link":"https:\/\/exlibris.ee\/en\/product\/toovaidluste-lahendamine\/","title":{"rendered":"T\u00f6\u00f6vaidluste lahendamine"},"content":{"rendered":"<p>\u00d5ppevahend Tartu \u00dclikooli \u00f5igusteaduskonna \u00fcli\u00f5pilastele<\/p>\n","protected":false},"excerpt":{"rendered":"<p>\u00d5ppevahend Tartu \u00dclikooli \u00f5igusteaduskonna \u00fcli\u00f5pilastele<\/p>\n","protected":false},"featured_media":125452,"template":"","meta":{"_acf_changed":false,"inline_featured_image":false},"product_brand":[],"product_cat":[2349],"product_tag":[],"series":[],"publisher":[{"id":2756,"name":"Juura, \u00d5igusteabe AS","slug":"juura-oigusteabe-as"}],"class_list":{"0":"post-130413","1":"product","2":"type-product","3":"status-publish","4":"has-post-thumbnail","6":"product_cat-tr-eesti","7":"publisher-juura-oigusteabe-as","9":"first","10":"instock","11":"taxable","12":"shipping-taxable","13":"purchasable","14":"product-type-simple"},"acf":[],"_links":{"self":[{"href":"https:\/\/exlibris.ee\/en\/wp-json\/wp\/v2\/product\/130413","targetHints":{"allow":["GET"]}}],"collection":[{"href":"https:\/\/exlibris.ee\/en\/wp-json\/wp\/v2\/product"}],"about":[{"href":"https:\/\/exlibris.ee\/en\/wp-json\/wp\/v2\/types\/product"}],"wp:featuredmedia":[{"embeddable":true,"href":"https:\/\/exlibris.ee\/en\/wp-json\/wp\/v2\/media\/125452"}],"wp:attachment":[{"href":"https:\/\/exlibris.ee\/en\/wp-json\/wp\/v2\/media?parent=130413"}],"wp:term":[{"taxonomy":"product_brand","embeddable":true,"href":"https:\/\/exlibris.ee\/en\/wp-json\/wp\/v2\/product_brand?post=130413"},{"taxonomy":"product_cat","embeddable":true,"href":"https:\/\/exlibris.ee\/en\/wp-json\/wp\/v2\/product_cat?post=130413"},{"taxonomy":"product_tag","embeddable":true,"href":"https:\/\/exlibris.ee\/en\/wp-json\/wp\/v2\/product_tag?post=130413"},{"taxonomy":"series","embeddable":true,"href":"https:\/\/exlibris.ee\/en\/wp-json\/wp\/v2\/series?post=130413"},{"taxonomy":"publisher","embeddable":true,"href":"https:\/\/exlibris.ee\/en\/wp-json\/wp\/v2\/publisher?post=130413"}],"curies":[{"name":"wp","href":"https:\/\/api.w.org\/{rel}","templated":true}]}}