{"id":130417,"date":"2024-05-02T05:26:50","date_gmt":"2024-05-02T02:26:50","guid":{"rendered":"https:\/\/exlibris.ee\/toode\/eesti-inglise-majandussonastik-estonian-english-dictionary-of-economics\/"},"modified":"2026-04-03T13:25:58","modified_gmt":"2026-04-03T10:25:58","slug":"eesti-inglise-majandussonastik-estonian-english-dictionary-of-economics","status":"publish","type":"product","link":"https:\/\/exlibris.ee\/en\/product\/eesti-inglise-majandussonastik-estonian-english-dictionary-of-economics\/","title":{"rendered":"Eesti-inglise majanduss\u00f5nastik \/ Estonian-English dictionary of economics"},"content":{"rendered":"<p>S\u00f5nastikus\u00a0\u201eEesti-inglise majanduss\u00f5nastik\u201d\u00a0on \u00fcle 29 000 m\u00e4rks\u00f5na. Sisaldab p\u00f5hitermineid k\u00f5igilt majandusaladelt. Artiklite \u00fclesehitus on lihtne ja kasutajas\u00f5bralik. Lisas maailma raha\u00fchikud.<\/p>\n","protected":false},"excerpt":{"rendered":"<p>S\u00f5nastikus\u00a0\u201eEesti-inglise majanduss\u00f5nastik\u201d\u00a0on \u00fcle 29 000 m\u00e4rks\u00f5na. Sisaldab p\u00f5hitermineid k\u00f5igilt majandusaladelt. Artiklite \u00fclesehitus on lihtne ja kasutajas\u00f5bralik. Lisas maailma raha\u00fchikud.<\/p>\n","protected":false},"featured_media":126189,"template":"","meta":{"_acf_changed":false,"inline_featured_image":false},"product_brand":[],"product_cat":[2421],"product_tag":[],"series":[],"publisher":[{"id":692,"name":"TEA","slug":"tea"}],"class_list":{"0":"post-130417","1":"product","2":"type-product","3":"status-publish","4":"has-post-thumbnail","6":"product_cat-rmaj-eesti","7":"publisher-tea","9":"first","10":"instock","11":"taxable","12":"shipping-taxable","13":"purchasable","14":"product-type-simple"},"acf":[],"_links":{"self":[{"href":"https:\/\/exlibris.ee\/en\/wp-json\/wp\/v2\/product\/130417","targetHints":{"allow":["GET"]}}],"collection":[{"href":"https:\/\/exlibris.ee\/en\/wp-json\/wp\/v2\/product"}],"about":[{"href":"https:\/\/exlibris.ee\/en\/wp-json\/wp\/v2\/types\/product"}],"wp:featuredmedia":[{"embeddable":true,"href":"https:\/\/exlibris.ee\/en\/wp-json\/wp\/v2\/media\/126189"}],"wp:attachment":[{"href":"https:\/\/exlibris.ee\/en\/wp-json\/wp\/v2\/media?parent=130417"}],"wp:term":[{"taxonomy":"product_brand","embeddable":true,"href":"https:\/\/exlibris.ee\/en\/wp-json\/wp\/v2\/product_brand?post=130417"},{"taxonomy":"product_cat","embeddable":true,"href":"https:\/\/exlibris.ee\/en\/wp-json\/wp\/v2\/product_cat?post=130417"},{"taxonomy":"product_tag","embeddable":true,"href":"https:\/\/exlibris.ee\/en\/wp-json\/wp\/v2\/product_tag?post=130417"},{"taxonomy":"series","embeddable":true,"href":"https:\/\/exlibris.ee\/en\/wp-json\/wp\/v2\/series?post=130417"},{"taxonomy":"publisher","embeddable":true,"href":"https:\/\/exlibris.ee\/en\/wp-json\/wp\/v2\/publisher?post=130417"}],"curies":[{"name":"wp","href":"https:\/\/api.w.org\/{rel}","templated":true}]}}