{"id":130420,"date":"2024-05-02T05:26:51","date_gmt":"2024-05-02T02:26:51","guid":{"rendered":"https:\/\/exlibris.ee\/toode\/pisiblufi-kasiraamat-sekretar\/"},"modified":"2026-04-17T19:53:20","modified_gmt":"2026-04-17T16:53:20","slug":"pisiblufi-kasiraamat-sekretar","status":"publish","type":"product","link":"https:\/\/exlibris.ee\/en\/product\/pisiblufi-kasiraamat-sekretar\/","title":{"rendered":"Pisiblufi k\u00e4siraamat: sekret\u00e4r"},"content":{"rendered":"<p>Bluffer\u2019s Guides \u2013 see on miljonilises tiraa\u017eis m\u00fc\u00fcdud bestselleriseeria. Bluffer\u2019s Guides \u2013 see on hulk hambulisi v\u00e4ikeseid raamatukesi, mis sisaldavad fakte, kenitlemist ja keerutamist, aga ka k\u00f5ike muud, mida te vajate valmisserveeritud ekspertteadmiste omandamiseks. N\u00fc\u00fcd blufitud ka eesti keelde! Bluff \u2013 v\u00f5te kaardim\u00e4ngus m\u00e4nguosaliste heidutamiseks: m\u00e4ngija, kellele on sattunud halvad kaardid, laseb paista, nagu oleks tema k\u00e4es v\u00f5idukaardid; kiitlemine olematute v\u00f5imete v\u00f5i vahenditega; \u201epuru silma ajamine\u201d; aluseta k\u00f5muteade. Bluffima \u2013 eksiteele juhtima; rabama, heidutama; \u201epuru silma ajama\u201d.<\/p>\n","protected":false},"excerpt":{"rendered":"<p>Bluffer\u2019s Guides \u2013 see on miljonilises tiraa\u017eis m\u00fc\u00fcdud bestselleriseeria. Bluffer\u2019s Guides \u2013 see on hulk hambulisi v\u00e4ikeseid raamatukesi, mis sisaldavad fakte, kenitlemist ja keerutamist, aga ka k\u00f5ike muud, mida te vajate valmisserveeritud ekspertteadmiste omandamiseks. N\u00fc\u00fcd blufitud ka eesti keelde! Bluff&#8230;<\/p>\n","protected":false},"featured_media":125461,"template":"","meta":{"_acf_changed":false,"inline_featured_image":false},"product_brand":[],"product_cat":[2349],"product_tag":[],"series":[],"publisher":[{"id":692,"name":"TEA","slug":"tea"}],"class_list":{"0":"post-130420","1":"product","2":"type-product","3":"status-publish","4":"has-post-thumbnail","6":"product_cat-tr-eesti","7":"publisher-tea","9":"first","10":"instock","11":"taxable","12":"shipping-taxable","13":"purchasable","14":"product-type-simple"},"acf":[],"_links":{"self":[{"href":"https:\/\/exlibris.ee\/en\/wp-json\/wp\/v2\/product\/130420","targetHints":{"allow":["GET"]}}],"collection":[{"href":"https:\/\/exlibris.ee\/en\/wp-json\/wp\/v2\/product"}],"about":[{"href":"https:\/\/exlibris.ee\/en\/wp-json\/wp\/v2\/types\/product"}],"wp:featuredmedia":[{"embeddable":true,"href":"https:\/\/exlibris.ee\/en\/wp-json\/wp\/v2\/media\/125461"}],"wp:attachment":[{"href":"https:\/\/exlibris.ee\/en\/wp-json\/wp\/v2\/media?parent=130420"}],"wp:term":[{"taxonomy":"product_brand","embeddable":true,"href":"https:\/\/exlibris.ee\/en\/wp-json\/wp\/v2\/product_brand?post=130420"},{"taxonomy":"product_cat","embeddable":true,"href":"https:\/\/exlibris.ee\/en\/wp-json\/wp\/v2\/product_cat?post=130420"},{"taxonomy":"product_tag","embeddable":true,"href":"https:\/\/exlibris.ee\/en\/wp-json\/wp\/v2\/product_tag?post=130420"},{"taxonomy":"series","embeddable":true,"href":"https:\/\/exlibris.ee\/en\/wp-json\/wp\/v2\/series?post=130420"},{"taxonomy":"publisher","embeddable":true,"href":"https:\/\/exlibris.ee\/en\/wp-json\/wp\/v2\/publisher?post=130420"}],"curies":[{"name":"wp","href":"https:\/\/api.w.org\/{rel}","templated":true}]}}