{"id":130421,"date":"2024-05-02T05:26:51","date_gmt":"2024-05-02T02:26:51","guid":{"rendered":"https:\/\/exlibris.ee\/toode\/ametikeel-turundus-inglise-keele-valjendid-ja-sonavara\/"},"modified":"2026-04-03T13:25:58","modified_gmt":"2026-04-03T10:25:58","slug":"ametikeel-turundus-inglise-keele-valjendid-ja-sonavara","status":"publish","type":"product","link":"https:\/\/exlibris.ee\/en\/product\/ametikeel-turundus-inglise-keele-valjendid-ja-sonavara\/","title":{"rendered":"Ametikeel \u2013 turundus. Inglise keele v\u00e4ljendid ja s\u00f5navara."},"content":{"rendered":"<p>&#8220;Ametikeel&#8221; on teatmeteoste sari, mis on m\u00f5eldud ameti- ja erialase inglise keele oskuse t\u00e4iendamiseks s\u00f5navara ja k\u00e4ibefraaside osas.\u00a0&#8220;Ametikeele&#8221; k\u00e4siraamatutes leidub palju termineid, mida muudes s\u00f5nastikes ja s\u00f5naraamatutes pole. Sarja aluseks on originaalteosed kirjastuselt NATHAN \u201eUtilangues. Professions\u201d. Sarja &#8220;Ametikeel&#8221; k\u00e4siraamatud on praktiliseks abivahendiks t\u00f6\u00f6alasel suhtlemisel. Materjali \u00fclevaatlik liigendus v\u00f5imaldab end h\u00e4sti ette valmistada igaks t\u00f6\u00f6alaseks situatsiooniks ja oma teadmisi kiiresti t\u00e4psustada. P\u00f5hjalik sisukord aitab otsitavat kergesti leida. Sarja &#8220;Ametikeel&#8221; k\u00e4siraamatuid saab efektiivselt kasutada \u00f5ppematerjalina kutsekooli inglise keele tundides, ametikeele erikursustel ja ise\u00f5ppimiseks.<\/p>\n","protected":false},"excerpt":{"rendered":"<p>&#8220;Ametikeel&#8221; on teatmeteoste sari, mis on m\u00f5eldud ameti- ja erialase inglise keele oskuse t\u00e4iendamiseks s\u00f5navara ja k\u00e4ibefraaside osas.\u00a0&#8220;Ametikeele&#8221; k\u00e4siraamatutes leidub palju termineid, mida muudes s\u00f5nastikes ja s\u00f5naraamatutes pole. Sarja aluseks on originaalteosed kirjastuselt NATHAN \u201eUtilangues. Professions\u201d. Sarja &#8220;Ametikeel&#8221; k\u00e4siraamatud on&#8230;<\/p>\n","protected":false},"featured_media":125464,"template":"","meta":{"_acf_changed":false,"inline_featured_image":false},"product_brand":[],"product_cat":[2391],"product_tag":[],"series":[],"publisher":[{"id":692,"name":"TEA","slug":"tea"}],"class_list":{"0":"post-130421","1":"product","2":"type-product","3":"status-publish","4":"has-post-thumbnail","6":"product_cat-tk-inglise","7":"publisher-tea","9":"first","10":"instock","11":"taxable","12":"shipping-taxable","13":"purchasable","14":"product-type-simple"},"acf":[],"_links":{"self":[{"href":"https:\/\/exlibris.ee\/en\/wp-json\/wp\/v2\/product\/130421","targetHints":{"allow":["GET"]}}],"collection":[{"href":"https:\/\/exlibris.ee\/en\/wp-json\/wp\/v2\/product"}],"about":[{"href":"https:\/\/exlibris.ee\/en\/wp-json\/wp\/v2\/types\/product"}],"wp:featuredmedia":[{"embeddable":true,"href":"https:\/\/exlibris.ee\/en\/wp-json\/wp\/v2\/media\/125464"}],"wp:attachment":[{"href":"https:\/\/exlibris.ee\/en\/wp-json\/wp\/v2\/media?parent=130421"}],"wp:term":[{"taxonomy":"product_brand","embeddable":true,"href":"https:\/\/exlibris.ee\/en\/wp-json\/wp\/v2\/product_brand?post=130421"},{"taxonomy":"product_cat","embeddable":true,"href":"https:\/\/exlibris.ee\/en\/wp-json\/wp\/v2\/product_cat?post=130421"},{"taxonomy":"product_tag","embeddable":true,"href":"https:\/\/exlibris.ee\/en\/wp-json\/wp\/v2\/product_tag?post=130421"},{"taxonomy":"series","embeddable":true,"href":"https:\/\/exlibris.ee\/en\/wp-json\/wp\/v2\/series?post=130421"},{"taxonomy":"publisher","embeddable":true,"href":"https:\/\/exlibris.ee\/en\/wp-json\/wp\/v2\/publisher?post=130421"}],"curies":[{"name":"wp","href":"https:\/\/api.w.org\/{rel}","templated":true}]}}