{"id":130425,"date":"2024-05-02T05:26:51","date_gmt":"2024-05-02T02:26:51","guid":{"rendered":"https:\/\/exlibris.ee\/toode\/eesti-keele-sonaraamat-os-1999\/"},"modified":"2026-04-17T19:53:21","modified_gmt":"2026-04-17T16:53:21","slug":"eesti-keele-sonaraamat-os-1999","status":"publish","type":"product","link":"https:\/\/exlibris.ee\/en\/product\/eesti-keele-sonaraamat-os-1999\/","title":{"rendered":"Eesti keele s\u00f5naraamat \u00d5S 1999"},"content":{"rendered":"<p>See on kirjakeele s\u00f5naraamat, mis h\u00f5lmab eelk\u00f5ige kirjakeele kui \u00fcldrahvalikult kasutatava ja \u00fchtseima keelekuju s\u00f5navara. Nii territoriaalsete kui ka sotsiaalsete murrete s\u00f5navara on esindatud \u00fcsna napilt. See on t\u00e4nap\u00e4eva keele s\u00f5naraamat. T\u00e4nap\u00e4eva keel on keel, mida me praegu r\u00e4\u00e4gime ja kirjutame, paraku j\u00e4\u00e4vad k\u00f5ik s\u00f5naraamatud tema esitamisel natuke ajast maha. See on suunav ja soovitav s\u00f5naraamat. Autorid ei ole piirdunud s\u00f5navara kirjeldamisega, vaid on v\u00f5tnud endale veel keelendite hindamise \u00fclesande. \u00dcle 20 aasta tagasi ilmunud \u201e\u00d5igekeelsuss\u00f5naraamatuga\u201d v\u00f5rreldes on aga taas tehtud suur samm k\u00e4skivalt normiliselt suunava ja soovitava normimise poole liikudes, nagu on edenenud ka eesti keelekorralduslik m\u00f5te.<\/p>\n","protected":false},"excerpt":{"rendered":"<p>See on kirjakeele s\u00f5naraamat, mis h\u00f5lmab eelk\u00f5ige kirjakeele kui \u00fcldrahvalikult kasutatava ja \u00fchtseima keelekuju s\u00f5navara. Nii territoriaalsete kui ka sotsiaalsete murrete s\u00f5navara on esindatud \u00fcsna napilt. See on t\u00e4nap\u00e4eva keele s\u00f5naraamat. T\u00e4nap\u00e4eva keel on keel, mida me praegu r\u00e4\u00e4gime ja&#8230;<\/p>\n","protected":false},"featured_media":125428,"template":"","meta":{"_acf_changed":false,"inline_featured_image":false},"product_brand":[],"product_cat":[2390],"product_tag":[],"series":[],"publisher":[{"id":2748,"name":"Eesti Keele Sihtasutus","slug":"eesti-keele-sihtasutus"}],"class_list":{"0":"post-130425","1":"product","2":"type-product","3":"status-publish","4":"has-post-thumbnail","6":"product_cat-tk-eesti","7":"publisher-eesti-keele-sihtasutus","9":"first","10":"instock","11":"taxable","12":"shipping-taxable","13":"purchasable","14":"product-type-simple"},"acf":[],"_links":{"self":[{"href":"https:\/\/exlibris.ee\/en\/wp-json\/wp\/v2\/product\/130425","targetHints":{"allow":["GET"]}}],"collection":[{"href":"https:\/\/exlibris.ee\/en\/wp-json\/wp\/v2\/product"}],"about":[{"href":"https:\/\/exlibris.ee\/en\/wp-json\/wp\/v2\/types\/product"}],"wp:featuredmedia":[{"embeddable":true,"href":"https:\/\/exlibris.ee\/en\/wp-json\/wp\/v2\/media\/125428"}],"wp:attachment":[{"href":"https:\/\/exlibris.ee\/en\/wp-json\/wp\/v2\/media?parent=130425"}],"wp:term":[{"taxonomy":"product_brand","embeddable":true,"href":"https:\/\/exlibris.ee\/en\/wp-json\/wp\/v2\/product_brand?post=130425"},{"taxonomy":"product_cat","embeddable":true,"href":"https:\/\/exlibris.ee\/en\/wp-json\/wp\/v2\/product_cat?post=130425"},{"taxonomy":"product_tag","embeddable":true,"href":"https:\/\/exlibris.ee\/en\/wp-json\/wp\/v2\/product_tag?post=130425"},{"taxonomy":"series","embeddable":true,"href":"https:\/\/exlibris.ee\/en\/wp-json\/wp\/v2\/series?post=130425"},{"taxonomy":"publisher","embeddable":true,"href":"https:\/\/exlibris.ee\/en\/wp-json\/wp\/v2\/publisher?post=130425"}],"curies":[{"name":"wp","href":"https:\/\/api.w.org\/{rel}","templated":true}]}}