{"id":130426,"date":"2024-05-02T05:26:52","date_gmt":"2024-05-02T02:26:52","guid":{"rendered":"https:\/\/exlibris.ee\/toode\/eesti-vene-eesti-oigussonaraamat-i-ii-%d1%8d%d1%81%d1%82%d0%be%d0%bd%d1%81%d0%ba%d0%be-%d1%80%d1%83%d1%81%d1%81%d0%ba%d0%be-%d1%8d%d1%81%d1%82%d0%be%d0%bd%d1%81%d0%ba%d0%b8\/"},"modified":"2026-04-03T13:25:59","modified_gmt":"2026-04-03T10:25:59","slug":"eesti-vene-eesti-oigussonaraamat-i-ii-%d1%8d%d1%81%d1%82%d0%be%d0%bd%d1%81%d0%ba%d0%be-%d1%80%d1%83%d1%81%d1%81%d0%ba%d0%be-%d1%8d%d1%81%d1%82%d0%be%d0%bd%d1%81%d0%ba%d0%b8","status":"publish","type":"product","link":"https:\/\/exlibris.ee\/en\/product\/eesti-vene-eesti-oigussonaraamat-i-ii-%d1%8d%d1%81%d1%82%d0%be%d0%bd%d1%81%d0%ba%d0%be-%d1%80%d1%83%d1%81%d1%81%d0%ba%d0%be-%d1%8d%d1%81%d1%82%d0%be%d0%bd%d1%81%d0%ba%d0%b8\/","title":{"rendered":"Eesti-vene-eesti \u00f5iguss\u00f5naraamat I &amp; II \/ \u042d\u0441\u0442\u043e\u043d\u0441\u043a\u043e\u2013\u0440\u0443\u0441\u0441\u043a\u043e\u2013\u044d\u0441\u0442\u043e\u043d\u0441\u043a\u0438\u0439 \u0441\u043b\u043e\u0432\u0430\u0440\u044c I &amp; II"},"content":{"rendered":"<p>S\u00f5naraamat on m\u00f5eldud k\u00f5igile, kel kokkupuude venekeelse juriidilise s\u00f5navaraga. Kaheosalises s\u00f5naraamatus on kokku ligi 50 000 s\u00f5na ja s\u00f5na\u00fchendit.<\/p>\n","protected":false},"excerpt":{"rendered":"<p>S\u00f5naraamat on m\u00f5eldud k\u00f5igile, kel kokkupuude venekeelse juriidilise s\u00f5navaraga. Kaheosalises s\u00f5naraamatus on kokku ligi 50 000 s\u00f5na ja s\u00f5na\u00fchendit.<\/p>\n","protected":false},"featured_media":125515,"template":"","meta":{"_acf_changed":false,"inline_featured_image":false},"product_brand":[],"product_cat":[2392],"product_tag":[],"series":[],"publisher":[{"id":2751,"name":"Estada","slug":"estada"}],"class_list":{"0":"post-130426","1":"product","2":"type-product","3":"status-publish","4":"has-post-thumbnail","6":"product_cat-tk-vene","7":"publisher-estada","9":"first","10":"instock","11":"taxable","12":"shipping-taxable","13":"purchasable","14":"product-type-simple"},"acf":[],"_links":{"self":[{"href":"https:\/\/exlibris.ee\/en\/wp-json\/wp\/v2\/product\/130426","targetHints":{"allow":["GET"]}}],"collection":[{"href":"https:\/\/exlibris.ee\/en\/wp-json\/wp\/v2\/product"}],"about":[{"href":"https:\/\/exlibris.ee\/en\/wp-json\/wp\/v2\/types\/product"}],"wp:featuredmedia":[{"embeddable":true,"href":"https:\/\/exlibris.ee\/en\/wp-json\/wp\/v2\/media\/125515"}],"wp:attachment":[{"href":"https:\/\/exlibris.ee\/en\/wp-json\/wp\/v2\/media?parent=130426"}],"wp:term":[{"taxonomy":"product_brand","embeddable":true,"href":"https:\/\/exlibris.ee\/en\/wp-json\/wp\/v2\/product_brand?post=130426"},{"taxonomy":"product_cat","embeddable":true,"href":"https:\/\/exlibris.ee\/en\/wp-json\/wp\/v2\/product_cat?post=130426"},{"taxonomy":"product_tag","embeddable":true,"href":"https:\/\/exlibris.ee\/en\/wp-json\/wp\/v2\/product_tag?post=130426"},{"taxonomy":"series","embeddable":true,"href":"https:\/\/exlibris.ee\/en\/wp-json\/wp\/v2\/series?post=130426"},{"taxonomy":"publisher","embeddable":true,"href":"https:\/\/exlibris.ee\/en\/wp-json\/wp\/v2\/publisher?post=130426"}],"curies":[{"name":"wp","href":"https:\/\/api.w.org\/{rel}","templated":true}]}}