{"id":133056,"date":"2024-05-18T03:57:04","date_gmt":"2024-05-18T00:57:04","guid":{"rendered":"https:\/\/exlibris.ee\/toode\/lets-start-business-audio-cd\/"},"modified":"2026-04-19T17:51:10","modified_gmt":"2026-04-19T14:51:10","slug":"lets-start-business-audio-cd","status":"publish","type":"product","link":"https:\/\/exlibris.ee\/en\/product\/lets-start-business-audio-cd\/","title":{"rendered":"Let\u00b4s Start Business + Audio-CD"},"content":{"rendered":"<p>T\u00e4ielikult \u00fcmber t\u00f6\u00f6tatud ja t\u00e4nap\u00e4evastatud inglise \u00e4rikeele \u00f5ppekomplekt kesktasemele. <\/p>\n<p>Let\u00b4s Start Business on uus versioon varem ilmunud samanimelisest \u00f5pikust, mis sisaldab t\u00e4nap\u00e4evast t\u00f6\u00f6alase inglise keele \u00f5ppematerjali. \u00d5ppekomplekt eeldab kasutajalt inglise keele p\u00f5higrammatika ja \u00fclds\u00f5navara tundmist. See on m\u00f5eldud nii ise\u00f5ppijale kui ka kursusel kasutamiseks. <\/p>\n<p>Let\u00b4s Start Business k\u00e4sitleb k\u00f5iki olulisi \u00e4rivaldkondi, alustades \u00e4riideest ja ettev\u00f5tlusest ning l\u00f5petades reklaamimise, hoiustamise ja investeerimisega. Praktilised testid, mitmekesised harjutused ning elulised ja huvitavad kuulamis\u00fclesanded aitavad \u00f5ppijal \u00e4rikeelt kiiresti ja kergesti omandada.<\/p>\n","protected":false},"excerpt":{"rendered":"<p>T\u00e4ielikult \u00fcmber t\u00f6\u00f6tatud ja t\u00e4nap\u00e4evastatud inglise \u00e4rikeele \u00f5ppekomplekt kesktasemele. Let\u00b4s Start Business on uus versioon varem ilmunud samanimelisest \u00f5pikust, mis sisaldab t\u00e4nap\u00e4evast t\u00f6\u00f6alase inglise keele \u00f5ppematerjali. \u00d5ppekomplekt eeldab kasutajalt inglise keele p\u00f5higrammatika ja \u00fclds\u00f5navara tundmist. See on m\u00f5eldud nii ise\u00f5ppijale&#8230;<\/p>\n","protected":false},"featured_media":119133,"template":"","meta":{"_acf_changed":false,"inline_featured_image":false},"product_brand":[],"product_cat":[196],"product_tag":[],"series":[],"publisher":[{"id":692,"name":"TEA","slug":"tea"}],"class_list":{"0":"post-133056","1":"product","2":"type-product","3":"status-publish","4":"has-post-thumbnail","6":"product_cat-professional-and-business-english","7":"publisher-tea","9":"first","10":"instock","11":"taxable","12":"shipping-taxable","13":"purchasable","14":"product-type-simple"},"acf":[],"_links":{"self":[{"href":"https:\/\/exlibris.ee\/en\/wp-json\/wp\/v2\/product\/133056","targetHints":{"allow":["GET"]}}],"collection":[{"href":"https:\/\/exlibris.ee\/en\/wp-json\/wp\/v2\/product"}],"about":[{"href":"https:\/\/exlibris.ee\/en\/wp-json\/wp\/v2\/types\/product"}],"wp:featuredmedia":[{"embeddable":true,"href":"https:\/\/exlibris.ee\/en\/wp-json\/wp\/v2\/media\/119133"}],"wp:attachment":[{"href":"https:\/\/exlibris.ee\/en\/wp-json\/wp\/v2\/media?parent=133056"}],"wp:term":[{"taxonomy":"product_brand","embeddable":true,"href":"https:\/\/exlibris.ee\/en\/wp-json\/wp\/v2\/product_brand?post=133056"},{"taxonomy":"product_cat","embeddable":true,"href":"https:\/\/exlibris.ee\/en\/wp-json\/wp\/v2\/product_cat?post=133056"},{"taxonomy":"product_tag","embeddable":true,"href":"https:\/\/exlibris.ee\/en\/wp-json\/wp\/v2\/product_tag?post=133056"},{"taxonomy":"series","embeddable":true,"href":"https:\/\/exlibris.ee\/en\/wp-json\/wp\/v2\/series?post=133056"},{"taxonomy":"publisher","embeddable":true,"href":"https:\/\/exlibris.ee\/en\/wp-json\/wp\/v2\/publisher?post=133056"}],"curies":[{"name":"wp","href":"https:\/\/api.w.org\/{rel}","templated":true}]}}