{"id":133061,"date":"2024-05-19T02:45:24","date_gmt":"2024-05-18T23:45:24","guid":{"rendered":"https:\/\/exlibris.ee\/toode\/loomarublikute-lood\/"},"modified":"2026-04-13T09:31:49","modified_gmt":"2026-04-13T06:31:49","slug":"loomarublikute-lood","status":"publish","type":"product","link":"https:\/\/exlibris.ee\/en\/product\/loomarublikute-lood\/","title":{"rendered":"Loomar\u00fcblikute lood"},"content":{"rendered":"<p>Oled sa kunagi m\u00f5telnud: Kas konnad oskavad luuletada? Kuidas p\u00e4\u00e4seda pelikani noka vahelt? Kas elevandid suudavad lennata? Miks krokodillid nutavad? Miks j\u00f5ehobud ei s\u00f6\u00f6 vetikaid? Raamat on k\u00f5vade kaante ja v\u00e4rvilise sisuga. Raamatu m\u00f5\u00f5dud on 161\u0445240 mm, maht 24 lehek\u00fclge.<\/p>\n","protected":false},"excerpt":{"rendered":"<p>Oled sa kunagi m\u00f5telnud: Kas konnad oskavad luuletada? Kuidas p\u00e4\u00e4seda pelikani noka vahelt? Kas elevandid suudavad lennata? Miks krokodillid nutavad? Miks j\u00f5ehobud ei s\u00f6\u00f6 vetikaid? Raamat on k\u00f5vade kaante ja v\u00e4rvilise sisuga. Raamatu m\u00f5\u00f5dud on 161\u0445240 mm, maht 24 lehek\u00fclge.<\/p>\n","protected":false},"featured_media":133161,"template":"","meta":{"_acf_changed":false,"inline_featured_image":false},"product_brand":[],"product_cat":[2410],"product_tag":[],"series":[],"publisher":[{"id":2830,"name":"Hea Tegu","slug":"hea-tegu"}],"class_list":{"0":"post-133061","1":"product","2":"type-product","3":"status-publish","4":"has-post-thumbnail","6":"product_cat-rlas-eesti","7":"publisher-hea-tegu","9":"first","10":"onbackorder","11":"taxable","12":"shipping-taxable","13":"purchasable","14":"product-type-simple"},"acf":[],"_links":{"self":[{"href":"https:\/\/exlibris.ee\/en\/wp-json\/wp\/v2\/product\/133061","targetHints":{"allow":["GET"]}}],"collection":[{"href":"https:\/\/exlibris.ee\/en\/wp-json\/wp\/v2\/product"}],"about":[{"href":"https:\/\/exlibris.ee\/en\/wp-json\/wp\/v2\/types\/product"}],"wp:featuredmedia":[{"embeddable":true,"href":"https:\/\/exlibris.ee\/en\/wp-json\/wp\/v2\/media\/133161"}],"wp:attachment":[{"href":"https:\/\/exlibris.ee\/en\/wp-json\/wp\/v2\/media?parent=133061"}],"wp:term":[{"taxonomy":"product_brand","embeddable":true,"href":"https:\/\/exlibris.ee\/en\/wp-json\/wp\/v2\/product_brand?post=133061"},{"taxonomy":"product_cat","embeddable":true,"href":"https:\/\/exlibris.ee\/en\/wp-json\/wp\/v2\/product_cat?post=133061"},{"taxonomy":"product_tag","embeddable":true,"href":"https:\/\/exlibris.ee\/en\/wp-json\/wp\/v2\/product_tag?post=133061"},{"taxonomy":"series","embeddable":true,"href":"https:\/\/exlibris.ee\/en\/wp-json\/wp\/v2\/series?post=133061"},{"taxonomy":"publisher","embeddable":true,"href":"https:\/\/exlibris.ee\/en\/wp-json\/wp\/v2\/publisher?post=133061"}],"curies":[{"name":"wp","href":"https:\/\/api.w.org\/{rel}","templated":true}]}}