{"id":133309,"date":"2024-05-22T01:08:22","date_gmt":"2024-05-21T22:08:22","guid":{"rendered":"https:\/\/exlibris.ee\/toode\/rootsi-keele-opik\/"},"modified":"2026-04-03T15:26:56","modified_gmt":"2026-04-03T12:26:56","slug":"rootsi-keele-opik","status":"publish","type":"product","link":"https:\/\/exlibris.ee\/en\/product\/rootsi-keele-opik\/","title":{"rendered":"Rootsi keele \u00f5pik"},"content":{"rendered":"<p>K\u00e4esolev \u00f5pik on m\u00f5eldud k\u00f5igile, kes soovivad alustada rootsi keele \u00f5ppimist v\u00f5i v\u00e4rskendada kunagi omandatud keeleoskust. \u00d5pikut on v\u00f5imalik kasutada ka keelekursustel. \u00d5pik sisaldab 40 peat\u00fckki, neist 30 on varustatud grammatiliste seletuste ja harjutustega, 10 viimast teksti on m\u00f5eldud lekt\u00fc\u00fcriks. Sissejuhatavas osas on antud l\u00fchi\u00fclevaade rootsi keele h\u00e4\u00e4ldusest. \u00d5piku l\u00f5pus on esitatud m\u00f5ned grammatikatabelid, t\u00f5lkeharjutuste v\u00f5ti, t\u00e4hestikuline grammatilise osa ja rootsi s\u00f5nade register ning l\u00fchike eesti-rootsi s\u00f5nastik.<\/p>\n","protected":false},"excerpt":{"rendered":"<p>K\u00e4esolev \u00f5pik on m\u00f5eldud k\u00f5igile, kes soovivad alustada rootsi keele \u00f5ppimist v\u00f5i v\u00e4rskendada kunagi omandatud keeleoskust. \u00d5pikut on v\u00f5imalik kasutada ka keelekursustel. \u00d5pik sisaldab 40 peat\u00fckki, neist 30 on varustatud grammatiliste seletuste ja harjutustega, 10 viimast teksti on m\u00f5eldud lekt\u00fc\u00fcriks&#8230;.<\/p>\n","protected":false},"featured_media":133228,"template":"","meta":{"_acf_changed":false,"inline_featured_image":false},"product_brand":[],"product_cat":[2393],"product_tag":[],"series":[],"publisher":[{"id":2174,"name":"Valgus","slug":"valgus"}],"class_list":{"0":"post-133309","1":"product","2":"type-product","3":"status-publish","4":"has-post-thumbnail","6":"product_cat-tk-muud","7":"publisher-valgus","9":"first","10":"instock","11":"taxable","12":"shipping-taxable","13":"purchasable","14":"product-type-simple"},"acf":[],"_links":{"self":[{"href":"https:\/\/exlibris.ee\/en\/wp-json\/wp\/v2\/product\/133309","targetHints":{"allow":["GET"]}}],"collection":[{"href":"https:\/\/exlibris.ee\/en\/wp-json\/wp\/v2\/product"}],"about":[{"href":"https:\/\/exlibris.ee\/en\/wp-json\/wp\/v2\/types\/product"}],"wp:featuredmedia":[{"embeddable":true,"href":"https:\/\/exlibris.ee\/en\/wp-json\/wp\/v2\/media\/133228"}],"wp:attachment":[{"href":"https:\/\/exlibris.ee\/en\/wp-json\/wp\/v2\/media?parent=133309"}],"wp:term":[{"taxonomy":"product_brand","embeddable":true,"href":"https:\/\/exlibris.ee\/en\/wp-json\/wp\/v2\/product_brand?post=133309"},{"taxonomy":"product_cat","embeddable":true,"href":"https:\/\/exlibris.ee\/en\/wp-json\/wp\/v2\/product_cat?post=133309"},{"taxonomy":"product_tag","embeddable":true,"href":"https:\/\/exlibris.ee\/en\/wp-json\/wp\/v2\/product_tag?post=133309"},{"taxonomy":"series","embeddable":true,"href":"https:\/\/exlibris.ee\/en\/wp-json\/wp\/v2\/series?post=133309"},{"taxonomy":"publisher","embeddable":true,"href":"https:\/\/exlibris.ee\/en\/wp-json\/wp\/v2\/publisher?post=133309"}],"curies":[{"name":"wp","href":"https:\/\/api.w.org\/{rel}","templated":true}]}}