{"id":133345,"date":"2024-05-22T03:41:04","date_gmt":"2024-05-22T00:41:04","guid":{"rendered":"https:\/\/exlibris.ee\/toode\/toolevotuvestlus\/"},"modified":"2026-04-05T19:38:48","modified_gmt":"2026-04-05T16:38:48","slug":"toolevotuvestlus","status":"publish","type":"product","link":"https:\/\/exlibris.ee\/en\/product\/toolevotuvestlus\/","title":{"rendered":"T\u00f6\u00f6lev\u00f5tuvestlus"},"content":{"rendered":"<p>Praktilised n\u00f5uanded selle kohta, kuidas vormistada kuulutust, juhtida vestlust, m\u00f5ista kehakeelt ja valida v\u00e4lja sobiv kandidaat.<\/p>\n","protected":false},"excerpt":{"rendered":"<p>Praktilised n\u00f5uanded selle kohta, kuidas vormistada kuulutust, juhtida vestlust, m\u00f5ista kehakeelt ja valida v\u00e4lja sobiv kandidaat.<\/p>\n","protected":false},"featured_media":133279,"template":"","meta":{"_acf_changed":false,"inline_featured_image":false},"product_brand":[],"product_cat":[2421],"product_tag":[],"series":[],"publisher":[{"id":2359,"name":"Dorling Kindersley","slug":"dorling-kindersley"}],"class_list":{"0":"post-133345","1":"product","2":"type-product","3":"status-publish","4":"has-post-thumbnail","6":"product_cat-rmaj-eesti","7":"publisher-dorling-kindersley","9":"first","10":"instock","11":"taxable","12":"shipping-taxable","13":"purchasable","14":"product-type-simple"},"acf":[],"_links":{"self":[{"href":"https:\/\/exlibris.ee\/en\/wp-json\/wp\/v2\/product\/133345","targetHints":{"allow":["GET"]}}],"collection":[{"href":"https:\/\/exlibris.ee\/en\/wp-json\/wp\/v2\/product"}],"about":[{"href":"https:\/\/exlibris.ee\/en\/wp-json\/wp\/v2\/types\/product"}],"wp:featuredmedia":[{"embeddable":true,"href":"https:\/\/exlibris.ee\/en\/wp-json\/wp\/v2\/media\/133279"}],"wp:attachment":[{"href":"https:\/\/exlibris.ee\/en\/wp-json\/wp\/v2\/media?parent=133345"}],"wp:term":[{"taxonomy":"product_brand","embeddable":true,"href":"https:\/\/exlibris.ee\/en\/wp-json\/wp\/v2\/product_brand?post=133345"},{"taxonomy":"product_cat","embeddable":true,"href":"https:\/\/exlibris.ee\/en\/wp-json\/wp\/v2\/product_cat?post=133345"},{"taxonomy":"product_tag","embeddable":true,"href":"https:\/\/exlibris.ee\/en\/wp-json\/wp\/v2\/product_tag?post=133345"},{"taxonomy":"series","embeddable":true,"href":"https:\/\/exlibris.ee\/en\/wp-json\/wp\/v2\/series?post=133345"},{"taxonomy":"publisher","embeddable":true,"href":"https:\/\/exlibris.ee\/en\/wp-json\/wp\/v2\/publisher?post=133345"}],"curies":[{"name":"wp","href":"https:\/\/api.w.org\/{rel}","templated":true}]}}