{"id":133846,"date":"2024-06-05T01:08:22","date_gmt":"2024-06-04T22:08:22","guid":{"rendered":"https:\/\/exlibris.ee\/toode\/toooigusalase-dokumentatsiooni-koostamine\/"},"modified":"2026-04-17T23:49:37","modified_gmt":"2026-04-17T20:49:37","slug":"toooigusalase-dokumentatsiooni-koostamine","status":"publish","type":"product","link":"https:\/\/exlibris.ee\/en\/product\/toooigusalase-dokumentatsiooni-koostamine\/","title":{"rendered":"T\u00f6\u00f6\u00f5igusalase dokumentatsiooni koostamine"},"content":{"rendered":"<p>T\u00f6\u00f6andjatel tuleb kindlasti kokku puutuda t\u00f6\u00f6\u00f5igusalaste dokumentide koostamise ja vormistamisega. Tihti juhtub, et m\u00f5ne dokumendi puudumine v\u00f5i halvasti koostatud dokument on hiljem tekitanud mitmeid probleeme. Ettev\u00f5tjale on kahtlemata valus kui probleemi lahendamiseks on ta sunnitud tegema rahalisi v\u00e4ljaminekuid ja kulutama kallist t\u00f6\u00f6aega. K\u00e4esolev raamat ongi valminud eesm\u00e4rgiga aidata t\u00f6\u00f6andjatel kergemini vormistada t\u00f6\u00f6\u00f5igusalaseid dokumente. K\u00e4sitletud on k\u00f5ige sagedamini ettetulevaid t\u00f6\u00f6\u00f5igusalaseid dokumente nagu t\u00f6\u00f6lepingud ja distsiplinaarvastutusega seonduvad dokumendid, kuid lisaks on veel palju muid ettev\u00f5ttes vajalike dokumentide n\u00e4idiseid.<\/p>\n","protected":false},"excerpt":{"rendered":"<p>T\u00f6\u00f6andjatel tuleb kindlasti kokku puutuda t\u00f6\u00f6\u00f5igusalaste dokumentide koostamise ja vormistamisega. Tihti juhtub, et m\u00f5ne dokumendi puudumine v\u00f5i halvasti koostatud dokument on hiljem tekitanud mitmeid probleeme. Ettev\u00f5tjale on kahtlemata valus kui probleemi lahendamiseks on ta sunnitud tegema rahalisi v\u00e4ljaminekuid ja kulutama&#8230;<\/p>\n","protected":false},"featured_media":133437,"template":"","meta":{"_acf_changed":false,"inline_featured_image":false},"product_brand":[],"product_cat":[2349],"product_tag":[],"series":[],"publisher":[{"id":2848,"name":"Ten-Team O\u00dc","slug":"ten-team-ou"}],"class_list":{"0":"post-133846","1":"product","2":"type-product","3":"status-publish","4":"has-post-thumbnail","6":"product_cat-tr-eesti","7":"publisher-ten-team-ou","9":"first","10":"instock","11":"taxable","12":"shipping-taxable","13":"purchasable","14":"product-type-simple"},"acf":[],"_links":{"self":[{"href":"https:\/\/exlibris.ee\/en\/wp-json\/wp\/v2\/product\/133846","targetHints":{"allow":["GET"]}}],"collection":[{"href":"https:\/\/exlibris.ee\/en\/wp-json\/wp\/v2\/product"}],"about":[{"href":"https:\/\/exlibris.ee\/en\/wp-json\/wp\/v2\/types\/product"}],"wp:featuredmedia":[{"embeddable":true,"href":"https:\/\/exlibris.ee\/en\/wp-json\/wp\/v2\/media\/133437"}],"wp:attachment":[{"href":"https:\/\/exlibris.ee\/en\/wp-json\/wp\/v2\/media?parent=133846"}],"wp:term":[{"taxonomy":"product_brand","embeddable":true,"href":"https:\/\/exlibris.ee\/en\/wp-json\/wp\/v2\/product_brand?post=133846"},{"taxonomy":"product_cat","embeddable":true,"href":"https:\/\/exlibris.ee\/en\/wp-json\/wp\/v2\/product_cat?post=133846"},{"taxonomy":"product_tag","embeddable":true,"href":"https:\/\/exlibris.ee\/en\/wp-json\/wp\/v2\/product_tag?post=133846"},{"taxonomy":"series","embeddable":true,"href":"https:\/\/exlibris.ee\/en\/wp-json\/wp\/v2\/series?post=133846"},{"taxonomy":"publisher","embeddable":true,"href":"https:\/\/exlibris.ee\/en\/wp-json\/wp\/v2\/publisher?post=133846"}],"curies":[{"name":"wp","href":"https:\/\/api.w.org\/{rel}","templated":true}]}}