{"id":133848,"date":"2024-06-05T01:08:22","date_gmt":"2024-06-04T22:08:22","guid":{"rendered":"https:\/\/exlibris.ee\/toode\/arimehe-toonadal-eesti-vene-inglise-taskuvestmik-arimeestele-%d1%80%d0%b0%d0%b1%d0%be%d1%87%d0%b0%d1%8f-%d0%bd%d0%b5%d0%b4%d0%b5%d0%bb%d1%8f-%d0%b1%d0%b8%d0%b7%d0%bd%d0%b5%d1%81%d0%bc%d0%b5%d0%bd\/"},"modified":"2026-04-17T23:49:37","modified_gmt":"2026-04-17T20:49:37","slug":"arimehe-toonadal-eesti-vene-inglise-taskuvestmik-arimeestele-%d1%80%d0%b0%d0%b1%d0%be%d1%87%d0%b0%d1%8f-%d0%bd%d0%b5%d0%b4%d0%b5%d0%bb%d1%8f-%d0%b1%d0%b8%d0%b7%d0%bd%d0%b5%d1%81%d0%bc%d0%b5%d0%bd","status":"publish","type":"product","link":"https:\/\/exlibris.ee\/en\/product\/arimehe-toonadal-eesti-vene-inglise-taskuvestmik-arimeestele-%d1%80%d0%b0%d0%b1%d0%be%d1%87%d0%b0%d1%8f-%d0%bd%d0%b5%d0%b4%d0%b5%d0%bb%d1%8f-%d0%b1%d0%b8%d0%b7%d0%bd%d0%b5%d1%81%d0%bc%d0%b5%d0%bd\/","title":{"rendered":"\u00c4rimehe t\u00f6\u00f6n\u00e4dal. Eesti-vene-inglise taskuvestmik \u00e4rimeestele. &#8211; \u0420\u0430\u0431\u043e\u0447\u0430\u044f \u043d\u0435\u0434\u0435\u043b\u044f \u0431\u0438\u0437\u043d\u0435\u0441\u043c\u0435\u043d\u0430. \u042d\u0441\u0442\u043e\u043d\u0441\u043a\u043e-\u0440\u0443\u0441\u0441\u043a\u043e-\u0430\u043d\u0433\u043b\u0438\u0439\u0441\u043a\u0438\u0439 \u0440\u0430\u0437\u0433\u043e\u0432\u043e\u0440\u043d\u0438\u043a \u0434\u043b\u044f \u0434\u0435\u043b\u043e\u0432\u044b\u0445 \u043b\u044e\u0434\u0435\u0439. &#8211; A week of business. Business conversations in Estonian, Russian and English"},"content":{"rendered":"<p>Vestmik on m\u00f5eldud eesk\u00e4tt firma- ja \u00e4rijuhtidele, kes vajavad keelelist tuge \u00e4rialaste kontaktide loomisel nii vene kui ka inglise keelt k\u00f5nelevate \u00e4ripartneritega. See v\u00f5ib huvi pakkuda ka vene rahvusest \u00e4rimeestele, kelle inglise (eesti) keele oskus on k\u00fcllaldane igap\u00e4evaseks suhtlemiseks, ent ebapiisav edukaks \u00e4rialaseks koost\u00f6\u00f6ks inglise (eesti) keeles.Vestmiku materjal on koondatud viide peat\u00fckki. Iga peat\u00fckk kujutab endast \u00e4rimehe t\u00f6\u00f6n\u00e4dala \u00fcht p\u00e4eva.<\/p>\n","protected":false},"excerpt":{"rendered":"<p>Vestmik on m\u00f5eldud eesk\u00e4tt firma- ja \u00e4rijuhtidele, kes vajavad keelelist tuge \u00e4rialaste kontaktide loomisel nii vene kui ka inglise keelt k\u00f5nelevate \u00e4ripartneritega. See v\u00f5ib huvi pakkuda ka vene rahvusest \u00e4rimeestele, kelle inglise (eesti) keele oskus on k\u00fcllaldane igap\u00e4evaseks suhtlemiseks, ent&#8230;<\/p>\n","protected":false},"featured_media":121607,"template":"","meta":{"_acf_changed":false,"inline_featured_image":false},"product_brand":[],"product_cat":[2349],"product_tag":[],"series":[],"publisher":[{"id":2849,"name":"Mainor GR","slug":"mainor-gr"}],"class_list":{"0":"post-133848","1":"product","2":"type-product","3":"status-publish","4":"has-post-thumbnail","6":"product_cat-tr-eesti","7":"publisher-mainor-gr","9":"first","10":"instock","11":"taxable","12":"shipping-taxable","13":"purchasable","14":"product-type-simple"},"acf":[],"_links":{"self":[{"href":"https:\/\/exlibris.ee\/en\/wp-json\/wp\/v2\/product\/133848","targetHints":{"allow":["GET"]}}],"collection":[{"href":"https:\/\/exlibris.ee\/en\/wp-json\/wp\/v2\/product"}],"about":[{"href":"https:\/\/exlibris.ee\/en\/wp-json\/wp\/v2\/types\/product"}],"wp:featuredmedia":[{"embeddable":true,"href":"https:\/\/exlibris.ee\/en\/wp-json\/wp\/v2\/media\/121607"}],"wp:attachment":[{"href":"https:\/\/exlibris.ee\/en\/wp-json\/wp\/v2\/media?parent=133848"}],"wp:term":[{"taxonomy":"product_brand","embeddable":true,"href":"https:\/\/exlibris.ee\/en\/wp-json\/wp\/v2\/product_brand?post=133848"},{"taxonomy":"product_cat","embeddable":true,"href":"https:\/\/exlibris.ee\/en\/wp-json\/wp\/v2\/product_cat?post=133848"},{"taxonomy":"product_tag","embeddable":true,"href":"https:\/\/exlibris.ee\/en\/wp-json\/wp\/v2\/product_tag?post=133848"},{"taxonomy":"series","embeddable":true,"href":"https:\/\/exlibris.ee\/en\/wp-json\/wp\/v2\/series?post=133848"},{"taxonomy":"publisher","embeddable":true,"href":"https:\/\/exlibris.ee\/en\/wp-json\/wp\/v2\/publisher?post=133848"}],"curies":[{"name":"wp","href":"https:\/\/api.w.org\/{rel}","templated":true}]}}