{"id":133854,"date":"2024-06-05T01:08:23","date_gmt":"2024-06-04T22:08:23","guid":{"rendered":"https:\/\/exlibris.ee\/toode\/loo-ja-arenda-oma-firmat-vaikeettevotte-majandamine-ariabi-ameerikast-ii-osa\/"},"modified":"2026-04-17T23:49:38","modified_gmt":"2026-04-17T20:49:38","slug":"loo-ja-arenda-oma-firmat-vaikeettevotte-majandamine-ariabi-ameerikast-ii-osa","status":"publish","type":"product","link":"https:\/\/exlibris.ee\/en\/product\/loo-ja-arenda-oma-firmat-vaikeettevotte-majandamine-ariabi-ameerikast-ii-osa\/","title":{"rendered":"Loo ja arenda oma firmat: v\u00e4ikeettev\u00f5tte majandamine. \u00c4riabi Ameerikast II osa"},"content":{"rendered":"","protected":false},"excerpt":{"rendered":"","protected":false},"featured_media":133467,"template":"","meta":{"_acf_changed":false,"inline_featured_image":false},"product_brand":[],"product_cat":[2349],"product_tag":[],"series":[],"publisher":[{"id":2853,"name":"Hara","slug":"hara"}],"class_list":{"0":"post-133854","1":"product","2":"type-product","3":"status-publish","4":"has-post-thumbnail","6":"product_cat-tr-eesti","7":"publisher-hara","9":"first","10":"instock","11":"taxable","12":"shipping-taxable","13":"purchasable","14":"product-type-simple"},"acf":[],"_links":{"self":[{"href":"https:\/\/exlibris.ee\/en\/wp-json\/wp\/v2\/product\/133854","targetHints":{"allow":["GET"]}}],"collection":[{"href":"https:\/\/exlibris.ee\/en\/wp-json\/wp\/v2\/product"}],"about":[{"href":"https:\/\/exlibris.ee\/en\/wp-json\/wp\/v2\/types\/product"}],"wp:featuredmedia":[{"embeddable":true,"href":"https:\/\/exlibris.ee\/en\/wp-json\/wp\/v2\/media\/133467"}],"wp:attachment":[{"href":"https:\/\/exlibris.ee\/en\/wp-json\/wp\/v2\/media?parent=133854"}],"wp:term":[{"taxonomy":"product_brand","embeddable":true,"href":"https:\/\/exlibris.ee\/en\/wp-json\/wp\/v2\/product_brand?post=133854"},{"taxonomy":"product_cat","embeddable":true,"href":"https:\/\/exlibris.ee\/en\/wp-json\/wp\/v2\/product_cat?post=133854"},{"taxonomy":"product_tag","embeddable":true,"href":"https:\/\/exlibris.ee\/en\/wp-json\/wp\/v2\/product_tag?post=133854"},{"taxonomy":"series","embeddable":true,"href":"https:\/\/exlibris.ee\/en\/wp-json\/wp\/v2\/series?post=133854"},{"taxonomy":"publisher","embeddable":true,"href":"https:\/\/exlibris.ee\/en\/wp-json\/wp\/v2\/publisher?post=133854"}],"curies":[{"name":"wp","href":"https:\/\/api.w.org\/{rel}","templated":true}]}}