{"id":133867,"date":"2024-06-05T01:08:26","date_gmt":"2024-06-04T22:08:26","guid":{"rendered":"https:\/\/exlibris.ee\/toode\/estnische-sprichworter-v2\/"},"modified":"2026-04-19T19:37:17","modified_gmt":"2026-04-19T16:37:17","slug":"estnische-sprichworter-v2","status":"publish","type":"product","link":"https:\/\/exlibris.ee\/en\/product\/estnische-sprichworter-v2\/","title":{"rendered":"Estnische Sprichw\u00f6rter V:2"},"content":{"rendered":"<p>In der Publikationsreihe \u201eEstnische Sprichw\u00f6rter\u201d (Monumenta Estoniae Antiquae III) sind alle bischer bekannten estnischen Sprichw\u00f6rtertypen m\u00f6glichst vollst\u00e4ndig vertreten. Auch wurden alle bekannten, w\u00f6rtlich unterschiedlichen estnischen Sprichw\u00f6rtertexte gedruckt.<\/p>\n","protected":false},"excerpt":{"rendered":"<p>In der Publikationsreihe \u201eEstnische Sprichw\u00f6rter\u201d (Monumenta Estoniae Antiquae III) sind alle bischer bekannten estnischen Sprichw\u00f6rtertypen m\u00f6glichst vollst\u00e4ndig vertreten. Auch wurden alle bekannten, w\u00f6rtlich unterschiedlichen estnischen Sprichw\u00f6rtertexte gedruckt.<\/p>\n","protected":false},"featured_media":133452,"template":"","meta":{"_acf_changed":false,"inline_featured_image":false},"product_brand":[],"product_cat":[2406],"product_tag":[],"series":[],"publisher":[{"id":2863,"name":"Eesti Raamat","slug":"eesti-raamat"}],"class_list":{"0":"post-133867","1":"product","2":"type-product","3":"status-publish","4":"has-post-thumbnail","6":"product_cat-rkul-eesti","7":"publisher-eesti-raamat","9":"first","10":"instock","11":"taxable","12":"shipping-taxable","13":"purchasable","14":"product-type-simple"},"acf":[],"_links":{"self":[{"href":"https:\/\/exlibris.ee\/en\/wp-json\/wp\/v2\/product\/133867","targetHints":{"allow":["GET"]}}],"collection":[{"href":"https:\/\/exlibris.ee\/en\/wp-json\/wp\/v2\/product"}],"about":[{"href":"https:\/\/exlibris.ee\/en\/wp-json\/wp\/v2\/types\/product"}],"wp:featuredmedia":[{"embeddable":true,"href":"https:\/\/exlibris.ee\/en\/wp-json\/wp\/v2\/media\/133452"}],"wp:attachment":[{"href":"https:\/\/exlibris.ee\/en\/wp-json\/wp\/v2\/media?parent=133867"}],"wp:term":[{"taxonomy":"product_brand","embeddable":true,"href":"https:\/\/exlibris.ee\/en\/wp-json\/wp\/v2\/product_brand?post=133867"},{"taxonomy":"product_cat","embeddable":true,"href":"https:\/\/exlibris.ee\/en\/wp-json\/wp\/v2\/product_cat?post=133867"},{"taxonomy":"product_tag","embeddable":true,"href":"https:\/\/exlibris.ee\/en\/wp-json\/wp\/v2\/product_tag?post=133867"},{"taxonomy":"series","embeddable":true,"href":"https:\/\/exlibris.ee\/en\/wp-json\/wp\/v2\/series?post=133867"},{"taxonomy":"publisher","embeddable":true,"href":"https:\/\/exlibris.ee\/en\/wp-json\/wp\/v2\/publisher?post=133867"}],"curies":[{"name":"wp","href":"https:\/\/api.w.org\/{rel}","templated":true}]}}