{"id":133877,"date":"2024-06-05T01:08:27","date_gmt":"2024-06-04T22:08:27","guid":{"rendered":"https:\/\/exlibris.ee\/toode\/kuidas-opetada-ja-oppida-koostama-kommunikatiivset-vaartuslikke-teste-vene-ja-eesti-keele-opetamise-metoodika-oppevahend\/"},"modified":"2026-04-17T23:49:46","modified_gmt":"2026-04-17T20:49:46","slug":"kuidas-opetada-ja-oppida-koostama-kommunikatiivset-vaartuslikke-teste-vene-ja-eesti-keele-opetamise-metoodika-oppevahend","status":"publish","type":"product","link":"https:\/\/exlibris.ee\/en\/product\/kuidas-opetada-ja-oppida-koostama-kommunikatiivset-vaartuslikke-teste-vene-ja-eesti-keele-opetamise-metoodika-oppevahend\/","title":{"rendered":"Kuidas \u00f5petada ja \u00f5ppida koostama kommunikatiivset v\u00e4\u00e4rtuslikke teste: Vene ja eesti keele \u00f5petamise metoodika \u00f5ppevahend"},"content":{"rendered":"<p>\u041a\u0430\u043a \u043d\u0430\u0443\u0447\u0438\u0442\u044c\u0441\u044f \u0438 \u043d\u0430\u0443\u0447\u0438\u0442\u044c \u0441\u043e\u0437\u0434\u0430\u0432\u0430\u0442\u044c \u043a\u043e\u043c\u043c\u0443\u043d\u0438\u043a\u0430\u0442\u0438\u0432\u043d\u043e \u0437\u043d\u0430\u0447\u0438\u043c\u044b\u0435 \u0442\u0435\u043a\u0441\u0442\u044b: \u0423\u0447\u0435\u0431\u043d\u043e\u0435 \u043f\u043e\u0441\u043e\u0431\u0438\u0435 \u043f\u043e \u043c\u0435\u0442\u043e\u0434\u0438\u043a\u0435 \u043f\u0440\u0435\u043f\u043e\u0434\u0430\u0432\u0430\u043d\u0438\u044f \u0440\u0443\u0441\u0441\u043a\u043e\u0433\u043e \u0438 \u044d\u0441\u0442\u043e\u043d\u0441\u043a\u043e\u0433\u043e \u044f\u0437\u044b\u043a\u0430<\/p>\n","protected":false},"excerpt":{"rendered":"<p>\u041a\u0430\u043a \u043d\u0430\u0443\u0447\u0438\u0442\u044c\u0441\u044f \u0438 \u043d\u0430\u0443\u0447\u0438\u0442\u044c \u0441\u043e\u0437\u0434\u0430\u0432\u0430\u0442\u044c \u043a\u043e\u043c\u043c\u0443\u043d\u0438\u043a\u0430\u0442\u0438\u0432\u043d\u043e \u0437\u043d\u0430\u0447\u0438\u043c\u044b\u0435 \u0442\u0435\u043a\u0441\u0442\u044b: \u0423\u0447\u0435\u0431\u043d\u043e\u0435 \u043f\u043e\u0441\u043e\u0431\u0438\u0435 \u043f\u043e \u043c\u0435\u0442\u043e\u0434\u0438\u043a\u0435 \u043f\u0440\u0435\u043f\u043e\u0434\u0430\u0432\u0430\u043d\u0438\u044f \u0440\u0443\u0441\u0441\u043a\u043e\u0433\u043e \u0438 \u044d\u0441\u0442\u043e\u043d\u0441\u043a\u043e\u0433\u043e \u044f\u0437\u044b\u043a\u0430<\/p>\n","protected":false},"featured_media":133440,"template":"","meta":{"_acf_changed":false,"inline_featured_image":false},"product_brand":[],"product_cat":[2394],"product_tag":[],"series":[],"publisher":[],"class_list":{"0":"post-133877","1":"product","2":"type-product","3":"status-publish","4":"has-post-thumbnail","6":"product_cat-lk-eesti","8":"first","9":"instock","10":"taxable","11":"shipping-taxable","12":"purchasable","13":"product-type-simple"},"acf":[],"_links":{"self":[{"href":"https:\/\/exlibris.ee\/en\/wp-json\/wp\/v2\/product\/133877","targetHints":{"allow":["GET"]}}],"collection":[{"href":"https:\/\/exlibris.ee\/en\/wp-json\/wp\/v2\/product"}],"about":[{"href":"https:\/\/exlibris.ee\/en\/wp-json\/wp\/v2\/types\/product"}],"wp:featuredmedia":[{"embeddable":true,"href":"https:\/\/exlibris.ee\/en\/wp-json\/wp\/v2\/media\/133440"}],"wp:attachment":[{"href":"https:\/\/exlibris.ee\/en\/wp-json\/wp\/v2\/media?parent=133877"}],"wp:term":[{"taxonomy":"product_brand","embeddable":true,"href":"https:\/\/exlibris.ee\/en\/wp-json\/wp\/v2\/product_brand?post=133877"},{"taxonomy":"product_cat","embeddable":true,"href":"https:\/\/exlibris.ee\/en\/wp-json\/wp\/v2\/product_cat?post=133877"},{"taxonomy":"product_tag","embeddable":true,"href":"https:\/\/exlibris.ee\/en\/wp-json\/wp\/v2\/product_tag?post=133877"},{"taxonomy":"series","embeddable":true,"href":"https:\/\/exlibris.ee\/en\/wp-json\/wp\/v2\/series?post=133877"},{"taxonomy":"publisher","embeddable":true,"href":"https:\/\/exlibris.ee\/en\/wp-json\/wp\/v2\/publisher?post=133877"}],"curies":[{"name":"wp","href":"https:\/\/api.w.org\/{rel}","templated":true}]}}