{"id":134003,"date":"2024-06-05T03:27:23","date_gmt":"2024-06-05T00:27:23","guid":{"rendered":"https:\/\/exlibris.ee\/toode\/personali-juhtimine-ja-eestvedamine\/"},"modified":"2026-04-17T19:53:17","modified_gmt":"2026-04-17T16:53:17","slug":"personali-juhtimine-ja-eestvedamine","status":"publish","type":"product","link":"https:\/\/exlibris.ee\/en\/product\/personali-juhtimine-ja-eestvedamine\/","title":{"rendered":"Personali juhtimine ja eestvedamine"},"content":{"rendered":"<p>Organisatsioon ja juhid suudavad realiseerida oma eesm\u00e4rke ainult siis, kui nad oskavad leida ja kaasata sobivaid inimesi. Eesm\u00e4rkide saavutamine on kunst, milles olulist osa etendab personali juhtimine ja eestvedamine. T\u00f6\u00f6tajate oskuslik valik, arendamine ja karj\u00e4\u00e4ri juhtimine tagavad organisatsioonile sobivad ja v\u00f5imekad inimesed. Personali hindamine ja h\u00fcvitamine motiveerib t\u00f6\u00f6tajaid. Eestvedamises v\u00e4ljendub v\u00f5imu ja autoriteedi dilemma, mille lahendamine aitab m\u00f5jutada inimeste tegevust ja neid t\u00f5husalt juhtida.<\/p>\n","protected":false},"excerpt":{"rendered":"<p>Organisatsioon ja juhid suudavad realiseerida oma eesm\u00e4rke ainult siis, kui nad oskavad leida ja kaasata sobivaid inimesi. Eesm\u00e4rkide saavutamine on kunst, milles olulist osa etendab personali juhtimine ja eestvedamine. T\u00f6\u00f6tajate oskuslik valik, arendamine ja karj\u00e4\u00e4ri juhtimine tagavad organisatsioonile sobivad ja&#8230;<\/p>\n","protected":false},"featured_media":133509,"template":"","meta":{"_acf_changed":false,"inline_featured_image":false},"product_brand":[],"product_cat":[2349],"product_tag":[],"series":[],"publisher":[{"id":1085,"name":"Tartu \u00dclikooli Kirjastus","slug":"tartu-ulikooli-kirjastus"}],"class_list":{"0":"post-134003","1":"product","2":"type-product","3":"status-publish","4":"has-post-thumbnail","6":"product_cat-tr-eesti","7":"publisher-tartu-ulikooli-kirjastus","9":"first","10":"instock","11":"taxable","12":"shipping-taxable","13":"purchasable","14":"product-type-simple"},"acf":[],"_links":{"self":[{"href":"https:\/\/exlibris.ee\/en\/wp-json\/wp\/v2\/product\/134003","targetHints":{"allow":["GET"]}}],"collection":[{"href":"https:\/\/exlibris.ee\/en\/wp-json\/wp\/v2\/product"}],"about":[{"href":"https:\/\/exlibris.ee\/en\/wp-json\/wp\/v2\/types\/product"}],"wp:featuredmedia":[{"embeddable":true,"href":"https:\/\/exlibris.ee\/en\/wp-json\/wp\/v2\/media\/133509"}],"wp:attachment":[{"href":"https:\/\/exlibris.ee\/en\/wp-json\/wp\/v2\/media?parent=134003"}],"wp:term":[{"taxonomy":"product_brand","embeddable":true,"href":"https:\/\/exlibris.ee\/en\/wp-json\/wp\/v2\/product_brand?post=134003"},{"taxonomy":"product_cat","embeddable":true,"href":"https:\/\/exlibris.ee\/en\/wp-json\/wp\/v2\/product_cat?post=134003"},{"taxonomy":"product_tag","embeddable":true,"href":"https:\/\/exlibris.ee\/en\/wp-json\/wp\/v2\/product_tag?post=134003"},{"taxonomy":"series","embeddable":true,"href":"https:\/\/exlibris.ee\/en\/wp-json\/wp\/v2\/series?post=134003"},{"taxonomy":"publisher","embeddable":true,"href":"https:\/\/exlibris.ee\/en\/wp-json\/wp\/v2\/publisher?post=134003"}],"curies":[{"name":"wp","href":"https:\/\/api.w.org\/{rel}","templated":true}]}}