{"id":134006,"date":"2024-06-05T03:27:24","date_gmt":"2024-06-05T00:27:24","guid":{"rendered":"https:\/\/exlibris.ee\/toode\/raamatupidamise-sise-eeskirjade-koostamine\/"},"modified":"2026-04-20T13:39:50","modified_gmt":"2026-04-20T10:39:50","slug":"raamatupidamise-sise-eeskirjade-koostamine","status":"publish","type":"product","link":"https:\/\/exlibris.ee\/en\/product\/raamatupidamise-sise-eeskirjade-koostamine\/","title":{"rendered":"Raamatupidamise sise-eeskirjade koostamine"},"content":{"rendered":"<p>K\u00e4esoleva raamatu eesm\u00e4rk on anda \u00fclevaade raamatupidamiskohustuslase tegevust reguleeriva \u00fche p\u00f5hilise dokumendi \u2013 raamatupidamise sise-eeskirjade \u2013 koostamisele esitatavatest n\u00f5uetest ning lisada m\u00f5tteid ja soovitusi koos vastava praktilise n\u00e4itega, mis v\u00f5iksid olla vajalikud nii \u00f5ppuritele, raamatupidajatele, omanikele, juhtidele kui ka teistele huvilistele. Lisaks otseselt raamatupidamise sise-eeskirjade koostamisega seotud k\u00fcsimustele on raamatus selgitatud ka mitmeid finantsarvestuse ja raamatupidamisalaseid m\u00f5isteid.<\/p>\n","protected":false},"excerpt":{"rendered":"<p>K\u00e4esoleva raamatu eesm\u00e4rk on anda \u00fclevaade raamatupidamiskohustuslase tegevust reguleeriva \u00fche p\u00f5hilise dokumendi \u2013 raamatupidamise sise-eeskirjade \u2013 koostamisele esitatavatest n\u00f5uetest ning lisada m\u00f5tteid ja soovitusi koos vastava praktilise n\u00e4itega, mis v\u00f5iksid olla vajalikud nii \u00f5ppuritele, raamatupidajatele, omanikele, juhtidele kui ka teistele&#8230;<\/p>\n","protected":false},"featured_media":133518,"template":"","meta":{"_acf_changed":false,"inline_featured_image":false},"product_brand":[],"product_cat":[2349],"product_tag":[],"series":[],"publisher":[{"id":2883,"name":"Rafiko","slug":"rafiko"}],"class_list":{"0":"post-134006","1":"product","2":"type-product","3":"status-publish","4":"has-post-thumbnail","6":"product_cat-tr-eesti","7":"publisher-rafiko","9":"first","10":"instock","11":"taxable","12":"shipping-taxable","13":"purchasable","14":"product-type-simple"},"acf":[],"_links":{"self":[{"href":"https:\/\/exlibris.ee\/en\/wp-json\/wp\/v2\/product\/134006","targetHints":{"allow":["GET"]}}],"collection":[{"href":"https:\/\/exlibris.ee\/en\/wp-json\/wp\/v2\/product"}],"about":[{"href":"https:\/\/exlibris.ee\/en\/wp-json\/wp\/v2\/types\/product"}],"wp:featuredmedia":[{"embeddable":true,"href":"https:\/\/exlibris.ee\/en\/wp-json\/wp\/v2\/media\/133518"}],"wp:attachment":[{"href":"https:\/\/exlibris.ee\/en\/wp-json\/wp\/v2\/media?parent=134006"}],"wp:term":[{"taxonomy":"product_brand","embeddable":true,"href":"https:\/\/exlibris.ee\/en\/wp-json\/wp\/v2\/product_brand?post=134006"},{"taxonomy":"product_cat","embeddable":true,"href":"https:\/\/exlibris.ee\/en\/wp-json\/wp\/v2\/product_cat?post=134006"},{"taxonomy":"product_tag","embeddable":true,"href":"https:\/\/exlibris.ee\/en\/wp-json\/wp\/v2\/product_tag?post=134006"},{"taxonomy":"series","embeddable":true,"href":"https:\/\/exlibris.ee\/en\/wp-json\/wp\/v2\/series?post=134006"},{"taxonomy":"publisher","embeddable":true,"href":"https:\/\/exlibris.ee\/en\/wp-json\/wp\/v2\/publisher?post=134006"}],"curies":[{"name":"wp","href":"https:\/\/api.w.org\/{rel}","templated":true}]}}