{"id":134007,"date":"2024-06-05T03:27:24","date_gmt":"2024-06-05T00:27:24","guid":{"rendered":"https:\/\/exlibris.ee\/toode\/palgaseadus-kommenteeritud-valjaanne\/"},"modified":"2026-04-22T15:48:35","modified_gmt":"2026-04-22T12:48:35","slug":"palgaseadus-kommenteeritud-valjaanne","status":"publish","type":"product","link":"https:\/\/exlibris.ee\/en\/product\/palgaseadus-kommenteeritud-valjaanne\/","title":{"rendered":"Palgaseadus: kommenteeritud v\u00e4ljaanne"},"content":{"rendered":"<p>K\u00e4esoleva palgaseaduse kommenteeritud v\u00e4ljaande kolmanda tr\u00fcki ettevalmistamisel l\u00e4htus autor normatiivaktidest seisuga 10. juuli 1998. \u00dcldistuste ja ettepanekute tegemisel on arvestatud v\u00f5imaluse piires T\u00f6\u00f6inspektsiooni, T\u00f6\u00f6vaidluskomisjonide, kohtute ning ettev\u00f5tete ja asutuste praktikat, samuti ameti\u00fchingute ja t\u00f6\u00f6andjate seisukohti ja arvamusi. Kahjuks pole seda praktikat veel k\u00fcllaldaselt ning sageli pole ta ka motiveeritult fikseeritud. Seet\u00f5ttu on paljudel juhtudel tulnud autoril l\u00e4htuda teoreetilistest seisukohtadest, et leida lahendus palgaseaduse ja sellega seotud normatiivaktide rakendamisel t\u00f5usnud probleemidele, samuti p\u00f5hjendada v\u00f5i kritiseerida praktikas kujunenud seisukohti.. V\u00f5rreldes palgaseaduse kommenteeritud v\u00e4ljaande eelmise tr\u00fckiga (1997) on k\u00e4esolevat v\u00e4ljaannet t\u00e4iendatud vastavalt normatiivaktide muutmisele, samuti on tehtud parandusi ja v\u00e4lja j\u00e4etud m\u00f5ningaid seisukohti, mis osutusid ekslikeks v\u00f5i mittek\u00fcllaldaselt p\u00f5hjendatuks. Autor loodab, et palgaseaduse kommentaarid abistavad nii t\u00f6\u00f6tajaid, kes oma t\u00f6\u00f6 t\u00f5ttu tegelevad palgak\u00fcsimustega v\u00f5i tunnevad huvi palga \u00f5iguslike probleemide vastu, kui ka t\u00f6\u00f6andjaid, kes paratamatult peavad palgatingimustega tegelema.<\/p>\n","protected":false},"excerpt":{"rendered":"<p>K\u00e4esoleva palgaseaduse kommenteeritud v\u00e4ljaande kolmanda tr\u00fcki ettevalmistamisel l\u00e4htus autor normatiivaktidest seisuga 10. juuli 1998. \u00dcldistuste ja ettepanekute tegemisel on arvestatud v\u00f5imaluse piires T\u00f6\u00f6inspektsiooni, T\u00f6\u00f6vaidluskomisjonide, kohtute ning ettev\u00f5tete ja asutuste praktikat, samuti ameti\u00fchingute ja t\u00f6\u00f6andjate seisukohti ja arvamusi. Kahjuks pole seda&#8230;<\/p>\n","protected":false},"featured_media":133521,"template":"","meta":{"_acf_changed":false,"inline_featured_image":false},"product_brand":[],"product_cat":[2398],"product_tag":[],"series":[],"publisher":[{"id":2884,"name":"Juura \u00d5igusteabe AS","slug":"juura-oigusteabe-as-2"}],"class_list":{"0":"post-134007","1":"product","2":"type-product","3":"status-publish","4":"has-post-thumbnail","6":"product_cat-lr-eesti","7":"publisher-juura-oigusteabe-as-2","9":"first","10":"instock","11":"taxable","12":"shipping-taxable","13":"purchasable","14":"product-type-simple"},"acf":[],"_links":{"self":[{"href":"https:\/\/exlibris.ee\/en\/wp-json\/wp\/v2\/product\/134007","targetHints":{"allow":["GET"]}}],"collection":[{"href":"https:\/\/exlibris.ee\/en\/wp-json\/wp\/v2\/product"}],"about":[{"href":"https:\/\/exlibris.ee\/en\/wp-json\/wp\/v2\/types\/product"}],"wp:featuredmedia":[{"embeddable":true,"href":"https:\/\/exlibris.ee\/en\/wp-json\/wp\/v2\/media\/133521"}],"wp:attachment":[{"href":"https:\/\/exlibris.ee\/en\/wp-json\/wp\/v2\/media?parent=134007"}],"wp:term":[{"taxonomy":"product_brand","embeddable":true,"href":"https:\/\/exlibris.ee\/en\/wp-json\/wp\/v2\/product_brand?post=134007"},{"taxonomy":"product_cat","embeddable":true,"href":"https:\/\/exlibris.ee\/en\/wp-json\/wp\/v2\/product_cat?post=134007"},{"taxonomy":"product_tag","embeddable":true,"href":"https:\/\/exlibris.ee\/en\/wp-json\/wp\/v2\/product_tag?post=134007"},{"taxonomy":"series","embeddable":true,"href":"https:\/\/exlibris.ee\/en\/wp-json\/wp\/v2\/series?post=134007"},{"taxonomy":"publisher","embeddable":true,"href":"https:\/\/exlibris.ee\/en\/wp-json\/wp\/v2\/publisher?post=134007"}],"curies":[{"name":"wp","href":"https:\/\/api.w.org\/{rel}","templated":true}]}}