{"id":134012,"date":"2024-06-05T03:27:25","date_gmt":"2024-06-05T00:27:25","guid":{"rendered":"https:\/\/exlibris.ee\/toode\/marketing-hind-muuk-reklaam\/"},"modified":"2026-04-22T15:48:37","modified_gmt":"2026-04-22T12:48:37","slug":"marketing-hind-muuk-reklaam","status":"publish","type":"product","link":"https:\/\/exlibris.ee\/en\/product\/marketing-hind-muuk-reklaam\/","title":{"rendered":"Marketing. Hind. M\u00fc\u00fck. Reklaam"},"content":{"rendered":"<p>Marketing ehk turundus t\u00e4hendab klientide vajaduste kindlaksm\u00e4\u00e4ramist, etteaimamist ja tulusat rahuldamist. \u201eMarketing. Hind. M\u00fc\u00fck. Reklaam\u201d on j\u00e4rjeks sama autori raamatutele \u201eMarketing I\u201d ja \u201eMarketing II\u201d ning k\u00e4sitleb hinna kujundamist, m\u00fc\u00fcgitoetust ja reklaami, l\u00e4htudes turunduse s\u00fcnnimaa Ameerika \u00dchendriikide \u00fclikoolide \u00f5ppekavadest. Kuna tegu on sissejuhatava kursusega, ei ole loetust arusaamiseks eelteadmisi vaja. Toodud seisukohti, v\u00e4iteid ja j\u00e4reldusi selgitatakse n\u00e4idetega ameerikalikust turunduspraktikast. Turundusalased teadmised tulevad kasuks k\u00f5igile, kes osalevad kaasaegses turumajanduses \u2013 ettev\u00f5tjale, tootjale, teenindajale ja tarbijale.<\/p>\n","protected":false},"excerpt":{"rendered":"<p>Marketing ehk turundus t\u00e4hendab klientide vajaduste kindlaksm\u00e4\u00e4ramist, etteaimamist ja tulusat rahuldamist. \u201eMarketing. Hind. M\u00fc\u00fck. Reklaam\u201d on j\u00e4rjeks sama autori raamatutele \u201eMarketing I\u201d ja \u201eMarketing II\u201d ning k\u00e4sitleb hinna kujundamist, m\u00fc\u00fcgitoetust ja reklaami, l\u00e4htudes turunduse s\u00fcnnimaa Ameerika \u00dchendriikide \u00fclikoolide \u00f5ppekavadest. Kuna&#8230;<\/p>\n","protected":false},"featured_media":133536,"template":"","meta":{"_acf_changed":false,"inline_featured_image":false},"product_brand":[],"product_cat":[2398],"product_tag":[],"series":[],"publisher":[{"id":2758,"name":"K\u00fclim","slug":"kulim"}],"class_list":{"0":"post-134012","1":"product","2":"type-product","3":"status-publish","4":"has-post-thumbnail","6":"product_cat-lr-eesti","7":"publisher-kulim","9":"first","10":"instock","11":"taxable","12":"shipping-taxable","13":"purchasable","14":"product-type-simple"},"acf":[],"_links":{"self":[{"href":"https:\/\/exlibris.ee\/en\/wp-json\/wp\/v2\/product\/134012","targetHints":{"allow":["GET"]}}],"collection":[{"href":"https:\/\/exlibris.ee\/en\/wp-json\/wp\/v2\/product"}],"about":[{"href":"https:\/\/exlibris.ee\/en\/wp-json\/wp\/v2\/types\/product"}],"wp:featuredmedia":[{"embeddable":true,"href":"https:\/\/exlibris.ee\/en\/wp-json\/wp\/v2\/media\/133536"}],"wp:attachment":[{"href":"https:\/\/exlibris.ee\/en\/wp-json\/wp\/v2\/media?parent=134012"}],"wp:term":[{"taxonomy":"product_brand","embeddable":true,"href":"https:\/\/exlibris.ee\/en\/wp-json\/wp\/v2\/product_brand?post=134012"},{"taxonomy":"product_cat","embeddable":true,"href":"https:\/\/exlibris.ee\/en\/wp-json\/wp\/v2\/product_cat?post=134012"},{"taxonomy":"product_tag","embeddable":true,"href":"https:\/\/exlibris.ee\/en\/wp-json\/wp\/v2\/product_tag?post=134012"},{"taxonomy":"series","embeddable":true,"href":"https:\/\/exlibris.ee\/en\/wp-json\/wp\/v2\/series?post=134012"},{"taxonomy":"publisher","embeddable":true,"href":"https:\/\/exlibris.ee\/en\/wp-json\/wp\/v2\/publisher?post=134012"}],"curies":[{"name":"wp","href":"https:\/\/api.w.org\/{rel}","templated":true}]}}