{"id":134074,"date":"2024-06-08T03:44:50","date_gmt":"2024-06-08T00:44:50","guid":{"rendered":"https:\/\/exlibris.ee\/toode\/doktor-stockmanni-variant\/"},"modified":"2026-04-22T15:43:38","modified_gmt":"2026-04-22T12:43:38","slug":"doktor-stockmanni-variant","status":"publish","type":"product","link":"https:\/\/exlibris.ee\/en\/product\/doktor-stockmanni-variant\/","title":{"rendered":"Doktor Stockmanni variant"},"content":{"rendered":"<p>Lava ja filmitekstid: &#8220;Doktor Stockmanni variant&#8221;, &#8220;Otsin t\u00f6\u00f6d prostituuduna&#8221;, &#8220;Loterii Eesti moodi&#8221;, &#8220;T\u00f5eline eesti mees&#8221;, &#8220;Kassandra&#8221;, STALIN ehk riigi \u00fclevus&#8221;.<\/p>\n","protected":false},"excerpt":{"rendered":"<p>Lava ja filmitekstid: &#8220;Doktor Stockmanni variant&#8221;, &#8220;Otsin t\u00f6\u00f6d prostituuduna&#8221;, &#8220;Loterii Eesti moodi&#8221;, &#8220;T\u00f5eline eesti mees&#8221;, &#8220;Kassandra&#8221;, STALIN ehk riigi \u00fclevus&#8221;.<\/p>\n","protected":false},"featured_media":134039,"template":"","meta":{"_acf_changed":false,"inline_featured_image":false},"product_brand":[],"product_cat":[2429],"product_tag":[],"series":[],"publisher":[{"id":2062,"name":"EKSA","slug":"eksa"}],"class_list":{"0":"post-134074","1":"product","2":"type-product","3":"status-publish","4":"has-post-thumbnail","6":"product_cat-rpro-eesti","7":"publisher-eksa","9":"first","10":"instock","11":"taxable","12":"shipping-taxable","13":"purchasable","14":"product-type-simple"},"acf":[],"_links":{"self":[{"href":"https:\/\/exlibris.ee\/en\/wp-json\/wp\/v2\/product\/134074","targetHints":{"allow":["GET"]}}],"collection":[{"href":"https:\/\/exlibris.ee\/en\/wp-json\/wp\/v2\/product"}],"about":[{"href":"https:\/\/exlibris.ee\/en\/wp-json\/wp\/v2\/types\/product"}],"wp:featuredmedia":[{"embeddable":true,"href":"https:\/\/exlibris.ee\/en\/wp-json\/wp\/v2\/media\/134039"}],"wp:attachment":[{"href":"https:\/\/exlibris.ee\/en\/wp-json\/wp\/v2\/media?parent=134074"}],"wp:term":[{"taxonomy":"product_brand","embeddable":true,"href":"https:\/\/exlibris.ee\/en\/wp-json\/wp\/v2\/product_brand?post=134074"},{"taxonomy":"product_cat","embeddable":true,"href":"https:\/\/exlibris.ee\/en\/wp-json\/wp\/v2\/product_cat?post=134074"},{"taxonomy":"product_tag","embeddable":true,"href":"https:\/\/exlibris.ee\/en\/wp-json\/wp\/v2\/product_tag?post=134074"},{"taxonomy":"series","embeddable":true,"href":"https:\/\/exlibris.ee\/en\/wp-json\/wp\/v2\/series?post=134074"},{"taxonomy":"publisher","embeddable":true,"href":"https:\/\/exlibris.ee\/en\/wp-json\/wp\/v2\/publisher?post=134074"}],"curies":[{"name":"wp","href":"https:\/\/api.w.org\/{rel}","templated":true}]}}