{"id":134086,"date":"2024-06-08T03:47:03","date_gmt":"2024-06-08T00:47:03","guid":{"rendered":"https:\/\/exlibris.ee\/toode\/taani-prints-hamlet-nuhk-uks-pikk-ja-moned-luhemad-jutud\/"},"modified":"2026-04-22T15:48:35","modified_gmt":"2026-04-22T12:48:35","slug":"taani-prints-hamlet-nuhk-uks-pikk-ja-moned-luhemad-jutud","status":"publish","type":"product","link":"https:\/\/exlibris.ee\/en\/product\/taani-prints-hamlet-nuhk-uks-pikk-ja-moned-luhemad-jutud\/","title":{"rendered":"Taani prints Hamlet, nuhk. \u00dcks pikk ja m\u00f5ned l\u00fchemad jutud"},"content":{"rendered":"<p>Kalle K\u00e4speri jutustused &#8220;Taani prints Hamlet&#8221;, &#8220;Kolumbuse s\u00fcda&#8221;, &#8220;Pruut&#8221;, &#8220;Peegeldus&#8221;, &#8220;Matemaatika&#8221;, &#8220;Varss&#8221;.<\/p>\n","protected":false},"excerpt":{"rendered":"<p>Kalle K\u00e4speri jutustused &#8220;Taani prints Hamlet&#8221;, &#8220;Kolumbuse s\u00fcda&#8221;, &#8220;Pruut&#8221;, &#8220;Peegeldus&#8221;, &#8220;Matemaatika&#8221;, &#8220;Varss&#8221;.<\/p>\n","protected":false},"featured_media":134030,"template":"","meta":{"_acf_changed":false,"inline_featured_image":false},"product_brand":[],"product_cat":[2429],"product_tag":[],"series":[],"publisher":[],"class_list":{"0":"post-134086","1":"product","2":"type-product","3":"status-publish","4":"has-post-thumbnail","6":"product_cat-rpro-eesti","8":"first","9":"instock","10":"taxable","11":"shipping-taxable","12":"purchasable","13":"product-type-simple"},"acf":[],"_links":{"self":[{"href":"https:\/\/exlibris.ee\/en\/wp-json\/wp\/v2\/product\/134086","targetHints":{"allow":["GET"]}}],"collection":[{"href":"https:\/\/exlibris.ee\/en\/wp-json\/wp\/v2\/product"}],"about":[{"href":"https:\/\/exlibris.ee\/en\/wp-json\/wp\/v2\/types\/product"}],"wp:featuredmedia":[{"embeddable":true,"href":"https:\/\/exlibris.ee\/en\/wp-json\/wp\/v2\/media\/134030"}],"wp:attachment":[{"href":"https:\/\/exlibris.ee\/en\/wp-json\/wp\/v2\/media?parent=134086"}],"wp:term":[{"taxonomy":"product_brand","embeddable":true,"href":"https:\/\/exlibris.ee\/en\/wp-json\/wp\/v2\/product_brand?post=134086"},{"taxonomy":"product_cat","embeddable":true,"href":"https:\/\/exlibris.ee\/en\/wp-json\/wp\/v2\/product_cat?post=134086"},{"taxonomy":"product_tag","embeddable":true,"href":"https:\/\/exlibris.ee\/en\/wp-json\/wp\/v2\/product_tag?post=134086"},{"taxonomy":"series","embeddable":true,"href":"https:\/\/exlibris.ee\/en\/wp-json\/wp\/v2\/series?post=134086"},{"taxonomy":"publisher","embeddable":true,"href":"https:\/\/exlibris.ee\/en\/wp-json\/wp\/v2\/publisher?post=134086"}],"curies":[{"name":"wp","href":"https:\/\/api.w.org\/{rel}","templated":true}]}}