{"id":134155,"date":"2024-06-14T03:43:35","date_gmt":"2024-06-14T00:43:35","guid":{"rendered":"https:\/\/exlibris.ee\/toode\/harjuta-eesti-keelt-teise-keelena-30-kuulamis-ja-30-lugemisulesannet-tase-c1\/"},"modified":"2026-04-14T23:26:10","modified_gmt":"2026-04-14T20:26:10","slug":"harjuta-eesti-keelt-teise-keelena-30-kuulamis-ja-30-lugemisulesannet-tase-c1","status":"publish","type":"product","link":"https:\/\/exlibris.ee\/en\/product\/harjuta-eesti-keelt-teise-keelena-30-kuulamis-ja-30-lugemisulesannet-tase-c1\/","title":{"rendered":"Harjuta Eesti keelt teise keelena. 30 kuulamis- ja 30 lugemis\u00fclesannet. Tase C1"},"content":{"rendered":"<p>30 kuulamis- ja 30 lugemis\u00fclesannet. Praktiline lisamaterjal aitab valmistuda C1-taseme eksamiks ja sobib ka iseseisvaks \u00f5ppimiseks.<\/p>\n","protected":false},"excerpt":{"rendered":"<p>30 kuulamis- ja 30 lugemis\u00fclesannet. Praktiline lisamaterjal aitab valmistuda C1-taseme eksamiks ja sobib ka iseseisvaks \u00f5ppimiseks.<\/p>\n","protected":false},"featured_media":134150,"template":"","meta":{"_acf_changed":false,"inline_featured_image":false},"product_brand":[],"product_cat":[714],"product_tag":[],"series":[],"publisher":[{"id":2045,"name":"Maurus","slug":"maurus"}],"class_list":{"0":"post-134155","1":"product","2":"type-product","3":"status-publish","4":"has-post-thumbnail","6":"product_cat-c1-taseme-opikud","7":"publisher-maurus","9":"first","10":"instock","11":"taxable","12":"shipping-taxable","13":"purchasable","14":"product-type-simple"},"acf":[],"_links":{"self":[{"href":"https:\/\/exlibris.ee\/en\/wp-json\/wp\/v2\/product\/134155","targetHints":{"allow":["GET"]}}],"collection":[{"href":"https:\/\/exlibris.ee\/en\/wp-json\/wp\/v2\/product"}],"about":[{"href":"https:\/\/exlibris.ee\/en\/wp-json\/wp\/v2\/types\/product"}],"wp:featuredmedia":[{"embeddable":true,"href":"https:\/\/exlibris.ee\/en\/wp-json\/wp\/v2\/media\/134150"}],"wp:attachment":[{"href":"https:\/\/exlibris.ee\/en\/wp-json\/wp\/v2\/media?parent=134155"}],"wp:term":[{"taxonomy":"product_brand","embeddable":true,"href":"https:\/\/exlibris.ee\/en\/wp-json\/wp\/v2\/product_brand?post=134155"},{"taxonomy":"product_cat","embeddable":true,"href":"https:\/\/exlibris.ee\/en\/wp-json\/wp\/v2\/product_cat?post=134155"},{"taxonomy":"product_tag","embeddable":true,"href":"https:\/\/exlibris.ee\/en\/wp-json\/wp\/v2\/product_tag?post=134155"},{"taxonomy":"series","embeddable":true,"href":"https:\/\/exlibris.ee\/en\/wp-json\/wp\/v2\/series?post=134155"},{"taxonomy":"publisher","embeddable":true,"href":"https:\/\/exlibris.ee\/en\/wp-json\/wp\/v2\/publisher?post=134155"}],"curies":[{"name":"wp","href":"https:\/\/api.w.org\/{rel}","templated":true}]}}