{"id":134370,"date":"2024-07-06T03:31:44","date_gmt":"2024-07-06T00:31:44","guid":{"rendered":"https:\/\/exlibris.ee\/toode\/till-eulenspiegel-a2\/"},"modified":"2026-04-06T11:14:48","modified_gmt":"2026-04-06T08:14:48","slug":"till-eulenspiegel-a2","status":"publish","type":"product","link":"https:\/\/exlibris.ee\/en\/product\/till-eulenspiegel-a2\/","title":{"rendered":"Till Eulenspiegel A2"},"content":{"rendered":"<p>Till Eulenspiegel: Wer reich, hochn\u00e4sig oder dumm ist, bekkomt es mit dem Narren zu tun. Marktfrau und Professor, \u00c4rzte, K\u00f6nige und auch der Papst, niemand ist vor Eulenspiegels Sp\u00e4\u00dfen sicher. Gleich nach Erscheinen des Volksbuchs von 1510, das sein Leben erz\u00e4hlt, wurde Eulenspiegel in ganz Europa bekannt. Seine Abenteuer werden noch heute gerne gelesen. <\/p>\n","protected":false},"excerpt":{"rendered":"<p>Till Eulenspiegel: Wer reich, hochn\u00e4sig oder dumm ist, bekkomt es mit dem Narren zu tun. Marktfrau und Professor, \u00c4rzte, K\u00f6nige und auch der Papst, niemand ist vor Eulenspiegels Sp\u00e4\u00dfen sicher. Gleich nach Erscheinen des Volksbuchs von 1510, das sein Leben&#8230;<\/p>\n","protected":false},"featured_media":134347,"template":"","meta":{"_acf_changed":false,"inline_featured_image":false},"product_brand":[],"product_cat":[851],"product_tag":[],"series":[],"publisher":[{"id":2087,"name":"Black Cat Publishing","slug":"black-cat-publishing"}],"class_list":{"0":"post-134370","1":"product","2":"type-product","3":"status-publish","4":"has-post-thumbnail","6":"product_cat-lesetexte-deutsch","7":"publisher-black-cat-publishing","9":"first","10":"instock","11":"taxable","12":"shipping-taxable","13":"purchasable","14":"product-type-simple"},"acf":[],"_links":{"self":[{"href":"https:\/\/exlibris.ee\/en\/wp-json\/wp\/v2\/product\/134370","targetHints":{"allow":["GET"]}}],"collection":[{"href":"https:\/\/exlibris.ee\/en\/wp-json\/wp\/v2\/product"}],"about":[{"href":"https:\/\/exlibris.ee\/en\/wp-json\/wp\/v2\/types\/product"}],"wp:featuredmedia":[{"embeddable":true,"href":"https:\/\/exlibris.ee\/en\/wp-json\/wp\/v2\/media\/134347"}],"wp:attachment":[{"href":"https:\/\/exlibris.ee\/en\/wp-json\/wp\/v2\/media?parent=134370"}],"wp:term":[{"taxonomy":"product_brand","embeddable":true,"href":"https:\/\/exlibris.ee\/en\/wp-json\/wp\/v2\/product_brand?post=134370"},{"taxonomy":"product_cat","embeddable":true,"href":"https:\/\/exlibris.ee\/en\/wp-json\/wp\/v2\/product_cat?post=134370"},{"taxonomy":"product_tag","embeddable":true,"href":"https:\/\/exlibris.ee\/en\/wp-json\/wp\/v2\/product_tag?post=134370"},{"taxonomy":"series","embeddable":true,"href":"https:\/\/exlibris.ee\/en\/wp-json\/wp\/v2\/series?post=134370"},{"taxonomy":"publisher","embeddable":true,"href":"https:\/\/exlibris.ee\/en\/wp-json\/wp\/v2\/publisher?post=134370"}],"curies":[{"name":"wp","href":"https:\/\/api.w.org\/{rel}","templated":true}]}}