{"id":134373,"date":"2024-07-06T03:40:31","date_gmt":"2024-07-06T00:40:31","guid":{"rendered":"https:\/\/exlibris.ee\/toode\/der-runenberg-cd-a2\/"},"modified":"2026-04-05T19:31:00","modified_gmt":"2026-04-05T16:31:00","slug":"der-runenberg-cd-a2","status":"publish","type":"product","link":"https:\/\/exlibris.ee\/en\/product\/der-runenberg-cd-a2\/","title":{"rendered":"Der Runenberg + CD A2"},"content":{"rendered":"<p>Was sein Vater f\u00fcr ihn vorgesehen hat, ist nichts f\u00fcr ihn. Christian geht fort, ins Gebirge.<br \/>\n&#8220;Vielleicht&#8221;, denkt er, &#8220;finde ich dort, was ich suche.&#8221;Tats\u00e4chlich erlebt er in den Bergen etwas, was sein Leben ver\u00e4ndert. Danach findet er zwar zun\u00e4chst in die Welt der Normalit\u00e4t zur\u00fcck, doch etwas trennt ihn f\u00fcr immer von den anderen Menschen.<\/p>\n","protected":false},"excerpt":{"rendered":"<p>Was sein Vater f\u00fcr ihn vorgesehen hat, ist nichts f\u00fcr ihn. Christian geht fort, ins Gebirge. &#8220;Vielleicht&#8221;, denkt er, &#8220;finde ich dort, was ich suche.&#8221;Tats\u00e4chlich erlebt er in den Bergen etwas, was sein Leben ver\u00e4ndert. Danach findet er zwar zun\u00e4chst&#8230;<\/p>\n","protected":false},"featured_media":134341,"template":"","meta":{"_acf_changed":false,"inline_featured_image":false},"product_brand":[],"product_cat":[851],"product_tag":[],"series":[],"publisher":[{"id":2087,"name":"Black Cat Publishing","slug":"black-cat-publishing"}],"class_list":{"0":"post-134373","1":"product","2":"type-product","3":"status-publish","4":"has-post-thumbnail","6":"product_cat-lesetexte-deutsch","7":"publisher-black-cat-publishing","9":"first","10":"instock","11":"taxable","12":"shipping-taxable","13":"purchasable","14":"product-type-simple"},"acf":[],"_links":{"self":[{"href":"https:\/\/exlibris.ee\/en\/wp-json\/wp\/v2\/product\/134373","targetHints":{"allow":["GET"]}}],"collection":[{"href":"https:\/\/exlibris.ee\/en\/wp-json\/wp\/v2\/product"}],"about":[{"href":"https:\/\/exlibris.ee\/en\/wp-json\/wp\/v2\/types\/product"}],"wp:featuredmedia":[{"embeddable":true,"href":"https:\/\/exlibris.ee\/en\/wp-json\/wp\/v2\/media\/134341"}],"wp:attachment":[{"href":"https:\/\/exlibris.ee\/en\/wp-json\/wp\/v2\/media?parent=134373"}],"wp:term":[{"taxonomy":"product_brand","embeddable":true,"href":"https:\/\/exlibris.ee\/en\/wp-json\/wp\/v2\/product_brand?post=134373"},{"taxonomy":"product_cat","embeddable":true,"href":"https:\/\/exlibris.ee\/en\/wp-json\/wp\/v2\/product_cat?post=134373"},{"taxonomy":"product_tag","embeddable":true,"href":"https:\/\/exlibris.ee\/en\/wp-json\/wp\/v2\/product_tag?post=134373"},{"taxonomy":"series","embeddable":true,"href":"https:\/\/exlibris.ee\/en\/wp-json\/wp\/v2\/series?post=134373"},{"taxonomy":"publisher","embeddable":true,"href":"https:\/\/exlibris.ee\/en\/wp-json\/wp\/v2\/publisher?post=134373"}],"curies":[{"name":"wp","href":"https:\/\/api.w.org\/{rel}","templated":true}]}}