{"id":134438,"date":"2024-07-18T02:44:33","date_gmt":"2024-07-17T23:44:33","guid":{"rendered":"https:\/\/exlibris.ee\/toode\/das-neue-deutschmobil-1-testheft\/"},"modified":"2026-04-18T15:28:20","modified_gmt":"2026-04-18T12:28:20","slug":"das-neue-deutschmobil-1-testheft","status":"publish","type":"product","link":"https:\/\/exlibris.ee\/en\/product\/das-neue-deutschmobil-1-testheft\/","title":{"rendered":"Das neue Deutschmobil 1 TestHeft"},"content":{"rendered":"<p>Die auf den jeweiligen Lektionsstoff abgestimmten Tests dienen der \u00dcberpr\u00fcfung und Festigung des Lernstoffs und der Dokumentation des individuellen Lernfortschritts. Sie k\u00f6nnen parallel zu Lehr- und Arbeitsbuch eingesetzt werden.<\/p>\n","protected":false},"excerpt":{"rendered":"<p>Die auf den jeweiligen Lektionsstoff abgestimmten Tests dienen der \u00dcberpr\u00fcfung und Festigung des Lernstoffs und der Dokumentation des individuellen Lernfortschritts. Sie k\u00f6nnen parallel zu Lehr- und Arbeitsbuch eingesetzt werden.<\/p>\n","protected":false},"featured_media":134399,"template":"","meta":{"_acf_changed":false,"inline_featured_image":false},"product_brand":[],"product_cat":[881],"product_tag":[],"series":[],"publisher":[{"id":2095,"name":"Klett-Langenscheidt","slug":"klett-langenscheidt"}],"class_list":{"0":"post-134438","1":"product","2":"type-product","3":"status-publish","4":"has-post-thumbnail","6":"product_cat-lehrwerke-fur-kinder-und-jugendliche","7":"publisher-klett-langenscheidt","9":"first","10":"onbackorder","11":"taxable","12":"shipping-taxable","13":"purchasable","14":"product-type-simple"},"acf":[],"_links":{"self":[{"href":"https:\/\/exlibris.ee\/en\/wp-json\/wp\/v2\/product\/134438","targetHints":{"allow":["GET"]}}],"collection":[{"href":"https:\/\/exlibris.ee\/en\/wp-json\/wp\/v2\/product"}],"about":[{"href":"https:\/\/exlibris.ee\/en\/wp-json\/wp\/v2\/types\/product"}],"wp:featuredmedia":[{"embeddable":true,"href":"https:\/\/exlibris.ee\/en\/wp-json\/wp\/v2\/media\/134399"}],"wp:attachment":[{"href":"https:\/\/exlibris.ee\/en\/wp-json\/wp\/v2\/media?parent=134438"}],"wp:term":[{"taxonomy":"product_brand","embeddable":true,"href":"https:\/\/exlibris.ee\/en\/wp-json\/wp\/v2\/product_brand?post=134438"},{"taxonomy":"product_cat","embeddable":true,"href":"https:\/\/exlibris.ee\/en\/wp-json\/wp\/v2\/product_cat?post=134438"},{"taxonomy":"product_tag","embeddable":true,"href":"https:\/\/exlibris.ee\/en\/wp-json\/wp\/v2\/product_tag?post=134438"},{"taxonomy":"series","embeddable":true,"href":"https:\/\/exlibris.ee\/en\/wp-json\/wp\/v2\/series?post=134438"},{"taxonomy":"publisher","embeddable":true,"href":"https:\/\/exlibris.ee\/en\/wp-json\/wp\/v2\/publisher?post=134438"}],"curies":[{"name":"wp","href":"https:\/\/api.w.org\/{rel}","templated":true}]}}