{"id":134440,"date":"2024-07-18T02:44:34","date_gmt":"2024-07-17T23:44:34","guid":{"rendered":"https:\/\/exlibris.ee\/toode\/das-neue-deutschmobil-2-lhb\/"},"modified":"2026-04-03T09:14:20","modified_gmt":"2026-04-03T06:14:20","slug":"das-neue-deutschmobil-2-lhb","status":"publish","type":"product","link":"https:\/\/exlibris.ee\/en\/product\/das-neue-deutschmobil-2-lhb\/","title":{"rendered":"Das neue Deutschmobil 2 LHB"},"content":{"rendered":"<p>Das Lehrerhandbuch bietet detailliert didaktisch-methodische Hinweise zu allen Aufgaben im Lehr- und Arbeitsbuch. Au\u00dferdem enth\u00e4lt es die Transkriptionen der H\u00f6rtexte, die L\u00f6sungen zum Lehrbuch, Arbeitsbuch und Testheft sowie zahlreiche Lernspielangebote und Kopiervorlagen.<\/p>\n","protected":false},"excerpt":{"rendered":"<p>Das Lehrerhandbuch bietet detailliert didaktisch-methodische Hinweise zu allen Aufgaben im Lehr- und Arbeitsbuch. Au\u00dferdem enth\u00e4lt es die Transkriptionen der H\u00f6rtexte, die L\u00f6sungen zum Lehrbuch, Arbeitsbuch und Testheft sowie zahlreiche Lernspielangebote und Kopiervorlagen.<\/p>\n","protected":false},"featured_media":134405,"template":"","meta":{"_acf_changed":false,"inline_featured_image":false},"product_brand":[],"product_cat":[881],"product_tag":[],"series":[{"id":2886,"name":"Das neue Deutschmobil","slug":"das-neue-deutschmobil"}],"publisher":[{"id":2095,"name":"Klett-Langenscheidt","slug":"klett-langenscheidt"}],"class_list":{"0":"post-134440","1":"product","2":"type-product","3":"status-publish","4":"has-post-thumbnail","6":"product_cat-lehrwerke-fur-kinder-und-jugendliche","7":"series-das-neue-deutschmobil","8":"publisher-klett-langenscheidt","10":"first","11":"instock","12":"taxable","13":"shipping-taxable","14":"purchasable","15":"product-type-simple"},"acf":[],"_links":{"self":[{"href":"https:\/\/exlibris.ee\/en\/wp-json\/wp\/v2\/product\/134440","targetHints":{"allow":["GET"]}}],"collection":[{"href":"https:\/\/exlibris.ee\/en\/wp-json\/wp\/v2\/product"}],"about":[{"href":"https:\/\/exlibris.ee\/en\/wp-json\/wp\/v2\/types\/product"}],"wp:featuredmedia":[{"embeddable":true,"href":"https:\/\/exlibris.ee\/en\/wp-json\/wp\/v2\/media\/134405"}],"wp:attachment":[{"href":"https:\/\/exlibris.ee\/en\/wp-json\/wp\/v2\/media?parent=134440"}],"wp:term":[{"taxonomy":"product_brand","embeddable":true,"href":"https:\/\/exlibris.ee\/en\/wp-json\/wp\/v2\/product_brand?post=134440"},{"taxonomy":"product_cat","embeddable":true,"href":"https:\/\/exlibris.ee\/en\/wp-json\/wp\/v2\/product_cat?post=134440"},{"taxonomy":"product_tag","embeddable":true,"href":"https:\/\/exlibris.ee\/en\/wp-json\/wp\/v2\/product_tag?post=134440"},{"taxonomy":"series","embeddable":true,"href":"https:\/\/exlibris.ee\/en\/wp-json\/wp\/v2\/series?post=134440"},{"taxonomy":"publisher","embeddable":true,"href":"https:\/\/exlibris.ee\/en\/wp-json\/wp\/v2\/publisher?post=134440"}],"curies":[{"name":"wp","href":"https:\/\/api.w.org\/{rel}","templated":true}]}}