{"id":134955,"date":"2024-10-09T02:27:36","date_gmt":"2024-10-08T23:27:36","guid":{"rendered":"https:\/\/exlibris.ee\/toode\/klasse-b1-kursbuch-digital-access\/"},"modified":"2026-04-11T17:26:15","modified_gmt":"2026-04-11T14:26:15","slug":"klasse-b1-kursbuch-digital-access","status":"publish","type":"product","link":"https:\/\/exlibris.ee\/en\/product\/klasse-b1-kursbuch-digital-access\/","title":{"rendered":"Klasse! B1, Kursbuch + Digital Access"},"content":{"rendered":"<p>12 Kapitel mit klarer und kleinschrittiger Progression, kooperativen und erfolgsorientierten \u00dcbungsformen, handlungsorientierten Aufgaben und Projekten, \u00dcbungen zum echten Sprechen u.v.m. 4 Plateaus mit spielerischen Aufgaben, erfolgsorientiertem Training, Landeskunde und Videoseiten Videos, Clips und Comics R\u00fcckschauseiten mit \u00dcbersichten zu Wortschatz, Redemitteln, Grammatik und M\u00f6glichkeit zur Selbstevaluation Alle Audios, Videos und Online-\u00dcbungen sind kostenlos online abrufbar Klasse! &#8211; das neue Deutsch als Fremsprache-Lehrwerk  f\u00fcr Jugendliche ab 12 Jahren &#8211; steht f\u00fcr einen kommunikativen und handlungsorientierten Unterricht. Es zeichnet sich durch viele kooperative und erfolgsorientierte \u00dcbungsformen aus und setzt den Fokus auf Kreativit\u00e4t und konsequente Lerneraktivierung.<\/p>\n","protected":false},"excerpt":{"rendered":"<p>12 Kapitel mit klarer und kleinschrittiger Progression, kooperativen und erfolgsorientierten \u00dcbungsformen, handlungsorientierten Aufgaben und Projekten, \u00dcbungen zum echten Sprechen u.v.m. 4 Plateaus mit spielerischen Aufgaben, erfolgsorientiertem Training, Landeskunde und Videoseiten Videos, Clips und Comics R\u00fcckschauseiten mit \u00dcbersichten zu Wortschatz, Redemitteln,&#8230;<\/p>\n","protected":false},"featured_media":201721,"template":"","meta":{"_acf_changed":false,"inline_featured_image":false},"product_brand":[],"product_cat":[477],"product_tag":[],"series":[{"id":916,"name":"Klasse","slug":"klasse"}],"publisher":[{"id":473,"name":"Klett Verlag","slug":"klett-verlag"}],"class_list":{"0":"post-134955","1":"product","2":"type-product","3":"status-publish","4":"has-post-thumbnail","6":"product_cat-lehrwerke-fur-jugendliche","7":"series-klasse","8":"publisher-klett-verlag","10":"first","11":"onbackorder","12":"taxable","13":"shipping-taxable","14":"purchasable","15":"product-type-simple"},"acf":[],"_links":{"self":[{"href":"https:\/\/exlibris.ee\/en\/wp-json\/wp\/v2\/product\/134955","targetHints":{"allow":["GET"]}}],"collection":[{"href":"https:\/\/exlibris.ee\/en\/wp-json\/wp\/v2\/product"}],"about":[{"href":"https:\/\/exlibris.ee\/en\/wp-json\/wp\/v2\/types\/product"}],"wp:featuredmedia":[{"embeddable":true,"href":"https:\/\/exlibris.ee\/en\/wp-json\/wp\/v2\/media\/201721"}],"wp:attachment":[{"href":"https:\/\/exlibris.ee\/en\/wp-json\/wp\/v2\/media?parent=134955"}],"wp:term":[{"taxonomy":"product_brand","embeddable":true,"href":"https:\/\/exlibris.ee\/en\/wp-json\/wp\/v2\/product_brand?post=134955"},{"taxonomy":"product_cat","embeddable":true,"href":"https:\/\/exlibris.ee\/en\/wp-json\/wp\/v2\/product_cat?post=134955"},{"taxonomy":"product_tag","embeddable":true,"href":"https:\/\/exlibris.ee\/en\/wp-json\/wp\/v2\/product_tag?post=134955"},{"taxonomy":"series","embeddable":true,"href":"https:\/\/exlibris.ee\/en\/wp-json\/wp\/v2\/series?post=134955"},{"taxonomy":"publisher","embeddable":true,"href":"https:\/\/exlibris.ee\/en\/wp-json\/wp\/v2\/publisher?post=134955"}],"curies":[{"name":"wp","href":"https:\/\/api.w.org\/{rel}","templated":true}]}}