{"id":136403,"date":"2024-12-09T21:32:38","date_gmt":"2024-12-09T19:32:38","guid":{"rendered":"https:\/\/exlibris.ee\/toode\/%d0%b1%d1%8b%d0%bb%d0%be%d0%b9-%d0%bf%d0%b0%d0%bb%d0%b4%d0%b8%d1%81%d0%ba%d0%b8-%d0%b8-%d0%b5%d0%b3%d0%be-%d0%bb%d1%8e%d0%b4%d0%b8\/"},"modified":"2026-04-17T19:48:03","modified_gmt":"2026-04-17T16:48:03","slug":"%d0%b1%d1%8b%d0%bb%d0%be%d0%b9-%d0%bf%d0%b0%d0%bb%d0%b4%d0%b8%d1%81%d0%ba%d0%b8-%d0%b8-%d0%b5%d0%b3%d0%be-%d0%bb%d1%8e%d0%b4%d0%b8","status":"publish","type":"product","link":"https:\/\/exlibris.ee\/en\/product\/%d0%b1%d1%8b%d0%bb%d0%be%d0%b9-%d0%bf%d0%b0%d0%bb%d0%b4%d0%b8%d1%81%d0%ba%d0%b8-%d0%b8-%d0%b5%d0%b3%d0%be-%d0%bb%d1%8e%d0%b4%d0%b8\/","title":{"rendered":"\u0411\u044b\u043b\u043e\u0439 \u041f\u0430\u043b\u0434\u0438\u0441\u043a\u0438 \u0438 \u0435\u0433\u043e \u043b\u044e\u0434\u0438"},"content":{"rendered":"<p>\u0422\u0440\u0435\u0445\u0432\u0435\u043a\u043e\u0432\u043e\u0439 \u041f\u0430\u043b\u0434\u0438\u0441\u043a\u0438 \u2013 \u043e\u0434\u0438\u043d \u0438\u0437 \u0441\u0430\u043c\u044b\u0445 \u043c\u043e\u043b\u043e\u0434\u044b\u0445 \u0438\u0441\u0442\u043e\u0440\u0438\u0447\u0435\u0441\u043a\u0438\u0445 \u0433\u043e\u0440\u043e\u0434\u043e\u0432 \u042d\u0441\u0442\u043e\u043d\u0438\u0438 \u2013 \u0431\u044b\u043b, \u043f\u043e \u0446\u0435\u043b\u043e\u043c\u0443 \u0440\u044f\u0434\u0443 \u043e\u0431\u044a\u0435\u043a\u0442\u0438\u0432\u043d\u044b\u0445 \u043f\u0440\u0438\u0447\u0438\u043d, \u043d\u0435\u0437\u0430\u0441\u043b\u0443\u0436\u0435\u043d\u043d\u043e \u043e\u0431\u0434\u0435\u043b\u0435\u043d \u0432\u043d\u0438\u043c\u0430\u043d\u0438\u0435\u043c \u0438\u0441\u0442\u043e\u0440\u0438\u043a\u043e\u0432, \u043a\u0440\u0430\u0435\u0432\u0435\u0434\u043e\u0432 \u0438 \u0446\u0435\u043d\u0438\u0442\u0435\u043b\u0435\u0439 \u0441\u0442\u0430\u0440\u0438\u043d\u044b. \u041a\u043d\u0438\u0433\u0430 \u0419\u043ec\u0435\u0444\u0430 \u041a\u0430\u0446\u0430 &#8220;\u0411\u044b\u043b\u043e\u0439 \u041f\u0430\u043b\u0434\u0438\u0441\u043a\u0438 \u0438 \u0435\u0433\u043e \u043b\u044e\u0434\u0438&#8221; \u2013 \u043f\u043e\u043f\u044b\u0442\u043a\u0430 \u0440\u0430\u0441\u0441\u043c\u043e\u0442\u0440\u0435\u0442\u044c \u0442\u0440\u0438 \u0441\u0442\u043e\u043b\u0435\u0442\u0438\u044f \u0433\u043e\u0440\u043e\u0434\u0430 \u0447\u0435\u0440\u0435\u0437 \u0431\u0438\u043e\u0433\u0440\u0430\u0444\u0438\u0438 \u043b\u044e\u0434\u0435\u0439, \u043a\u043e\u0442\u043e\u0440\u044b\u0435 \u043f\u0440\u043e\u0435\u043a\u0442\u0438\u0440\u043e\u0432\u0430\u043b\u0438 \u0438 \u0441\u0442\u0440\u043e\u0438\u043b\u0438 \u0433\u043e\u0440\u043e\u0434, \u043b\u0435\u0447\u0438\u043b\u0438 \u0438 \u0443\u0447\u0438\u043b\u0438 \u0435\u0433\u043e \u0436\u0438\u0442\u0435\u043b\u0435\u0439, \u0446\u0435\u043d\u0438\u043b\u0438 \u0438 \u0441\u0442\u0440\u0435\u043c\u0438\u043b\u0438\u0441\u044c \u0441\u043e\u0445\u0440\u0430\u043d\u0438\u0442\u044c \u043f\u0430\u043c\u044f\u0442\u044c \u043e \u0435\u0433\u043e \u043f\u0440\u043e\u0448\u043b\u043e\u043c. \u0411\u043b\u0430\u0433\u043e\u0434\u0430\u0440\u044f \u0438\u043c \u0431\u0438\u043e\u0433\u0440\u0430\u0444\u0438\u044f \u041f\u0430\u043b\u0434\u0438\u0441\u043a\u0438 \u2013 \u0433\u043e\u0440\u043e\u0434\u0430 \u0441 \u043d\u0435\u043f\u0440\u043e\u0441\u0442\u043e\u0439, \u043f\u043e\u0440\u043e\u0439 \u2013 \u0442\u0440\u0430\u0433\u0438\u0447\u0435\u0441\u043a\u043e\u0439 \u0441\u0443\u0434\u044c\u0431\u043e\u0439 \u2013 \u043f\u0440\u0435\u0434\u0441\u0442\u0430\u0435\u0442 \u043d\u0435 \u0441\u0443\u0445\u0438\u043c \u043f\u0435\u0440\u0435\u0447\u043d\u0435\u043c \u0438\u043c\u0435\u043d \u0438 \u0445\u0440\u043e\u043d\u043e\u043b\u043e\u0433\u0438\u0447\u0435\u0441\u043a\u0438\u0445 \u0434\u0430\u0442, \u0430 \u0440\u0430\u0437\u0432\u043e\u0440\u0430\u0447\u0438\u0432\u0430\u0435\u0442\u0441\u044f \u0432\u043e \u0432\u0441\u0435\u0439 \u0441\u0432\u043e\u0435\u0439 \u043f\u043e\u043b\u043d\u043e\u0442\u0435 \u0438 \u043d\u0430\u0441\u044b\u0449\u0435\u043d\u043d\u043e\u0441\u0442\u0438 \u0436\u0438\u0437\u043d\u0438.<\/p>\n","protected":false},"excerpt":{"rendered":"<p>\u0422\u0440\u0435\u0445\u0432\u0435\u043a\u043e\u0432\u043e\u0439 \u041f\u0430\u043b\u0434\u0438\u0441\u043a\u0438 \u2013 \u043e\u0434\u0438\u043d \u0438\u0437 \u0441\u0430\u043c\u044b\u0445 \u043c\u043e\u043b\u043e\u0434\u044b\u0445 \u0438\u0441\u0442\u043e\u0440\u0438\u0447\u0435\u0441\u043a\u0438\u0445 \u0433\u043e\u0440\u043e\u0434\u043e\u0432 \u042d\u0441\u0442\u043e\u043d\u0438\u0438 \u2013 \u0431\u044b\u043b, \u043f\u043e \u0446\u0435\u043b\u043e\u043c\u0443 \u0440\u044f\u0434\u0443 \u043e\u0431\u044a\u0435\u043a\u0442\u0438\u0432\u043d\u044b\u0445 \u043f\u0440\u0438\u0447\u0438\u043d, \u043d\u0435\u0437\u0430\u0441\u043b\u0443\u0436\u0435\u043d\u043d\u043e \u043e\u0431\u0434\u0435\u043b\u0435\u043d \u0432\u043d\u0438\u043c\u0430\u043d\u0438\u0435\u043c \u0438\u0441\u0442\u043e\u0440\u0438\u043a\u043e\u0432, \u043a\u0440\u0430\u0435\u0432\u0435\u0434\u043e\u0432 \u0438 \u0446\u0435\u043d\u0438\u0442\u0435\u043b\u0435\u0439 \u0441\u0442\u0430\u0440\u0438\u043d\u044b. \u041a\u043d\u0438\u0433\u0430 \u0419\u043ec\u0435\u0444\u0430 \u041a\u0430\u0446\u0430 &#8220;\u0411\u044b\u043b\u043e\u0439 \u041f\u0430\u043b\u0434\u0438\u0441\u043a\u0438 \u0438 \u0435\u0433\u043e \u043b\u044e\u0434\u0438&#8221; \u2013 \u043f\u043e\u043f\u044b\u0442\u043a\u0430 \u0440\u0430\u0441\u0441\u043c\u043e\u0442\u0440\u0435\u0442\u044c \u0442\u0440\u0438 \u0441\u0442\u043e\u043b\u0435\u0442\u0438\u044f \u0433\u043e\u0440\u043e\u0434\u0430 \u0447\u0435\u0440\u0435\u0437&#8230;<\/p>\n","protected":false},"featured_media":136613,"template":"","meta":{"_acf_changed":false,"inline_featured_image":false},"product_brand":[],"product_cat":[2444],"product_tag":[],"series":[],"publisher":[{"id":2929,"name":"MT\u00dc Pakri K\u00e4sit\u00f6\u00f6 ja Koduloo Koda","slug":"mtu-pakri-kasitoo-ja-koduloo-koda"}],"class_list":{"0":"post-136403","1":"product","2":"type-product","3":"status-publish","4":"has-post-thumbnail","6":"product_cat-rrei-vene","7":"publisher-mtu-pakri-kasitoo-ja-koduloo-koda","9":"first","10":"instock","11":"taxable","12":"shipping-taxable","13":"purchasable","14":"product-type-simple"},"acf":[],"_links":{"self":[{"href":"https:\/\/exlibris.ee\/en\/wp-json\/wp\/v2\/product\/136403","targetHints":{"allow":["GET"]}}],"collection":[{"href":"https:\/\/exlibris.ee\/en\/wp-json\/wp\/v2\/product"}],"about":[{"href":"https:\/\/exlibris.ee\/en\/wp-json\/wp\/v2\/types\/product"}],"wp:featuredmedia":[{"embeddable":true,"href":"https:\/\/exlibris.ee\/en\/wp-json\/wp\/v2\/media\/136613"}],"wp:attachment":[{"href":"https:\/\/exlibris.ee\/en\/wp-json\/wp\/v2\/media?parent=136403"}],"wp:term":[{"taxonomy":"product_brand","embeddable":true,"href":"https:\/\/exlibris.ee\/en\/wp-json\/wp\/v2\/product_brand?post=136403"},{"taxonomy":"product_cat","embeddable":true,"href":"https:\/\/exlibris.ee\/en\/wp-json\/wp\/v2\/product_cat?post=136403"},{"taxonomy":"product_tag","embeddable":true,"href":"https:\/\/exlibris.ee\/en\/wp-json\/wp\/v2\/product_tag?post=136403"},{"taxonomy":"series","embeddable":true,"href":"https:\/\/exlibris.ee\/en\/wp-json\/wp\/v2\/series?post=136403"},{"taxonomy":"publisher","embeddable":true,"href":"https:\/\/exlibris.ee\/en\/wp-json\/wp\/v2\/publisher?post=136403"}],"curies":[{"name":"wp","href":"https:\/\/api.w.org\/{rel}","templated":true}]}}