{"id":136404,"date":"2024-12-09T21:32:38","date_gmt":"2024-12-09T19:32:38","guid":{"rendered":"https:\/\/exlibris.ee\/toode\/lood-baarileti-tagant-moraal\/"},"modified":"2026-04-25T21:28:46","modified_gmt":"2026-04-25T18:28:46","slug":"lood-baarileti-tagant-moraal","status":"publish","type":"product","link":"https:\/\/exlibris.ee\/en\/product\/lood-baarileti-tagant-moraal\/","title":{"rendered":"Lood baarileti tagant + Moraal"},"content":{"rendered":"<p>Huumorikogumiku \u201eLood baarileti tagant\u201d aluseks on autori m\u00e4lestused aastaist 1989-2010, mis h\u00f5lmavad Gorbat\u0161ovi perestroikat, kooperatiivide ajastut, NSV Liidu lagunemist, rubla \u00fcleminekut kroonile, vasepalavikku, tormilisi \u00fcheksak\u00fcmnendaid ehk esimesi aastaid Eesti taasiseseisvumisest.<\/p>\n","protected":false},"excerpt":{"rendered":"<p>Huumorikogumiku \u201eLood baarileti tagant\u201d aluseks on autori m\u00e4lestused aastaist 1989-2010, mis h\u00f5lmavad Gorbat\u0161ovi perestroikat, kooperatiivide ajastut, NSV Liidu lagunemist, rubla \u00fcleminekut kroonile, vasepalavikku, tormilisi \u00fcheksak\u00fcmnendaid ehk esimesi aastaid Eesti taasiseseisvumisest.<\/p>\n","protected":false},"featured_media":136625,"template":"","meta":{"_acf_changed":false,"inline_featured_image":false},"product_brand":[],"product_cat":[2429],"product_tag":[],"series":[],"publisher":[{"id":2929,"name":"MT\u00dc Pakri K\u00e4sit\u00f6\u00f6 ja Koduloo Koda","slug":"mtu-pakri-kasitoo-ja-koduloo-koda"}],"class_list":{"0":"post-136404","1":"product","2":"type-product","3":"status-publish","4":"has-post-thumbnail","6":"product_cat-rpro-eesti","7":"publisher-mtu-pakri-kasitoo-ja-koduloo-koda","9":"first","10":"instock","11":"taxable","12":"shipping-taxable","13":"purchasable","14":"product-type-simple"},"acf":[],"_links":{"self":[{"href":"https:\/\/exlibris.ee\/en\/wp-json\/wp\/v2\/product\/136404","targetHints":{"allow":["GET"]}}],"collection":[{"href":"https:\/\/exlibris.ee\/en\/wp-json\/wp\/v2\/product"}],"about":[{"href":"https:\/\/exlibris.ee\/en\/wp-json\/wp\/v2\/types\/product"}],"wp:featuredmedia":[{"embeddable":true,"href":"https:\/\/exlibris.ee\/en\/wp-json\/wp\/v2\/media\/136625"}],"wp:attachment":[{"href":"https:\/\/exlibris.ee\/en\/wp-json\/wp\/v2\/media?parent=136404"}],"wp:term":[{"taxonomy":"product_brand","embeddable":true,"href":"https:\/\/exlibris.ee\/en\/wp-json\/wp\/v2\/product_brand?post=136404"},{"taxonomy":"product_cat","embeddable":true,"href":"https:\/\/exlibris.ee\/en\/wp-json\/wp\/v2\/product_cat?post=136404"},{"taxonomy":"product_tag","embeddable":true,"href":"https:\/\/exlibris.ee\/en\/wp-json\/wp\/v2\/product_tag?post=136404"},{"taxonomy":"series","embeddable":true,"href":"https:\/\/exlibris.ee\/en\/wp-json\/wp\/v2\/series?post=136404"},{"taxonomy":"publisher","embeddable":true,"href":"https:\/\/exlibris.ee\/en\/wp-json\/wp\/v2\/publisher?post=136404"}],"curies":[{"name":"wp","href":"https:\/\/api.w.org\/{rel}","templated":true}]}}