{"id":136405,"date":"2024-12-09T21:32:38","date_gmt":"2024-12-09T19:32:38","guid":{"rendered":"https:\/\/exlibris.ee\/toode\/endisaegne-paldiski-ja-tema-inimesed\/"},"modified":"2026-04-20T13:35:50","modified_gmt":"2026-04-20T10:35:50","slug":"endisaegne-paldiski-ja-tema-inimesed","status":"publish","type":"product","link":"https:\/\/exlibris.ee\/en\/product\/endisaegne-paldiski-ja-tema-inimesed\/","title":{"rendered":"Endisaegne Paldiski ja tema inimesed"},"content":{"rendered":"<p>Kolme sajandi vanune Paldiski, \u00fcks Eesti nooremaid ajaloolisi linnu, on mitmel objektiivsel p\u00f5hjusel j\u00e4\u00e4nud teenimatult ilma ajaloolaste, koduloolaste ja teistegi ammustest aegadest huvitatute t\u00e4helepanust. See raamat on katse vaadelda Paldiski kolme viimast sajandit nende inimeste elulugude kaudu, kes on seda linna projekteerinud ja ehitanud, on ravinud ja \u00f5petanud siinseid elanikke, samuti v\u00e4\u00e4rtustanud ja p\u00fc\u00fcdnud s\u00e4ilitada m\u00e4lestust linna minevikust. Just t\u00e4nu neile pole keerulise ja kohati traagilise saatusega Paldiski lugu mitte kuiv nimede ja oluliste kuup\u00e4evade loetelu, vaid rullub meie ees lahti kogu oma t\u00e4iuses ja elurikkuses.<\/p>\n","protected":false},"excerpt":{"rendered":"<p>Kolme sajandi vanune Paldiski, \u00fcks Eesti nooremaid ajaloolisi linnu, on mitmel objektiivsel p\u00f5hjusel j\u00e4\u00e4nud teenimatult ilma ajaloolaste, koduloolaste ja teistegi ammustest aegadest huvitatute t\u00e4helepanust. See raamat on katse vaadelda Paldiski kolme viimast sajandit nende inimeste elulugude kaudu, kes on seda&#8230;<\/p>\n","protected":false},"featured_media":136622,"template":"","meta":{"_acf_changed":false,"inline_featured_image":false},"product_brand":[],"product_cat":[2442],"product_tag":[],"series":[],"publisher":[{"id":2929,"name":"MT\u00dc Pakri K\u00e4sit\u00f6\u00f6 ja Koduloo Koda","slug":"mtu-pakri-kasitoo-ja-koduloo-koda"}],"class_list":{"0":"post-136405","1":"product","2":"type-product","3":"status-publish","4":"has-post-thumbnail","6":"product_cat-rrei-eesti","7":"publisher-mtu-pakri-kasitoo-ja-koduloo-koda","9":"first","10":"instock","11":"taxable","12":"shipping-taxable","13":"purchasable","14":"product-type-simple"},"acf":[],"_links":{"self":[{"href":"https:\/\/exlibris.ee\/en\/wp-json\/wp\/v2\/product\/136405","targetHints":{"allow":["GET"]}}],"collection":[{"href":"https:\/\/exlibris.ee\/en\/wp-json\/wp\/v2\/product"}],"about":[{"href":"https:\/\/exlibris.ee\/en\/wp-json\/wp\/v2\/types\/product"}],"wp:featuredmedia":[{"embeddable":true,"href":"https:\/\/exlibris.ee\/en\/wp-json\/wp\/v2\/media\/136622"}],"wp:attachment":[{"href":"https:\/\/exlibris.ee\/en\/wp-json\/wp\/v2\/media?parent=136405"}],"wp:term":[{"taxonomy":"product_brand","embeddable":true,"href":"https:\/\/exlibris.ee\/en\/wp-json\/wp\/v2\/product_brand?post=136405"},{"taxonomy":"product_cat","embeddable":true,"href":"https:\/\/exlibris.ee\/en\/wp-json\/wp\/v2\/product_cat?post=136405"},{"taxonomy":"product_tag","embeddable":true,"href":"https:\/\/exlibris.ee\/en\/wp-json\/wp\/v2\/product_tag?post=136405"},{"taxonomy":"series","embeddable":true,"href":"https:\/\/exlibris.ee\/en\/wp-json\/wp\/v2\/series?post=136405"},{"taxonomy":"publisher","embeddable":true,"href":"https:\/\/exlibris.ee\/en\/wp-json\/wp\/v2\/publisher?post=136405"}],"curies":[{"name":"wp","href":"https:\/\/api.w.org\/{rel}","templated":true}]}}