{"id":138615,"date":"2025-01-17T03:33:37","date_gmt":"2025-01-17T01:33:37","guid":{"rendered":"https:\/\/exlibris.ee\/toode\/miljon-soovi\/"},"modified":"2026-04-25T01:42:28","modified_gmt":"2026-04-24T22:42:28","slug":"miljon-soovi","status":"publish","type":"product","link":"https:\/\/exlibris.ee\/en\/product\/miljon-soovi\/","title":{"rendered":"Miljon soovi"},"content":{"rendered":"<p>\u201eMiljon soovi\u201d annab v\u00e4rvika ja isikliku pildistuse koroonakriisi ajastust ning jagab h\u00e4id nippe, kuidas muutunud maailmas edukas olla. Samuti r\u00e4\u00e4gib Piret Bristoli viies juturaamat romantiliste suhete v\u00f5imalikkusest katku ajal. Eluga rahulolematus on ainus edasiviiv j\u00f5ud, kui maailmas rullub lahti Hollywoodi katastroofi m\u00f5\u00f5tu s\u00fcndmus.<\/p>\n","protected":false},"excerpt":{"rendered":"<p>\u201eMiljon soovi\u201d annab v\u00e4rvika ja isikliku pildistuse koroonakriisi ajastust ning jagab h\u00e4id nippe, kuidas muutunud maailmas edukas olla. Samuti r\u00e4\u00e4gib Piret Bristoli viies juturaamat romantiliste suhete v\u00f5imalikkusest katku ajal. Eluga rahulolematus on ainus edasiviiv j\u00f5ud, kui maailmas rullub lahti Hollywoodi&#8230;<\/p>\n","protected":false},"featured_media":138640,"template":"","meta":{"_acf_changed":false,"inline_featured_image":false},"product_brand":[],"product_cat":[2429],"product_tag":[],"series":[],"publisher":[{"id":2941,"name":"Vabam\u00f5tleja","slug":"vabamotleja"}],"class_list":{"0":"post-138615","1":"product","2":"type-product","3":"status-publish","4":"has-post-thumbnail","6":"product_cat-rpro-eesti","7":"publisher-vabamotleja","9":"first","10":"instock","11":"taxable","12":"shipping-taxable","13":"purchasable","14":"product-type-simple"},"acf":[],"_links":{"self":[{"href":"https:\/\/exlibris.ee\/en\/wp-json\/wp\/v2\/product\/138615","targetHints":{"allow":["GET"]}}],"collection":[{"href":"https:\/\/exlibris.ee\/en\/wp-json\/wp\/v2\/product"}],"about":[{"href":"https:\/\/exlibris.ee\/en\/wp-json\/wp\/v2\/types\/product"}],"wp:featuredmedia":[{"embeddable":true,"href":"https:\/\/exlibris.ee\/en\/wp-json\/wp\/v2\/media\/138640"}],"wp:attachment":[{"href":"https:\/\/exlibris.ee\/en\/wp-json\/wp\/v2\/media?parent=138615"}],"wp:term":[{"taxonomy":"product_brand","embeddable":true,"href":"https:\/\/exlibris.ee\/en\/wp-json\/wp\/v2\/product_brand?post=138615"},{"taxonomy":"product_cat","embeddable":true,"href":"https:\/\/exlibris.ee\/en\/wp-json\/wp\/v2\/product_cat?post=138615"},{"taxonomy":"product_tag","embeddable":true,"href":"https:\/\/exlibris.ee\/en\/wp-json\/wp\/v2\/product_tag?post=138615"},{"taxonomy":"series","embeddable":true,"href":"https:\/\/exlibris.ee\/en\/wp-json\/wp\/v2\/series?post=138615"},{"taxonomy":"publisher","embeddable":true,"href":"https:\/\/exlibris.ee\/en\/wp-json\/wp\/v2\/publisher?post=138615"}],"curies":[{"name":"wp","href":"https:\/\/api.w.org\/{rel}","templated":true}]}}