{"id":138618,"date":"2025-01-17T03:33:37","date_gmt":"2025-01-17T01:33:37","guid":{"rendered":"https:\/\/exlibris.ee\/toode\/metafuusiline-luul-vabamotlejad\/"},"modified":"2026-04-22T15:43:43","modified_gmt":"2026-04-22T12:43:43","slug":"metafuusiline-luul-vabamotlejad","status":"publish","type":"product","link":"https:\/\/exlibris.ee\/en\/product\/metafuusiline-luul-vabamotlejad\/","title":{"rendered":"Metaf\u00fc\u00fcsiline luul Vabam\u00f5tlejad"},"content":{"rendered":"<p>Madis K\u00f5ivu juubelikogumiku peamiseks r\u00f5huasetuseks on filosoofia, mis autorile omaselt p\u00f5imub kirjandusliku ja omaeluloolise ainesega. Raamat sisaldab k\u00e4sitlusi eesti filosoofiast, filosoofia ajaloost ning anal\u00fc\u00fctilisest filosoofiast. Lisaks sellele j\u00e4\u00e4b ka ruumi esseistlikele enesevaatlustele ning m\u00f5tteloolistele meenutustele. Kogumiku l\u00f5petavad kolm intervjuud autoriga. Raamat sisaldab ka k\u00e4sikirjadest p\u00e4rinevat materjali, mis ilmub tr\u00fckis esmakordselt.<\/p>\n","protected":false},"excerpt":{"rendered":"<p>Madis K\u00f5ivu juubelikogumiku peamiseks r\u00f5huasetuseks on filosoofia, mis autorile omaselt p\u00f5imub kirjandusliku ja omaeluloolise ainesega. Raamat sisaldab k\u00e4sitlusi eesti filosoofiast, filosoofia ajaloost ning anal\u00fc\u00fctilisest filosoofiast. Lisaks sellele j\u00e4\u00e4b ka ruumi esseistlikele enesevaatlustele ning m\u00f5tteloolistele meenutustele. Kogumiku l\u00f5petavad kolm intervjuud autoriga&#8230;.<\/p>\n","protected":false},"featured_media":138649,"template":"","meta":{"_acf_changed":false,"inline_featured_image":false},"product_brand":[],"product_cat":[2450],"product_tag":[],"series":[{"id":2940,"name":"Vabam\u00f5tlejad","slug":"vabamotlejad"}],"publisher":[{"id":2941,"name":"Vabam\u00f5tleja","slug":"vabamotleja"}],"class_list":{"0":"post-138618","1":"product","2":"type-product","3":"status-publish","4":"has-post-thumbnail","6":"product_cat-ruhi-eesti","7":"series-vabamotlejad","8":"publisher-vabamotleja","10":"first","11":"instock","12":"taxable","13":"shipping-taxable","14":"purchasable","15":"product-type-simple"},"acf":[],"_links":{"self":[{"href":"https:\/\/exlibris.ee\/en\/wp-json\/wp\/v2\/product\/138618","targetHints":{"allow":["GET"]}}],"collection":[{"href":"https:\/\/exlibris.ee\/en\/wp-json\/wp\/v2\/product"}],"about":[{"href":"https:\/\/exlibris.ee\/en\/wp-json\/wp\/v2\/types\/product"}],"wp:featuredmedia":[{"embeddable":true,"href":"https:\/\/exlibris.ee\/en\/wp-json\/wp\/v2\/media\/138649"}],"wp:attachment":[{"href":"https:\/\/exlibris.ee\/en\/wp-json\/wp\/v2\/media?parent=138618"}],"wp:term":[{"taxonomy":"product_brand","embeddable":true,"href":"https:\/\/exlibris.ee\/en\/wp-json\/wp\/v2\/product_brand?post=138618"},{"taxonomy":"product_cat","embeddable":true,"href":"https:\/\/exlibris.ee\/en\/wp-json\/wp\/v2\/product_cat?post=138618"},{"taxonomy":"product_tag","embeddable":true,"href":"https:\/\/exlibris.ee\/en\/wp-json\/wp\/v2\/product_tag?post=138618"},{"taxonomy":"series","embeddable":true,"href":"https:\/\/exlibris.ee\/en\/wp-json\/wp\/v2\/series?post=138618"},{"taxonomy":"publisher","embeddable":true,"href":"https:\/\/exlibris.ee\/en\/wp-json\/wp\/v2\/publisher?post=138618"}],"curies":[{"name":"wp","href":"https:\/\/api.w.org\/{rel}","templated":true}]}}